{"id":9813,"date":"2021-02-10T16:35:21","date_gmt":"2021-02-10T13:35:21","guid":{"rendered":"https:\/\/www.tazetrend.com\/?post_type=product&#038;p=9813"},"modified":"2021-08-09T20:07:22","modified_gmt":"2021-08-09T17:07:22","slug":"siyah-origami-karton-kutu-tasarimi","status":"publish","type":"product","link":"https:\/\/www.tazetrend.com\/?product=siyah-origami-karton-kutu-tasarimi","title":{"rendered":"Siyah Origami Karton Kutu Tasar\u0131m\u0131"},"content":{"rendered":"<p>Origami karton kutu tercihi sizin i\u00e7in de \u00e7ok \u00f6zel de\u011fil mi? O halde yapman\u0131z gereken sadece bu dikkat \u00e7ekici kutu tasar\u0131m\u0131na bir g\u00f6z atmak olacak! Mukavva kutu alternatifleri aras\u0131nda fark yaratan bu se\u00e7ene\u011fi siz de tercih etmelisiniz!<\/p>\n<p><iframe loading=\"lazy\" src=\"https:\/\/assets.pinterest.com\/ext\/embed.html?id=694539573783355502\" width=\"236\" height=\"336\" frameborder=\"0\" scrolling=\"no\"><\/iframe><\/p>\n","protected":false},"excerpt":{"rendered":"<p><strong>\u00dcr\u00fcn Kodu: TTB11<\/strong><\/p>\n<p><a href=\"https:\/\/www.tazetrend.com\/online-randevu\"><img decoding=\"async\" loading=\"lazy\" class=\"alignnone wp-image-11666 size-full\" src=\"https:\/\/www.tazetrend.com\/wp-content\/uploads\/2021\/02\/online-randevu-alin.jpg\" alt=\"online randevu\" width=\"400\" height=\"100\" \/><\/a><\/p>\n","protected":false},"featured_media":9827,"comment_status":"open","ping_status":"closed","template":"","meta":[],"product_cat":[151,142],"product_tag":[],"_links":{"self":[{"href":"https:\/\/www.tazetrend.com\/index.php?rest_route=\/wp\/v2\/product\/9813"}],"collection":[{"href":"https:\/\/www.tazetrend.com\/index.php?rest_route=\/wp\/v2\/product"}],"about":[{"href":"https:\/\/www.tazetrend.com\/index.php?rest_route=\/wp\/v2\/types\/product"}],"replies":[{"embeddable":true,"href":"https:\/\/www.tazetrend.com\/index.php?rest_route=%2Fwp%2Fv2%2Fcomments&post=9813"}],"wp:featuredmedia":[{"embeddable":true,"href":"https:\/\/www.tazetrend.com\/index.php?rest_route=\/wp\/v2\/media\/9827"}],"wp:attachment":[{"href":"https:\/\/www.tazetrend.com\/index.php?rest_route=%2Fwp%2Fv2%2Fmedia&parent=9813"}],"wp:term":[{"taxonomy":"product_cat","embeddable":true,"href":"https:\/\/www.tazetrend.com\/index.php?rest_route=%2Fwp%2Fv2%2Fproduct_cat&post=9813"},{"taxonomy":"product_tag","embeddable":true,"href":"https:\/\/www.tazetrend.com\/index.php?rest_route=%2Fwp%2Fv2%2Fproduct_tag&post=9813"}],"curies":[{"name":"wp","href":"https:\/\/api.w.org\/{rel}","templated":true}]}}