{"id":9812,"date":"2021-02-10T16:36:04","date_gmt":"2021-02-10T13:36:04","guid":{"rendered":"https:\/\/www.tazetrend.com\/?post_type=product&#038;p=9812"},"modified":"2021-08-09T20:07:12","modified_gmt":"2021-08-09T17:07:12","slug":"renkli-origami-karton-kutu-tasarimlari","status":"publish","type":"product","link":"https:\/\/www.tazetrend.com\/?product=renkli-origami-karton-kutu-tasarimlari","title":{"rendered":"Renkli Origami Karton Kutu Tasar\u0131mlar\u0131"},"content":{"rendered":"<p>Renkli karton kutu modeli ile siz de en ideal alternatiflerden faydalanmak ister misiniz? O halde kutu tasar\u0131m\u0131 ile dikkat \u00e7eken ve renkleri sayesinde sizi kendine a\u015f\u0131k edecek alternatiflerle tan\u0131\u015fmaya haz\u0131r olmal\u0131s\u0131n\u0131z. Bu kutular size uygun \u00e7\u00f6z\u00fcmler sunacak!<\/p>\n<p><iframe loading=\"lazy\" src=\"https:\/\/assets.pinterest.com\/ext\/embed.html?id=694539573783355801\" width=\"236\" height=\"336\" frameborder=\"0\" scrolling=\"no\"><\/iframe><\/p>\n","protected":false},"excerpt":{"rendered":"<p><strong>\u00dcr\u00fcn Kodu: TTB10<\/strong><\/p>\n<p><a href=\"https:\/\/www.tazetrend.com\/online-randevu\"><img decoding=\"async\" loading=\"lazy\" class=\"alignnone wp-image-11666 size-full\" src=\"https:\/\/www.tazetrend.com\/wp-content\/uploads\/2021\/02\/online-randevu-alin.jpg\" alt=\"online randevu\" width=\"400\" height=\"100\" \/><\/a><\/p>\n","protected":false},"featured_media":9821,"comment_status":"open","ping_status":"closed","template":"","meta":[],"product_cat":[151,142],"product_tag":[],"_links":{"self":[{"href":"https:\/\/www.tazetrend.com\/index.php?rest_route=\/wp\/v2\/product\/9812"}],"collection":[{"href":"https:\/\/www.tazetrend.com\/index.php?rest_route=\/wp\/v2\/product"}],"about":[{"href":"https:\/\/www.tazetrend.com\/index.php?rest_route=\/wp\/v2\/types\/product"}],"replies":[{"embeddable":true,"href":"https:\/\/www.tazetrend.com\/index.php?rest_route=%2Fwp%2Fv2%2Fcomments&post=9812"}],"wp:featuredmedia":[{"embeddable":true,"href":"https:\/\/www.tazetrend.com\/index.php?rest_route=\/wp\/v2\/media\/9821"}],"wp:attachment":[{"href":"https:\/\/www.tazetrend.com\/index.php?rest_route=%2Fwp%2Fv2%2Fmedia&parent=9812"}],"wp:term":[{"taxonomy":"product_cat","embeddable":true,"href":"https:\/\/www.tazetrend.com\/index.php?rest_route=%2Fwp%2Fv2%2Fproduct_cat&post=9812"},{"taxonomy":"product_tag","embeddable":true,"href":"https:\/\/www.tazetrend.com\/index.php?rest_route=%2Fwp%2Fv2%2Fproduct_tag&post=9812"}],"curies":[{"name":"wp","href":"https:\/\/api.w.org\/{rel}","templated":true}]}}