{"id":9773,"date":"2021-02-09T14:51:33","date_gmt":"2021-02-09T11:51:33","guid":{"rendered":"https:\/\/www.tazetrend.com\/?post_type=product&#038;p=9773"},"modified":"2021-08-09T20:09:27","modified_gmt":"2021-08-09T17:09:27","slug":"origami-kutu-tasarimlari","status":"publish","type":"product","link":"https:\/\/www.tazetrend.com\/?product=origami-kutu-tasarimlari","title":{"rendered":"Origami Kutu Tasar\u0131mlar\u0131"},"content":{"rendered":"<p>Origami kutular\u0131 ile size en uygun se\u00e7enekleri yakalayabileceksiniz. \u00c7\u00fcnk\u00fc bu kutular sadece renkleri ile de\u011fil ayn\u0131 zamanda farkl\u0131 boyutlar\u0131 sayesinde de ad\u0131ndan s\u00f6z ettirmeyi ba\u015far\u0131yor. Bu nedenle de kaliteden yana tercih kullanmak ad\u0131na size sadece origami mukavva kutular aras\u0131ndan bir se\u00e7im yapmak kal\u0131yor!<\/p>\n<p><iframe loading=\"lazy\" src=\"https:\/\/assets.pinterest.com\/ext\/embed.html?id=694539573783310929\" width=\"236\" height=\"336\" frameborder=\"0\" scrolling=\"no\"><\/iframe><\/p>\n<p>&nbsp;<\/p>\n","protected":false},"excerpt":{"rendered":"<p><strong>\u00dcr\u00fcn Kodu: TTB07<\/strong><\/p>\n<p><a href=\"https:\/\/www.tazetrend.com\/online-randevu\"><img decoding=\"async\" loading=\"lazy\" class=\"alignnone wp-image-11666 size-full\" src=\"https:\/\/www.tazetrend.com\/wp-content\/uploads\/2021\/02\/online-randevu-alin.jpg\" alt=\"online randevu\" width=\"400\" height=\"100\" \/><\/a><\/p>\n","protected":false},"featured_media":9768,"comment_status":"open","ping_status":"closed","template":"","meta":[],"product_cat":[151,142],"product_tag":[],"_links":{"self":[{"href":"https:\/\/www.tazetrend.com\/index.php?rest_route=\/wp\/v2\/product\/9773"}],"collection":[{"href":"https:\/\/www.tazetrend.com\/index.php?rest_route=\/wp\/v2\/product"}],"about":[{"href":"https:\/\/www.tazetrend.com\/index.php?rest_route=\/wp\/v2\/types\/product"}],"replies":[{"embeddable":true,"href":"https:\/\/www.tazetrend.com\/index.php?rest_route=%2Fwp%2Fv2%2Fcomments&post=9773"}],"wp:featuredmedia":[{"embeddable":true,"href":"https:\/\/www.tazetrend.com\/index.php?rest_route=\/wp\/v2\/media\/9768"}],"wp:attachment":[{"href":"https:\/\/www.tazetrend.com\/index.php?rest_route=%2Fwp%2Fv2%2Fmedia&parent=9773"}],"wp:term":[{"taxonomy":"product_cat","embeddable":true,"href":"https:\/\/www.tazetrend.com\/index.php?rest_route=%2Fwp%2Fv2%2Fproduct_cat&post=9773"},{"taxonomy":"product_tag","embeddable":true,"href":"https:\/\/www.tazetrend.com\/index.php?rest_route=%2Fwp%2Fv2%2Fproduct_tag&post=9773"}],"curies":[{"name":"wp","href":"https:\/\/api.w.org\/{rel}","templated":true}]}}