{"id":9694,"date":"2021-02-06T10:19:18","date_gmt":"2021-02-06T07:19:18","guid":{"rendered":"https:\/\/www.tazetrend.com\/?post_type=product&#038;p=9694"},"modified":"2021-08-09T20:11:27","modified_gmt":"2021-08-09T17:11:27","slug":"tazetrend-covid-maske-ve-dezenfektan-seti","status":"publish","type":"product","link":"https:\/\/www.tazetrend.com\/?product=tazetrend-covid-maske-ve-dezenfektan-seti","title":{"rendered":"Tazetrend Covid Maske ve Dezenfektan Seti"},"content":{"rendered":"<p><span data-sheets-value=\"{&quot;1&quot;:2,&quot;2&quot;:&quot;COVID maske ve dezenfektan seti ile pandemi d\u00f6neminde b\u00fct\u00fcn ihtiya\u00e7lar\u0131n\u0131za \u00e7\u00f6z\u00fcm \u00fcretecek alternatiflerden fayda sa\u011flayabilirsiniz. \u00d6zellikle de kaliteden yana tercih kullanmak ad\u0131na gerekli olan bu \u00fcr\u00fcnle en ideal alternatiflere kap\u0131 aralayabileceksiniz.&quot;}\" data-sheets-userformat=\"{&quot;2&quot;:14337,&quot;3&quot;:{&quot;1&quot;:0,&quot;3&quot;:1},&quot;14&quot;:{&quot;1&quot;:3,&quot;3&quot;:1},&quot;15&quot;:&quot;Calibri&quot;,&quot;16&quot;:10}\">COVID maske ve dezenfektan seti ile pandemi d\u00f6neminde b\u00fct\u00fcn ihtiya\u00e7lar\u0131n\u0131za \u00e7\u00f6z\u00fcm \u00fcretecek alternatiflerden fayda sa\u011flayabilirsiniz. \u00d6zellikle de kaliteden yana tercih kullanmak ad\u0131na gerekli olan bu \u00fcr\u00fcnle en ideal alternatiflere kap\u0131 aralayabileceksiniz.<\/span><\/p>\n","protected":false},"excerpt":{"rendered":"<p><strong>\u00dcr\u00fcn Kodu: SKB01<\/strong><\/p>\n<p><img decoding=\"async\" loading=\"lazy\" class=\"alignnone wp-image-10895 size-medium\" src=\"https:\/\/www.tazetrend.com\/wp-content\/uploads\/2021\/03\/kutu-olculeri-300x300.png\" alt=\"\" width=\"40\" height=\"40\" \/>Kutu \u00d6l\u00e7\u00fcs\u00fc: 21.5cm*20cm*8cm(y\u00fckseklik)<br \/>\n<img decoding=\"async\" loading=\"lazy\" class=\"alignnone size-full wp-image-10538\" src=\"https:\/\/www.tazetrend.com\/wp-content\/uploads\/2020\/12\/open-box.png\" alt=\"\" width=\"30\" height=\"30\" \/>\u00a0 Bristol Karton Malzeme + \u00d6zel Tasar\u0131m<br \/>\n<img decoding=\"async\" loading=\"lazy\" class=\"alignnone size-medium wp-image-10891\" src=\"https:\/\/www.tazetrend.com\/wp-content\/uploads\/2021\/03\/cmyk-renk-baski-300x300.png\" alt=\"\" width=\"40\" height=\"40\" srcset=\"https:\/\/www.tazetrend.com\/wp-content\/uploads\/2021\/03\/cmyk-renk-baski-300x300.png 300w, https:\/\/www.tazetrend.com\/wp-content\/uploads\/2021\/03\/cmyk-renk-baski-1024x1024.png 1024w, https:\/\/www.tazetrend.com\/wp-content\/uploads\/2021\/03\/cmyk-renk-baski-150x150.png 150w, https:\/\/www.tazetrend.com\/wp-content\/uploads\/2021\/03\/cmyk-renk-baski-768x768.png 768w, https:\/\/www.tazetrend.com\/wp-content\/uploads\/2021\/03\/cmyk-renk-baski-650x650.png 650w, https:\/\/www.tazetrend.com\/wp-content\/uploads\/2021\/03\/cmyk-renk-baski-1300x1300.png 1300w, https:\/\/www.tazetrend.com\/wp-content\/uploads\/2021\/03\/cmyk-renk-baski-600x600.png 600w, https:\/\/www.tazetrend.com\/wp-content\/uploads\/2021\/03\/cmyk-renk-baski-100x100.png 100w, https:\/\/www.tazetrend.com\/wp-content\/uploads\/2021\/03\/cmyk-renk-baski-64x64.png 64w, https:\/\/www.tazetrend.com\/wp-content\/uploads\/2021\/03\/cmyk-renk-baski.png 1422w\" sizes=\"(max-width: 40px) 100vw, 40px\" \/>Renkli Bask\u0131<br \/>\n<img decoding=\"async\" loading=\"lazy\" class=\"alignnone wp-image-10530\" src=\"https:\/\/www.tazetrend.com\/wp-content\/uploads\/2020\/12\/zaman-300x226.png\" alt=\"\" width=\"32\" height=\"32\" srcset=\"https:\/\/www.tazetrend.com\/wp-content\/uploads\/2020\/12\/zaman-150x150.png 150w, https:\/\/www.tazetrend.com\/wp-content\/uploads\/2020\/12\/zaman-650x650.png 650w, https:\/\/www.tazetrend.com\/wp-content\/uploads\/2020\/12\/zaman-1300x1300.png 1300w, https:\/\/www.tazetrend.com\/wp-content\/uploads\/2020\/12\/zaman-300x300.png 300w, https:\/\/www.tazetrend.com\/wp-content\/uploads\/2020\/12\/zaman-100x100.png 100w\" sizes=\"(max-width: 32px) 100vw, 32px\" \/>\u00a0 H\u0131zl\u0131 \u00dcretim S\u00fcresi<br \/>\n<img decoding=\"async\" loading=\"lazy\" class=\"alignnone wp-image-10533\" src=\"https:\/\/www.tazetrend.com\/wp-content\/uploads\/2020\/12\/save-the-planet-300x300.png\" alt=\"\" width=\"32\" height=\"32\" srcset=\"https:\/\/www.tazetrend.com\/wp-content\/uploads\/2020\/12\/save-the-planet-300x300.png 300w, https:\/\/www.tazetrend.com\/wp-content\/uploads\/2020\/12\/save-the-planet-150x150.png 150w, https:\/\/www.tazetrend.com\/wp-content\/uploads\/2020\/12\/save-the-planet-100x100.png 100w, https:\/\/www.tazetrend.com\/wp-content\/uploads\/2020\/12\/save-the-planet-64x64.png 64w, https:\/\/www.tazetrend.com\/wp-content\/uploads\/2020\/12\/save-the-planet.png 512w\" sizes=\"(max-width: 32px) 100vw, 32px\" \/>\u00a0 Do\u011fa Dostu Bask\u0131 Merkezi<\/p>\n<p><a href=\"https:\/\/www.tazetrend.com\/online-randevu\"><img decoding=\"async\" loading=\"lazy\" class=\"alignnone wp-image-11666 size-full\" src=\"https:\/\/www.tazetrend.com\/wp-content\/uploads\/2021\/02\/online-randevu-alin.jpg\" alt=\"online randevu\" width=\"400\" height=\"100\" \/><\/a><\/p>\n","protected":false},"featured_media":9690,"comment_status":"open","ping_status":"closed","template":"","meta":[],"product_cat":[160],"product_tag":[],"_links":{"self":[{"href":"https:\/\/www.tazetrend.com\/index.php?rest_route=\/wp\/v2\/product\/9694"}],"collection":[{"href":"https:\/\/www.tazetrend.com\/index.php?rest_route=\/wp\/v2\/product"}],"about":[{"href":"https:\/\/www.tazetrend.com\/index.php?rest_route=\/wp\/v2\/types\/product"}],"replies":[{"embeddable":true,"href":"https:\/\/www.tazetrend.com\/index.php?rest_route=%2Fwp%2Fv2%2Fcomments&post=9694"}],"wp:featuredmedia":[{"embeddable":true,"href":"https:\/\/www.tazetrend.com\/index.php?rest_route=\/wp\/v2\/media\/9690"}],"wp:attachment":[{"href":"https:\/\/www.tazetrend.com\/index.php?rest_route=%2Fwp%2Fv2%2Fmedia&parent=9694"}],"wp:term":[{"taxonomy":"product_cat","embeddable":true,"href":"https:\/\/www.tazetrend.com\/index.php?rest_route=%2Fwp%2Fv2%2Fproduct_cat&post=9694"},{"taxonomy":"product_tag","embeddable":true,"href":"https:\/\/www.tazetrend.com\/index.php?rest_route=%2Fwp%2Fv2%2Fproduct_tag&post=9694"}],"curies":[{"name":"wp","href":"https:\/\/api.w.org\/{rel}","templated":true}]}}