{"id":9666,"date":"2021-02-05T15:37:11","date_gmt":"2021-02-05T12:37:11","guid":{"rendered":"https:\/\/www.tazetrend.com\/?post_type=product&#038;p=9666"},"modified":"2021-12-10T11:51:23","modified_gmt":"2021-12-10T08:51:23","slug":"sevgililer-gunu-seker-formunda-hediye-kutusu","status":"publish","type":"product","link":"https:\/\/www.tazetrend.com\/?product=sevgililer-gunu-seker-formunda-hediye-kutusu","title":{"rendered":"Sevgililer G\u00fcn\u00fc \u015eeker Formunda Hediye Kutusu"},"content":{"rendered":"<p><span data-sheets-value=\"{&quot;1&quot;:2,&quot;2&quot;:&quot;\u015eeker gibi bir sevgiliniz varsa \u015feker tasar\u0131m\u0131nda ki bu kutu ile hediyenizi en iyi \u015fekilde verebilirsiniz. Sevdi\u011finizi mutlu etmek ve kendini \u00f6zel hissetmesini sa\u011flamak i\u00e7in bu e\u015fsiz kutu modelini tercih edebilirsiniz. &quot;}\" data-sheets-userformat=\"{&quot;2&quot;:14337,&quot;3&quot;:{&quot;1&quot;:0,&quot;3&quot;:1},&quot;14&quot;:{&quot;1&quot;:3,&quot;3&quot;:1},&quot;15&quot;:&quot;Calibri&quot;,&quot;16&quot;:10}\">\u015eeker gibi bir sevgiliniz varsa \u015feker tasar\u0131m\u0131nda ki bu kutu ile hediyenizi en iyi \u015fekilde verebilirsiniz. Sevdi\u011finizi mutlu etmek ve kendini \u00f6zel hissetmesini sa\u011flamak i\u00e7in bu e\u015fsiz kutu modelini tercih edebilirsiniz. <\/span><\/p>\n<p><iframe loading=\"lazy\" title=\"YouTube video player\" src=\"https:\/\/www.youtube.com\/embed\/Ze5m8Opgmig\" width=\"560\" height=\"315\" frameborder=\"0\" allowfullscreen=\"allowfullscreen\"><\/iframe><\/p>\n<p><iframe loading=\"lazy\" src=\"https:\/\/assets.pinterest.com\/ext\/embed.html?id=694539573783154324\" width=\"236\" height=\"336\" frameborder=\"0\" scrolling=\"no\"><\/iframe><\/p>\n","protected":false},"excerpt":{"rendered":"<p><strong>\u00dcr\u00fcn Kodu: TTB14<\/strong><\/p>\n<p><a href=\"https:\/\/www.tazetrend.com\/online-randevu\"><img decoding=\"async\" loading=\"lazy\" class=\"alignnone wp-image-11666 size-full\" src=\"https:\/\/www.tazetrend.com\/wp-content\/uploads\/2021\/02\/online-randevu-alin.jpg\" alt=\"online randevu\" width=\"400\" height=\"100\" \/><\/a><\/p>\n<p><strong>Kutu \u00d6l\u00e7\u00fcs\u00fc:<\/strong> 33,5cm*7,5cm(y\u00fckseklik)<\/p>\n","protected":false},"featured_media":9638,"comment_status":"open","ping_status":"closed","template":"","meta":[],"product_cat":[140,151,166],"product_tag":[],"_links":{"self":[{"href":"https:\/\/www.tazetrend.com\/index.php?rest_route=\/wp\/v2\/product\/9666"}],"collection":[{"href":"https:\/\/www.tazetrend.com\/index.php?rest_route=\/wp\/v2\/product"}],"about":[{"href":"https:\/\/www.tazetrend.com\/index.php?rest_route=\/wp\/v2\/types\/product"}],"replies":[{"embeddable":true,"href":"https:\/\/www.tazetrend.com\/index.php?rest_route=%2Fwp%2Fv2%2Fcomments&post=9666"}],"wp:featuredmedia":[{"embeddable":true,"href":"https:\/\/www.tazetrend.com\/index.php?rest_route=\/wp\/v2\/media\/9638"}],"wp:attachment":[{"href":"https:\/\/www.tazetrend.com\/index.php?rest_route=%2Fwp%2Fv2%2Fmedia&parent=9666"}],"wp:term":[{"taxonomy":"product_cat","embeddable":true,"href":"https:\/\/www.tazetrend.com\/index.php?rest_route=%2Fwp%2Fv2%2Fproduct_cat&post=9666"},{"taxonomy":"product_tag","embeddable":true,"href":"https:\/\/www.tazetrend.com\/index.php?rest_route=%2Fwp%2Fv2%2Fproduct_tag&post=9666"}],"curies":[{"name":"wp","href":"https:\/\/api.w.org\/{rel}","templated":true}]}}