{"id":8840,"date":"2021-01-08T12:50:33","date_gmt":"2021-01-08T09:50:33","guid":{"rendered":"https:\/\/www.tazetrend.com\/?post_type=product&#038;p=8840"},"modified":"2021-08-09T20:34:28","modified_gmt":"2021-08-09T17:34:28","slug":"iodes-marka-mukavva-kutu","status":"publish","type":"product","link":"https:\/\/www.tazetrend.com\/?product=iodes-marka-mukavva-kutu","title":{"rendered":"\u0130odes Marka Mukavva Kutu"},"content":{"rendered":"<p><span data-sheets-value=\"{&quot;1&quot;:2,&quot;2&quot;:&quot;Farkl\u0131 renkte m\u0131knat\u0131sl\u0131 kutu modeli ile en kaliteli se\u00e7enekleri yakalamaya ne dersiniz? Kutu tasar\u0131m\u0131 ve kaliteli mukavva kullan\u0131m\u0131 sayesinde bu kutular\u0131 siz de \u00e7ok be\u011feneceksiniz. \u0130odes marka mukavva kutuya hemen g\u00f6z atabilirsiniz. &quot;}\" data-sheets-userformat=\"{&quot;2&quot;:14337,&quot;3&quot;:{&quot;1&quot;:0,&quot;3&quot;:1},&quot;14&quot;:{&quot;1&quot;:3,&quot;3&quot;:1},&quot;15&quot;:&quot;Calibri&quot;,&quot;16&quot;:10}\">Farkl\u0131 renkte m\u0131knat\u0131sl\u0131 kutu modeli ile en kaliteli se\u00e7enekleri yakalamaya ne dersiniz? Kutu tasar\u0131m\u0131 ve kaliteli mukavva kullan\u0131m\u0131 sayesinde bu kutular\u0131 siz de \u00e7ok be\u011feneceksiniz. \u0130odes marka mukavva kutuya hemen g\u00f6z atabilirsiniz. <\/span><\/p>\n<p><iframe loading=\"lazy\" src=\"https:\/\/assets.pinterest.com\/ext\/embed.html?id=694539573782536286\" width=\"236\" height=\"336\" frameborder=\"0\" scrolling=\"no\"><\/iframe><\/p>\n","protected":false},"excerpt":{"rendered":"<p><strong>\u00dcr\u00fcn Kodu: \u00dcKM15<\/strong><\/p>\n<p><img decoding=\"async\" loading=\"lazy\" class=\"alignnone wp-image-10895 size-medium\" src=\"https:\/\/www.tazetrend.com\/wp-content\/uploads\/2021\/03\/kutu-olculeri-300x300.png\" alt=\"\" width=\"40\" height=\"40\" \/>Kutu \u00d6l\u00e7\u00fcleri<\/p>\n<ul>\n<li>B\u00fcy\u00fck Boy: 30cm*20cm*8cm(y\u00fckseklik)<\/li>\n<li>K\u00fc\u00e7\u00fck Boy: 15cm*15cm*5cm(y\u00fckseklik)<\/li>\n<\/ul>\n<p><img decoding=\"async\" loading=\"lazy\" class=\"alignnone size-full wp-image-10538\" src=\"https:\/\/www.tazetrend.com\/wp-content\/uploads\/2020\/12\/open-box.png\" alt=\"\" width=\"30\" height=\"30\" \/>\u00a0 Mukavva Malzeme + Kutu Kapak Modeli<br \/>\n<img decoding=\"async\" loading=\"lazy\" class=\"alignnone size-medium wp-image-10891\" src=\"https:\/\/www.tazetrend.com\/wp-content\/uploads\/2021\/03\/cmyk-renk-baski-300x300.png\" alt=\"\" width=\"40\" height=\"40\" srcset=\"https:\/\/www.tazetrend.com\/wp-content\/uploads\/2021\/03\/cmyk-renk-baski-300x300.png 300w, https:\/\/www.tazetrend.com\/wp-content\/uploads\/2021\/03\/cmyk-renk-baski-1024x1024.png 1024w, https:\/\/www.tazetrend.com\/wp-content\/uploads\/2021\/03\/cmyk-renk-baski-150x150.png 150w, https:\/\/www.tazetrend.com\/wp-content\/uploads\/2021\/03\/cmyk-renk-baski-768x768.png 768w, https:\/\/www.tazetrend.com\/wp-content\/uploads\/2021\/03\/cmyk-renk-baski-650x650.png 650w, https:\/\/www.tazetrend.com\/wp-content\/uploads\/2021\/03\/cmyk-renk-baski-1300x1300.png 1300w, https:\/\/www.tazetrend.com\/wp-content\/uploads\/2021\/03\/cmyk-renk-baski-600x600.png 600w, https:\/\/www.tazetrend.com\/wp-content\/uploads\/2021\/03\/cmyk-renk-baski-100x100.png 100w, https:\/\/www.tazetrend.com\/wp-content\/uploads\/2021\/03\/cmyk-renk-baski-64x64.png 64w, https:\/\/www.tazetrend.com\/wp-content\/uploads\/2021\/03\/cmyk-renk-baski.png 1422w\" sizes=\"(max-width: 40px) 100vw, 40px\" \/>Renkli Bask\u0131<br \/>\n<img decoding=\"async\" loading=\"lazy\" class=\"alignnone wp-image-10530\" src=\"https:\/\/www.tazetrend.com\/wp-content\/uploads\/2020\/12\/zaman-300x226.png\" alt=\"\" width=\"32\" height=\"32\" srcset=\"https:\/\/www.tazetrend.com\/wp-content\/uploads\/2020\/12\/zaman-150x150.png 150w, https:\/\/www.tazetrend.com\/wp-content\/uploads\/2020\/12\/zaman-650x650.png 650w, https:\/\/www.tazetrend.com\/wp-content\/uploads\/2020\/12\/zaman-1300x1300.png 1300w, https:\/\/www.tazetrend.com\/wp-content\/uploads\/2020\/12\/zaman-300x300.png 300w, https:\/\/www.tazetrend.com\/wp-content\/uploads\/2020\/12\/zaman-100x100.png 100w\" sizes=\"(max-width: 32px) 100vw, 32px\" \/>\u00a0 H\u0131zl\u0131 \u00dcretim S\u00fcresi<br \/>\n<img decoding=\"async\" loading=\"lazy\" class=\"alignnone wp-image-10533\" src=\"https:\/\/www.tazetrend.com\/wp-content\/uploads\/2020\/12\/save-the-planet-300x300.png\" alt=\"\" width=\"32\" height=\"32\" srcset=\"https:\/\/www.tazetrend.com\/wp-content\/uploads\/2020\/12\/save-the-planet-300x300.png 300w, https:\/\/www.tazetrend.com\/wp-content\/uploads\/2020\/12\/save-the-planet-150x150.png 150w, https:\/\/www.tazetrend.com\/wp-content\/uploads\/2020\/12\/save-the-planet-100x100.png 100w, https:\/\/www.tazetrend.com\/wp-content\/uploads\/2020\/12\/save-the-planet-64x64.png 64w, https:\/\/www.tazetrend.com\/wp-content\/uploads\/2020\/12\/save-the-planet.png 512w\" sizes=\"(max-width: 32px) 100vw, 32px\" \/>\u00a0 Do\u011fa Dostu Bask\u0131 Merkezi<\/p>\n<p><a href=\"https:\/\/www.tazetrend.com\/online-randevu\"><img decoding=\"async\" loading=\"lazy\" class=\"alignnone wp-image-11666 size-full\" src=\"https:\/\/www.tazetrend.com\/wp-content\/uploads\/2021\/02\/online-randevu-alin.jpg\" alt=\"online randevu\" width=\"400\" height=\"100\" \/><\/a><\/p>\n","protected":false},"featured_media":8792,"comment_status":"open","ping_status":"closed","template":"","meta":[],"product_cat":[103],"product_tag":[],"_links":{"self":[{"href":"https:\/\/www.tazetrend.com\/index.php?rest_route=\/wp\/v2\/product\/8840"}],"collection":[{"href":"https:\/\/www.tazetrend.com\/index.php?rest_route=\/wp\/v2\/product"}],"about":[{"href":"https:\/\/www.tazetrend.com\/index.php?rest_route=\/wp\/v2\/types\/product"}],"replies":[{"embeddable":true,"href":"https:\/\/www.tazetrend.com\/index.php?rest_route=%2Fwp%2Fv2%2Fcomments&post=8840"}],"wp:featuredmedia":[{"embeddable":true,"href":"https:\/\/www.tazetrend.com\/index.php?rest_route=\/wp\/v2\/media\/8792"}],"wp:attachment":[{"href":"https:\/\/www.tazetrend.com\/index.php?rest_route=%2Fwp%2Fv2%2Fmedia&parent=8840"}],"wp:term":[{"taxonomy":"product_cat","embeddable":true,"href":"https:\/\/www.tazetrend.com\/index.php?rest_route=%2Fwp%2Fv2%2Fproduct_cat&post=8840"},{"taxonomy":"product_tag","embeddable":true,"href":"https:\/\/www.tazetrend.com\/index.php?rest_route=%2Fwp%2Fv2%2Fproduct_tag&post=8840"}],"curies":[{"name":"wp","href":"https:\/\/api.w.org\/{rel}","templated":true}]}}