{"id":7975,"date":"2020-12-24T21:25:53","date_gmt":"2020-12-24T21:25:53","guid":{"rendered":"https:\/\/www.tazetrend.com\/?post_type=product&#038;p=7975"},"modified":"2025-06-30T14:11:42","modified_gmt":"2025-06-30T11:11:42","slug":"bodrum-babies-marka-bebek-urun-kutusu","status":"publish","type":"product","link":"https:\/\/www.tazetrend.com\/?product=bodrum-babies-marka-bebek-urun-kutusu","title":{"rendered":"Bodrum Babies Marka Bebek \u00dcr\u00fcn Kutusu"},"content":{"rendered":"<p><span data-sheets-value=\"{&quot;1&quot;:2,&quot;2&quot;:&quot;Farkl\u0131 tasar\u0131m\u0131yla dikkat \u00e7eken bir kutu tasar\u0131m\u0131 m\u0131 istiyorsunuz? Bodrum Babies marka bebek \u00fcr\u00fcn kutusu bu ihtiyac\u0131n\u0131za cevap vermeyi ba\u015faracak! \u00dcstelik beyaz ve di\u011fer renklerle harika bir uyum yakalamay\u0131 da sa\u011flayarak beklentilerinizin \u00fczerinde \u00e7\u00f6z\u00fcmler sa\u011flayacak!&quot;}\" data-sheets-userformat=\"{&quot;2&quot;:14337,&quot;3&quot;:{&quot;1&quot;:0,&quot;3&quot;:1},&quot;14&quot;:{&quot;1&quot;:3,&quot;3&quot;:1},&quot;15&quot;:&quot;Calibri&quot;,&quot;16&quot;:10}\">Farkl\u0131 tasar\u0131m\u0131yla dikkat \u00e7eken bir kutu tasar\u0131m\u0131 m\u0131 istiyorsunuz? Bodrum Babies marka bebek \u00fcr\u00fcn kutusu bu ihtiyac\u0131n\u0131za cevap vermeyi ba\u015faracak! \u00dcstelik beyaz ve di\u011fer renklerle harika bir uyum yakalamay\u0131 da sa\u011flayarak beklentilerinizin \u00fczerinde \u00e7\u00f6z\u00fcmler sa\u011flayacak!<\/span><\/p>\n<p><iframe loading=\"lazy\" src=\"https:\/\/assets.pinterest.com\/ext\/embed.html?id=694539573782540906\" width=\"236\" height=\"336\" frameborder=\"0\" scrolling=\"no\"><\/iframe><\/p>\n","protected":false},"excerpt":{"rendered":"<p><strong>\u00dcr\u00fcn Kodu: \u00dcKB01<\/strong><\/p>\n<p><img decoding=\"async\" loading=\"lazy\" class=\"alignnone wp-image-10895 size-medium\" src=\"https:\/\/www.tazetrend.com\/wp-content\/uploads\/2021\/03\/kutu-olculeri-300x300.png\" alt=\"\" width=\"40\" height=\"40\" \/>Kutu \u00d6l\u00e7\u00fcs\u00fc: 20cm*20cm*10cm(y\u00fckseklik)<br \/>\n<img decoding=\"async\" loading=\"lazy\" class=\"alignnone size-full wp-image-10538\" src=\"https:\/\/www.tazetrend.com\/wp-content\/uploads\/2020\/12\/open-box.png\" alt=\"\" width=\"30\" height=\"30\" \/>\u00a0 Karton Malzeme + Kendinden Kapakl\u0131 Model<br \/>\n<img decoding=\"async\" loading=\"lazy\" class=\"alignnone size-medium wp-image-10891\" src=\"https:\/\/www.tazetrend.com\/wp-content\/uploads\/2021\/03\/cmyk-renk-baski-300x300.png\" alt=\"\" width=\"40\" height=\"40\" srcset=\"https:\/\/www.tazetrend.com\/wp-content\/uploads\/2021\/03\/cmyk-renk-baski-300x300.png 300w, https:\/\/www.tazetrend.com\/wp-content\/uploads\/2021\/03\/cmyk-renk-baski-1024x1024.png 1024w, https:\/\/www.tazetrend.com\/wp-content\/uploads\/2021\/03\/cmyk-renk-baski-150x150.png 150w, https:\/\/www.tazetrend.com\/wp-content\/uploads\/2021\/03\/cmyk-renk-baski-768x768.png 768w, https:\/\/www.tazetrend.com\/wp-content\/uploads\/2021\/03\/cmyk-renk-baski-650x650.png 650w, https:\/\/www.tazetrend.com\/wp-content\/uploads\/2021\/03\/cmyk-renk-baski-1300x1300.png 1300w, https:\/\/www.tazetrend.com\/wp-content\/uploads\/2021\/03\/cmyk-renk-baski-600x600.png 600w, https:\/\/www.tazetrend.com\/wp-content\/uploads\/2021\/03\/cmyk-renk-baski-100x100.png 100w, https:\/\/www.tazetrend.com\/wp-content\/uploads\/2021\/03\/cmyk-renk-baski-64x64.png 64w, https:\/\/www.tazetrend.com\/wp-content\/uploads\/2021\/03\/cmyk-renk-baski.png 1422w\" sizes=\"(max-width: 40px) 100vw, 40px\" \/>Renkli Bask\u0131<br \/>\n<img decoding=\"async\" loading=\"lazy\" class=\"alignnone wp-image-10530\" src=\"https:\/\/www.tazetrend.com\/wp-content\/uploads\/2020\/12\/zaman-300x226.png\" alt=\"\" width=\"32\" height=\"32\" srcset=\"https:\/\/www.tazetrend.com\/wp-content\/uploads\/2020\/12\/zaman-150x150.png 150w, https:\/\/www.tazetrend.com\/wp-content\/uploads\/2020\/12\/zaman-650x650.png 650w, https:\/\/www.tazetrend.com\/wp-content\/uploads\/2020\/12\/zaman-1300x1300.png 1300w, https:\/\/www.tazetrend.com\/wp-content\/uploads\/2020\/12\/zaman-300x300.png 300w, https:\/\/www.tazetrend.com\/wp-content\/uploads\/2020\/12\/zaman-100x100.png 100w\" sizes=\"(max-width: 32px) 100vw, 32px\" \/>\u00a0 H\u0131zl\u0131 \u00dcretim S\u00fcresi<br \/>\n<img decoding=\"async\" loading=\"lazy\" class=\"alignnone wp-image-10533\" src=\"https:\/\/www.tazetrend.com\/wp-content\/uploads\/2020\/12\/save-the-planet-300x300.png\" alt=\"\" width=\"32\" height=\"32\" srcset=\"https:\/\/www.tazetrend.com\/wp-content\/uploads\/2020\/12\/save-the-planet-300x300.png 300w, https:\/\/www.tazetrend.com\/wp-content\/uploads\/2020\/12\/save-the-planet-150x150.png 150w, https:\/\/www.tazetrend.com\/wp-content\/uploads\/2020\/12\/save-the-planet-100x100.png 100w, https:\/\/www.tazetrend.com\/wp-content\/uploads\/2020\/12\/save-the-planet-64x64.png 64w, https:\/\/www.tazetrend.com\/wp-content\/uploads\/2020\/12\/save-the-planet.png 512w\" sizes=\"(max-width: 32px) 100vw, 32px\" \/>\u00a0 Do\u011fa Dostu Bask\u0131 Merkezi<\/p>\n<p><a href=\"https:\/\/www.tazetrend.com\/online-randevu\"><img decoding=\"async\" loading=\"lazy\" class=\"alignnone wp-image-11666 size-full\" src=\"https:\/\/www.tazetrend.com\/wp-content\/uploads\/2021\/02\/online-randevu-alin.jpg\" alt=\"online randevu\" width=\"400\" height=\"100\" \/><\/a><\/p>\n","protected":false},"featured_media":7976,"comment_status":"open","ping_status":"closed","template":"","meta":[],"product_cat":[138],"product_tag":[],"_links":{"self":[{"href":"https:\/\/www.tazetrend.com\/index.php?rest_route=\/wp\/v2\/product\/7975"}],"collection":[{"href":"https:\/\/www.tazetrend.com\/index.php?rest_route=\/wp\/v2\/product"}],"about":[{"href":"https:\/\/www.tazetrend.com\/index.php?rest_route=\/wp\/v2\/types\/product"}],"replies":[{"embeddable":true,"href":"https:\/\/www.tazetrend.com\/index.php?rest_route=%2Fwp%2Fv2%2Fcomments&post=7975"}],"wp:featuredmedia":[{"embeddable":true,"href":"https:\/\/www.tazetrend.com\/index.php?rest_route=\/wp\/v2\/media\/7976"}],"wp:attachment":[{"href":"https:\/\/www.tazetrend.com\/index.php?rest_route=%2Fwp%2Fv2%2Fmedia&parent=7975"}],"wp:term":[{"taxonomy":"product_cat","embeddable":true,"href":"https:\/\/www.tazetrend.com\/index.php?rest_route=%2Fwp%2Fv2%2Fproduct_cat&post=7975"},{"taxonomy":"product_tag","embeddable":true,"href":"https:\/\/www.tazetrend.com\/index.php?rest_route=%2Fwp%2Fv2%2Fproduct_tag&post=7975"}],"curies":[{"name":"wp","href":"https:\/\/api.w.org\/{rel}","templated":true}]}}