{"id":10448,"date":"2021-02-23T17:48:43","date_gmt":"2021-02-23T14:48:43","guid":{"rendered":"https:\/\/www.tazetrend.com\/?post_type=product&#038;p=10448"},"modified":"2021-08-05T11:45:46","modified_gmt":"2021-08-05T08:45:46","slug":"baskili-burgu-sapli-beyaz-cantalar","status":"publish","type":"product","link":"https:\/\/www.tazetrend.com\/?product=baskili-burgu-sapli-beyaz-cantalar","title":{"rendered":"Bask\u0131l\u0131 Burgu Sapl\u0131 Beyaz \u00c7antalar"},"content":{"rendered":"<p>Bask\u0131l\u0131 burgu sapl\u0131 \u00e7anta modelleri aras\u0131ndan size en uygun alternatif hangisi? Bu konuda en ideal alternatiflerden yarar sa\u011flamak ad\u0131na do\u011fa dostu bir \u00e7anta se\u00e7ebilirsiniz. Kaliteli malzemesi ve dayan\u0131kl\u0131 yap\u0131s\u0131 sayesinde fark yaratan bu \u00e7anta modelini kendinize uygun bir \u015fekilde \u00f6zelle\u015ftirebilirsiniz.<\/p>\n<p><iframe loading=\"lazy\" src=\"https:\/\/assets.pinterest.com\/ext\/embed.html?id=694539573783889896\" width=\"236\" height=\"454\" frameborder=\"0\" scrolling=\"no\"><\/iframe><\/p>\n","protected":false},"excerpt":{"rendered":"<p><a href=\"https:\/\/www.tazetrend.com\/online-randevu\"><img decoding=\"async\" loading=\"lazy\" class=\"alignnone wp-image-11666 size-full\" src=\"https:\/\/www.tazetrend.com\/wp-content\/uploads\/2021\/02\/online-randevu-alin.jpg\" alt=\"online randevu\" width=\"400\" height=\"100\" \/><\/a><\/p>\n","protected":false},"featured_media":10428,"comment_status":"open","ping_status":"closed","template":"","meta":[],"product_cat":[167],"product_tag":[],"_links":{"self":[{"href":"https:\/\/www.tazetrend.com\/index.php?rest_route=\/wp\/v2\/product\/10448"}],"collection":[{"href":"https:\/\/www.tazetrend.com\/index.php?rest_route=\/wp\/v2\/product"}],"about":[{"href":"https:\/\/www.tazetrend.com\/index.php?rest_route=\/wp\/v2\/types\/product"}],"replies":[{"embeddable":true,"href":"https:\/\/www.tazetrend.com\/index.php?rest_route=%2Fwp%2Fv2%2Fcomments&post=10448"}],"wp:featuredmedia":[{"embeddable":true,"href":"https:\/\/www.tazetrend.com\/index.php?rest_route=\/wp\/v2\/media\/10428"}],"wp:attachment":[{"href":"https:\/\/www.tazetrend.com\/index.php?rest_route=%2Fwp%2Fv2%2Fmedia&parent=10448"}],"wp:term":[{"taxonomy":"product_cat","embeddable":true,"href":"https:\/\/www.tazetrend.com\/index.php?rest_route=%2Fwp%2Fv2%2Fproduct_cat&post=10448"},{"taxonomy":"product_tag","embeddable":true,"href":"https:\/\/www.tazetrend.com\/index.php?rest_route=%2Fwp%2Fv2%2Fproduct_tag&post=10448"}],"curies":[{"name":"wp","href":"https:\/\/api.w.org\/{rel}","templated":true}]}}