{"id":10447,"date":"2021-02-23T17:48:27","date_gmt":"2021-02-23T14:48:27","guid":{"rendered":"https:\/\/www.tazetrend.com\/?post_type=product&#038;p=10447"},"modified":"2021-08-05T11:45:46","modified_gmt":"2021-08-05T08:45:46","slug":"burgu-sapli-baskili-siyah-cantalar","status":"publish","type":"product","link":"https:\/\/www.tazetrend.com\/?product=burgu-sapli-baskili-siyah-cantalar","title":{"rendered":"Burgu Sapl\u0131 Bask\u0131l\u0131 Siyah \u00c7antalar"},"content":{"rendered":"<p>Burgu sapl\u0131 bask\u0131l\u0131 \u00e7nata ile size en uygun alternatif hangisi? Siyah rengi ve kaliteli tasar\u0131m\u0131 ile hemen herkesin ilgisini \u00e7ekmeyi ba\u015faran bu \u00e7anta ile do\u011fa dostu bir se\u00e7ime kap\u0131 aralayabilirsiniz. Hafifli\u011fi ve dikkat \u00e7ekicili\u011fi ile bu tasar\u0131m \u00e7antay\u0131 siz de \u00e7ok be\u011feneceksiniz.<\/p>\n<p><iframe loading=\"lazy\" src=\"https:\/\/assets.pinterest.com\/ext\/embed.html?id=694539573783889968\" width=\"236\" height=\"454\" frameborder=\"0\" scrolling=\"no\"><\/iframe><\/p>\n","protected":false},"excerpt":{"rendered":"<p><a href=\"https:\/\/www.tazetrend.com\/online-randevu\"><img decoding=\"async\" loading=\"lazy\" class=\"alignnone wp-image-11666 size-full\" src=\"https:\/\/www.tazetrend.com\/wp-content\/uploads\/2021\/02\/online-randevu-alin.jpg\" alt=\"online randevu\" width=\"400\" height=\"100\" \/><\/a><\/p>\n","protected":false},"featured_media":10423,"comment_status":"open","ping_status":"closed","template":"","meta":[],"product_cat":[167],"product_tag":[],"_links":{"self":[{"href":"https:\/\/www.tazetrend.com\/index.php?rest_route=\/wp\/v2\/product\/10447"}],"collection":[{"href":"https:\/\/www.tazetrend.com\/index.php?rest_route=\/wp\/v2\/product"}],"about":[{"href":"https:\/\/www.tazetrend.com\/index.php?rest_route=\/wp\/v2\/types\/product"}],"replies":[{"embeddable":true,"href":"https:\/\/www.tazetrend.com\/index.php?rest_route=%2Fwp%2Fv2%2Fcomments&post=10447"}],"wp:featuredmedia":[{"embeddable":true,"href":"https:\/\/www.tazetrend.com\/index.php?rest_route=\/wp\/v2\/media\/10423"}],"wp:attachment":[{"href":"https:\/\/www.tazetrend.com\/index.php?rest_route=%2Fwp%2Fv2%2Fmedia&parent=10447"}],"wp:term":[{"taxonomy":"product_cat","embeddable":true,"href":"https:\/\/www.tazetrend.com\/index.php?rest_route=%2Fwp%2Fv2%2Fproduct_cat&post=10447"},{"taxonomy":"product_tag","embeddable":true,"href":"https:\/\/www.tazetrend.com\/index.php?rest_route=%2Fwp%2Fv2%2Fproduct_tag&post=10447"}],"curies":[{"name":"wp","href":"https:\/\/api.w.org\/{rel}","templated":true}]}}