{"id":10445,"date":"2021-02-23T17:47:15","date_gmt":"2021-02-23T14:47:15","guid":{"rendered":"https:\/\/www.tazetrend.com\/?post_type=product&#038;p=10445"},"modified":"2021-08-05T11:45:46","modified_gmt":"2021-08-05T08:45:46","slug":"burgu-sapli-kucuk-boy-siyah-cantalar","status":"publish","type":"product","link":"https:\/\/www.tazetrend.com\/?product=burgu-sapli-kucuk-boy-siyah-cantalar","title":{"rendered":"Burgu Sapl\u0131 K\u00fc\u00e7\u00fck Boy Siyah \u00c7antalar"},"content":{"rendered":"<p>K\u00fc\u00e7\u00fck burgu sapl\u0131 \u00e7anta alternatiflerinde sizin tercihiniz siyahtan yana m\u0131? O halde hem tasar\u0131m\u0131 hem de rengi ile fark yaratacak bir alternatiften faydalanmak ad\u0131na en trend \u00e7anta modellerinden bir tanesini se\u00e7ebilirsiniz. \u00dcstelik bu burgu \u00e7anta modellerinde kaliteyi de yakalayabilirsiniz.<\/p>\n<p><iframe loading=\"lazy\" src=\"https:\/\/assets.pinterest.com\/ext\/embed.html?id=694539573783890222\" width=\"236\" height=\"454\" frameborder=\"0\" scrolling=\"no\"><\/iframe><\/p>\n","protected":false},"excerpt":{"rendered":"<p><a href=\"https:\/\/www.tazetrend.com\/online-randevu\"><img decoding=\"async\" loading=\"lazy\" class=\"alignnone wp-image-11666 size-full\" src=\"https:\/\/www.tazetrend.com\/wp-content\/uploads\/2021\/02\/online-randevu-alin.jpg\" alt=\"online randevu\" width=\"400\" height=\"100\" \/><\/a><\/p>\n","protected":false},"featured_media":10420,"comment_status":"open","ping_status":"closed","template":"","meta":[],"product_cat":[167],"product_tag":[],"_links":{"self":[{"href":"https:\/\/www.tazetrend.com\/index.php?rest_route=\/wp\/v2\/product\/10445"}],"collection":[{"href":"https:\/\/www.tazetrend.com\/index.php?rest_route=\/wp\/v2\/product"}],"about":[{"href":"https:\/\/www.tazetrend.com\/index.php?rest_route=\/wp\/v2\/types\/product"}],"replies":[{"embeddable":true,"href":"https:\/\/www.tazetrend.com\/index.php?rest_route=%2Fwp%2Fv2%2Fcomments&post=10445"}],"wp:featuredmedia":[{"embeddable":true,"href":"https:\/\/www.tazetrend.com\/index.php?rest_route=\/wp\/v2\/media\/10420"}],"wp:attachment":[{"href":"https:\/\/www.tazetrend.com\/index.php?rest_route=%2Fwp%2Fv2%2Fmedia&parent=10445"}],"wp:term":[{"taxonomy":"product_cat","embeddable":true,"href":"https:\/\/www.tazetrend.com\/index.php?rest_route=%2Fwp%2Fv2%2Fproduct_cat&post=10445"},{"taxonomy":"product_tag","embeddable":true,"href":"https:\/\/www.tazetrend.com\/index.php?rest_route=%2Fwp%2Fv2%2Fproduct_tag&post=10445"}],"curies":[{"name":"wp","href":"https:\/\/api.w.org\/{rel}","templated":true}]}}