{"id":10444,"date":"2021-02-23T17:46:16","date_gmt":"2021-02-23T14:46:16","guid":{"rendered":"https:\/\/www.tazetrend.com\/?post_type=product&#038;p=10444"},"modified":"2021-08-05T11:45:46","modified_gmt":"2021-08-05T08:45:46","slug":"buyuk-boy-kraft-dosyalar","status":"publish","type":"product","link":"https:\/\/www.tazetrend.com\/?product=buyuk-boy-kraft-dosyalar","title":{"rendered":"B\u00fcy\u00fck Boy Kraft Dosyalar"},"content":{"rendered":"<p><span data-sheets-value=\"{&quot;1&quot;:2,&quot;2&quot;:&quot;B\u00fcy\u00fck boy kraft dosyalar, hediyelik \u00fcr\u00fcn\u00fcn g\u00f6steri\u015fli olmas\u0131n\u0131 sa\u011flarken kaliteyi de zirveye \u00e7\u0131karmay\u0131 ba\u015far\u0131r. Bu nedenle de yapman\u0131z gereken sadece kaliteden yana tercih kullanmak ve b\u00fcy\u00fck boy kraft dosyalar sayesinde  \u00fcr\u00fcnlerin ayr\u0131cal\u0131kl\u0131 bir \u015fekilde amnbalajlanmas\u0131n\u0131 sa\u011flamak!&quot;}\" data-sheets-userformat=\"{&quot;2&quot;:14337,&quot;3&quot;:{&quot;1&quot;:0,&quot;3&quot;:1},&quot;14&quot;:{&quot;1&quot;:3,&quot;3&quot;:1},&quot;15&quot;:&quot;Calibri&quot;,&quot;16&quot;:10}\">B\u00fcy\u00fck boy kraft dosyalar, hediyelik \u00fcr\u00fcn\u00fcn g\u00f6steri\u015fli olmas\u0131n\u0131 sa\u011flarken kaliteyi de zirveye \u00e7\u0131karmay\u0131 ba\u015far\u0131r. Bu nedenle de yapman\u0131z gereken sadece kaliteden yana tercih kullanmak ve b\u00fcy\u00fck boy kraft dosyalar sayesinde \u00fcr\u00fcnlerin ayr\u0131cal\u0131kl\u0131 bir \u015fekilde amnbalajlanmas\u0131n\u0131 sa\u011flamak!<\/span><\/p>\n<p><iframe loading=\"lazy\" src=\"https:\/\/assets.pinterest.com\/ext\/embed.html?id=694539573783890443\" width=\"236\" height=\"454\" frameborder=\"0\" scrolling=\"no\"><\/iframe><\/p>\n","protected":false},"excerpt":{"rendered":"<p><a href=\"https:\/\/www.tazetrend.com\/online-randevu\"><img decoding=\"async\" loading=\"lazy\" class=\"alignnone wp-image-11666 size-full\" src=\"https:\/\/www.tazetrend.com\/wp-content\/uploads\/2021\/02\/online-randevu-alin.jpg\" alt=\"online randevu\" width=\"400\" height=\"100\" \/><\/a><\/p>\n","protected":false},"featured_media":10416,"comment_status":"open","ping_status":"closed","template":"","meta":[],"product_cat":[168],"product_tag":[],"_links":{"self":[{"href":"https:\/\/www.tazetrend.com\/index.php?rest_route=\/wp\/v2\/product\/10444"}],"collection":[{"href":"https:\/\/www.tazetrend.com\/index.php?rest_route=\/wp\/v2\/product"}],"about":[{"href":"https:\/\/www.tazetrend.com\/index.php?rest_route=\/wp\/v2\/types\/product"}],"replies":[{"embeddable":true,"href":"https:\/\/www.tazetrend.com\/index.php?rest_route=%2Fwp%2Fv2%2Fcomments&post=10444"}],"wp:featuredmedia":[{"embeddable":true,"href":"https:\/\/www.tazetrend.com\/index.php?rest_route=\/wp\/v2\/media\/10416"}],"wp:attachment":[{"href":"https:\/\/www.tazetrend.com\/index.php?rest_route=%2Fwp%2Fv2%2Fmedia&parent=10444"}],"wp:term":[{"taxonomy":"product_cat","embeddable":true,"href":"https:\/\/www.tazetrend.com\/index.php?rest_route=%2Fwp%2Fv2%2Fproduct_cat&post=10444"},{"taxonomy":"product_tag","embeddable":true,"href":"https:\/\/www.tazetrend.com\/index.php?rest_route=%2Fwp%2Fv2%2Fproduct_tag&post=10444"}],"curies":[{"name":"wp","href":"https:\/\/api.w.org\/{rel}","templated":true}]}}