{"id":10443,"date":"2021-02-23T17:46:04","date_gmt":"2021-02-23T14:46:04","guid":{"rendered":"https:\/\/www.tazetrend.com\/?post_type=product&#038;p=10443"},"modified":"2021-08-05T11:45:46","modified_gmt":"2021-08-05T08:45:46","slug":"giyim-urunleri-icin-kraft-dosyalar","status":"publish","type":"product","link":"https:\/\/www.tazetrend.com\/?product=giyim-urunleri-icin-kraft-dosyalar","title":{"rendered":"Giyim \u00dcr\u00fcnleri i\u00e7in Kraft Dosyalar"},"content":{"rendered":"<p><span data-sheets-value=\"{&quot;1&quot;:2,&quot;2&quot;:&quot;Giyim kraft dosyalar\u0131 ile ti\u015f\u00f6rtten pantolona hemen her \u00fcr\u00fcn\u00fc ambalajlayabileceksiniz. G\u00f6rsel tasar\u0131m\u0131 ile sizleri tatmin edecek olan bu se\u00e7ene\u011fin ayn\u0131 zamanda kalite ve y\u00fcksek standartlar sundu\u011fundan da emin olabilirsiniz. Do\u011fa dostu ve uygun fiyatl\u0131 bir \u00e7\u00f6z\u00fcm i\u00e7in harekete ge\u00e7in!&quot;}\" data-sheets-userformat=\"{&quot;2&quot;:14337,&quot;3&quot;:{&quot;1&quot;:0,&quot;3&quot;:1},&quot;14&quot;:{&quot;1&quot;:3,&quot;3&quot;:1},&quot;15&quot;:&quot;Calibri&quot;,&quot;16&quot;:10}\">Giyim kraft dosyalar\u0131 ile ti\u015f\u00f6rtten pantolona hemen her \u00fcr\u00fcn\u00fc ambalajlayabileceksiniz. G\u00f6rsel tasar\u0131m\u0131 ile sizleri tatmin edecek olan bu se\u00e7ene\u011fin ayn\u0131 zamanda kalite ve y\u00fcksek standartlar sundu\u011fundan da emin olabilirsiniz. Do\u011fa dostu ve uygun fiyatl\u0131 bir \u00e7\u00f6z\u00fcm i\u00e7in harekete ge\u00e7in!<\/span><\/p>\n<p><iframe loading=\"lazy\" src=\"https:\/\/assets.pinterest.com\/ext\/embed.html?id=694539573783890588\" width=\"236\" height=\"454\" frameborder=\"0\" scrolling=\"no\"><\/iframe><\/p>\n<p>&nbsp;<\/p>\n","protected":false},"excerpt":{"rendered":"<p><a href=\"https:\/\/www.tazetrend.com\/online-randevu\"><img decoding=\"async\" loading=\"lazy\" class=\"alignnone wp-image-11666 size-full\" src=\"https:\/\/www.tazetrend.com\/wp-content\/uploads\/2021\/02\/online-randevu-alin.jpg\" alt=\"online randevu\" width=\"400\" height=\"100\" \/><\/a><\/p>\n","protected":false},"featured_media":10414,"comment_status":"open","ping_status":"closed","template":"","meta":[],"product_cat":[168],"product_tag":[],"_links":{"self":[{"href":"https:\/\/www.tazetrend.com\/index.php?rest_route=\/wp\/v2\/product\/10443"}],"collection":[{"href":"https:\/\/www.tazetrend.com\/index.php?rest_route=\/wp\/v2\/product"}],"about":[{"href":"https:\/\/www.tazetrend.com\/index.php?rest_route=\/wp\/v2\/types\/product"}],"replies":[{"embeddable":true,"href":"https:\/\/www.tazetrend.com\/index.php?rest_route=%2Fwp%2Fv2%2Fcomments&post=10443"}],"wp:featuredmedia":[{"embeddable":true,"href":"https:\/\/www.tazetrend.com\/index.php?rest_route=\/wp\/v2\/media\/10414"}],"wp:attachment":[{"href":"https:\/\/www.tazetrend.com\/index.php?rest_route=%2Fwp%2Fv2%2Fmedia&parent=10443"}],"wp:term":[{"taxonomy":"product_cat","embeddable":true,"href":"https:\/\/www.tazetrend.com\/index.php?rest_route=%2Fwp%2Fv2%2Fproduct_cat&post=10443"},{"taxonomy":"product_tag","embeddable":true,"href":"https:\/\/www.tazetrend.com\/index.php?rest_route=%2Fwp%2Fv2%2Fproduct_tag&post=10443"}],"curies":[{"name":"wp","href":"https:\/\/api.w.org\/{rel}","templated":true}]}}