{"id":10442,"date":"2021-02-23T17:45:47","date_gmt":"2021-02-23T14:45:47","guid":{"rendered":"https:\/\/www.tazetrend.com\/?post_type=product&#038;p=10442"},"modified":"2021-08-05T11:45:46","modified_gmt":"2021-08-05T08:45:46","slug":"hediye-kutulari-icin-baskili-cantalar","status":"publish","type":"product","link":"https:\/\/www.tazetrend.com\/?product=hediye-kutulari-icin-baskili-cantalar","title":{"rendered":"Hediye Kutular\u0131 i\u00e7in Bask\u0131l\u0131 \u00c7antalar"},"content":{"rendered":"<p>Hediye kutusu i\u00e7in \u00e7anta modelleri sayesinde hediyelik \u00fcr\u00fcnlerinizin en kaliteli \u015fekilde sunulmas\u0131 ad\u0131na harekete ge\u00e7ebilirsiniz! Kraft rengi ile do\u011fall\u0131\u011f\u0131 hat\u0131rlatmas\u0131n\u0131n yan\u0131 s\u0131ra \u00fczerindeki kaliteli tasar\u0131mlar sayesinde hediyelerinizin de\u011ferini \u00f6n plana \u00e7\u0131karacak farkl\u0131 ebatlarda \u00e7antalar!<\/p>\n<p><iframe loading=\"lazy\" src=\"https:\/\/assets.pinterest.com\/ext\/embed.html?id=694539573783890748\" width=\"236\" height=\"454\" frameborder=\"0\" scrolling=\"no\"><\/iframe><\/p>\n","protected":false},"excerpt":{"rendered":"<p><a href=\"https:\/\/www.tazetrend.com\/online-randevu\"><img decoding=\"async\" loading=\"lazy\" class=\"alignnone wp-image-11666 size-full\" src=\"https:\/\/www.tazetrend.com\/wp-content\/uploads\/2021\/02\/online-randevu-alin.jpg\" alt=\"online randevu\" width=\"400\" height=\"100\" \/><\/a><\/p>\n","protected":false},"featured_media":10411,"comment_status":"open","ping_status":"closed","template":"","meta":[],"product_cat":[167],"product_tag":[],"_links":{"self":[{"href":"https:\/\/www.tazetrend.com\/index.php?rest_route=\/wp\/v2\/product\/10442"}],"collection":[{"href":"https:\/\/www.tazetrend.com\/index.php?rest_route=\/wp\/v2\/product"}],"about":[{"href":"https:\/\/www.tazetrend.com\/index.php?rest_route=\/wp\/v2\/types\/product"}],"replies":[{"embeddable":true,"href":"https:\/\/www.tazetrend.com\/index.php?rest_route=%2Fwp%2Fv2%2Fcomments&post=10442"}],"wp:featuredmedia":[{"embeddable":true,"href":"https:\/\/www.tazetrend.com\/index.php?rest_route=\/wp\/v2\/media\/10411"}],"wp:attachment":[{"href":"https:\/\/www.tazetrend.com\/index.php?rest_route=%2Fwp%2Fv2%2Fmedia&parent=10442"}],"wp:term":[{"taxonomy":"product_cat","embeddable":true,"href":"https:\/\/www.tazetrend.com\/index.php?rest_route=%2Fwp%2Fv2%2Fproduct_cat&post=10442"},{"taxonomy":"product_tag","embeddable":true,"href":"https:\/\/www.tazetrend.com\/index.php?rest_route=%2Fwp%2Fv2%2Fproduct_tag&post=10442"}],"curies":[{"name":"wp","href":"https:\/\/api.w.org\/{rel}","templated":true}]}}