{"id":10440,"date":"2021-02-23T17:42:31","date_gmt":"2021-02-23T14:42:31","guid":{"rendered":"https:\/\/www.tazetrend.com\/?post_type=product&#038;p=10440"},"modified":"2021-08-05T11:45:46","modified_gmt":"2021-08-05T08:45:46","slug":"kalin-tekstil-urunleri-icin-beyaz-dosyalar","status":"publish","type":"product","link":"https:\/\/www.tazetrend.com\/?product=kalin-tekstil-urunleri-icin-beyaz-dosyalar","title":{"rendered":"Kal\u0131n Tekstil \u00dcr\u00fcnleri i\u00e7in Beyaz Dosyalar"},"content":{"rendered":"<p><span data-sheets-value=\"{&quot;1&quot;:2,&quot;2&quot;:&quot;Kal\u0131n tekstil \u00fcr\u00fcnleri i\u00e7in ideal beyaz dosyalar aras\u0131ndan se\u00e7im yapmak ister misiniz? Bembeyaz rengi ve kaliteli malzemeden tasarlanm\u0131\u015f olmas\u0131 sayesinde bu \u00fcr\u00fcn\u00fc siz de tercih edebileceksiniz. \u00dcstelik g\u00fc\u00e7l\u00fc ba\u011flant\u0131 noktalar\u0131 ile bu \u00fcr\u00fcn\u00fc siz de \u00e7ok be\u011feneceksiniz.&quot;}\" data-sheets-userformat=\"{&quot;2&quot;:14337,&quot;3&quot;:{&quot;1&quot;:0,&quot;3&quot;:1},&quot;14&quot;:{&quot;1&quot;:3,&quot;3&quot;:1},&quot;15&quot;:&quot;Calibri&quot;,&quot;16&quot;:10}\">Kal\u0131n tekstil \u00fcr\u00fcnleri i\u00e7in ideal beyaz dosyalar aras\u0131ndan se\u00e7im yapmak ister misiniz? Bembeyaz rengi ve kaliteli malzemeden tasarlanm\u0131\u015f olmas\u0131 sayesinde bu \u00fcr\u00fcn\u00fc siz de tercih edebileceksiniz. \u00dcstelik g\u00fc\u00e7l\u00fc ba\u011flant\u0131 noktalar\u0131 ile bu \u00fcr\u00fcn\u00fc siz de \u00e7ok be\u011feneceksiniz.<\/span><\/p>\n<p><iframe loading=\"lazy\" src=\"https:\/\/assets.pinterest.com\/ext\/embed.html?id=694539573783891499\" width=\"236\" height=\"454\" frameborder=\"0\" scrolling=\"no\"><\/iframe><\/p>\n<p>&nbsp;<\/p>\n","protected":false},"excerpt":{"rendered":"<p><a href=\"https:\/\/www.tazetrend.com\/online-randevu\"><img decoding=\"async\" loading=\"lazy\" class=\"alignnone wp-image-11666 size-full\" src=\"https:\/\/www.tazetrend.com\/wp-content\/uploads\/2021\/02\/online-randevu-alin.jpg\" alt=\"online randevu\" width=\"400\" height=\"100\" \/><\/a><\/p>\n","protected":false},"featured_media":10390,"comment_status":"open","ping_status":"closed","template":"","meta":[],"product_cat":[168],"product_tag":[],"_links":{"self":[{"href":"https:\/\/www.tazetrend.com\/index.php?rest_route=\/wp\/v2\/product\/10440"}],"collection":[{"href":"https:\/\/www.tazetrend.com\/index.php?rest_route=\/wp\/v2\/product"}],"about":[{"href":"https:\/\/www.tazetrend.com\/index.php?rest_route=\/wp\/v2\/types\/product"}],"replies":[{"embeddable":true,"href":"https:\/\/www.tazetrend.com\/index.php?rest_route=%2Fwp%2Fv2%2Fcomments&post=10440"}],"wp:featuredmedia":[{"embeddable":true,"href":"https:\/\/www.tazetrend.com\/index.php?rest_route=\/wp\/v2\/media\/10390"}],"wp:attachment":[{"href":"https:\/\/www.tazetrend.com\/index.php?rest_route=%2Fwp%2Fv2%2Fmedia&parent=10440"}],"wp:term":[{"taxonomy":"product_cat","embeddable":true,"href":"https:\/\/www.tazetrend.com\/index.php?rest_route=%2Fwp%2Fv2%2Fproduct_cat&post=10440"},{"taxonomy":"product_tag","embeddable":true,"href":"https:\/\/www.tazetrend.com\/index.php?rest_route=%2Fwp%2Fv2%2Fproduct_tag&post=10440"}],"curies":[{"name":"wp","href":"https:\/\/api.w.org\/{rel}","templated":true}]}}