{"id":10439,"date":"2021-02-23T17:43:08","date_gmt":"2021-02-23T14:43:08","guid":{"rendered":"https:\/\/www.tazetrend.com\/?post_type=product&#038;p=10439"},"modified":"2021-08-05T11:45:46","modified_gmt":"2021-08-05T08:45:46","slug":"hediyelikler-icin-kraft-dosyalar","status":"publish","type":"product","link":"https:\/\/www.tazetrend.com\/?product=hediyelikler-icin-kraft-dosyalar","title":{"rendered":"Hediyelikler i\u00e7in Kraft Dosyalar"},"content":{"rendered":"<p><span data-sheets-value=\"{&quot;1&quot;:2,&quot;2&quot;:&quot;Hediyelikler i\u00e7in kraft dosyalar aras\u0131ndan se\u00e7iminizi yaparken ebat ve tasar\u0131m konusunda karars\u0131z kalabilirsiniz. \u00d6zenle tasarlanm\u0131\u015f ve her detay\u0131 kusursuz bir kraft dosya ile sizin i\u00e7in en ideal se\u00e7eneklerden faydalanabilirsiniz. Kutu tasar\u0131m\u0131 konusunda kaliteden yana tercih kullanmaya hemen ba\u015flay\u0131n!&quot;}\" data-sheets-userformat=\"{&quot;2&quot;:14337,&quot;3&quot;:{&quot;1&quot;:0,&quot;3&quot;:1},&quot;14&quot;:{&quot;1&quot;:3,&quot;3&quot;:1},&quot;15&quot;:&quot;Calibri&quot;,&quot;16&quot;:10}\">Hediyelikler i\u00e7in kraft dosyalar aras\u0131ndan se\u00e7iminizi yaparken ebat ve tasar\u0131m konusunda karars\u0131z kalabilirsiniz. \u00d6zenle tasarlanm\u0131\u015f ve her detay\u0131 kusursuz bir kraft dosya ile sizin i\u00e7in en ideal se\u00e7eneklerden faydalanabilirsiniz. Kutu tasar\u0131m\u0131 konusunda kaliteden yana tercih kullanmaya hemen ba\u015flay\u0131n!<\/span><\/p>\n<p><iframe loading=\"lazy\" src=\"https:\/\/assets.pinterest.com\/ext\/embed.html?id=694539573783891436\" width=\"236\" height=\"454\" frameborder=\"0\" scrolling=\"no\"><\/iframe><\/p>\n","protected":false},"excerpt":{"rendered":"<p><a href=\"https:\/\/www.tazetrend.com\/online-randevu\"><img decoding=\"async\" loading=\"lazy\" class=\"alignnone wp-image-11666 size-full\" src=\"https:\/\/www.tazetrend.com\/wp-content\/uploads\/2021\/02\/online-randevu-alin.jpg\" alt=\"online randevu\" width=\"400\" height=\"100\" \/><\/a><\/p>\n","protected":false},"featured_media":10393,"comment_status":"open","ping_status":"closed","template":"","meta":[],"product_cat":[168],"product_tag":[],"_links":{"self":[{"href":"https:\/\/www.tazetrend.com\/index.php?rest_route=\/wp\/v2\/product\/10439"}],"collection":[{"href":"https:\/\/www.tazetrend.com\/index.php?rest_route=\/wp\/v2\/product"}],"about":[{"href":"https:\/\/www.tazetrend.com\/index.php?rest_route=\/wp\/v2\/types\/product"}],"replies":[{"embeddable":true,"href":"https:\/\/www.tazetrend.com\/index.php?rest_route=%2Fwp%2Fv2%2Fcomments&post=10439"}],"wp:featuredmedia":[{"embeddable":true,"href":"https:\/\/www.tazetrend.com\/index.php?rest_route=\/wp\/v2\/media\/10393"}],"wp:attachment":[{"href":"https:\/\/www.tazetrend.com\/index.php?rest_route=%2Fwp%2Fv2%2Fmedia&parent=10439"}],"wp:term":[{"taxonomy":"product_cat","embeddable":true,"href":"https:\/\/www.tazetrend.com\/index.php?rest_route=%2Fwp%2Fv2%2Fproduct_cat&post=10439"},{"taxonomy":"product_tag","embeddable":true,"href":"https:\/\/www.tazetrend.com\/index.php?rest_route=%2Fwp%2Fv2%2Fproduct_tag&post=10439"}],"curies":[{"name":"wp","href":"https:\/\/api.w.org\/{rel}","templated":true}]}}