{"id":10438,"date":"2021-02-23T17:43:38","date_gmt":"2021-02-23T14:43:38","guid":{"rendered":"https:\/\/www.tazetrend.com\/?post_type=product&#038;p=10438"},"modified":"2021-08-05T11:45:46","modified_gmt":"2021-08-05T08:45:46","slug":"hediyelik-urunler-icin-siyah-burgu-sapli-cantalar","status":"publish","type":"product","link":"https:\/\/www.tazetrend.com\/?product=hediyelik-urunler-icin-siyah-burgu-sapli-cantalar","title":{"rendered":"Hediyelik \u00dcr\u00fcnler i\u00e7in Siyah Burgu Sapl\u0131 \u00c7antalar"},"content":{"rendered":"<p><span data-sheets-value=\"{&quot;1&quot;:2,&quot;2&quot;:&quot;Burgu sapl\u0131 karton po\u015fet ile farkl\u0131 ebatlarda hediyelik kutular i\u00e7in en ideal \u00e7anta alternatiflerinden fayda sa\u011flayabilirsiniz. Kalite, y\u00fcksek standartlar ve \u00e7ok daha fazlas\u0131 i\u00e7in yapman\u0131z gereken sadece burgu sapl\u0131 \u00e7antalar aras\u0131ndan size en uygun olan\u0131 se\u00e7mek ve sipari\u015f etmektir.&quot;}\" data-sheets-userformat=\"{&quot;2&quot;:14337,&quot;3&quot;:{&quot;1&quot;:0,&quot;3&quot;:1},&quot;14&quot;:{&quot;1&quot;:3,&quot;3&quot;:1},&quot;15&quot;:&quot;Calibri&quot;,&quot;16&quot;:10}\">Burgu sapl\u0131 karton po\u015fet ile farkl\u0131 ebatlarda hediyelik kutular i\u00e7in en ideal \u00e7anta alternatiflerinden fayda sa\u011flayabilirsiniz. Kalite, y\u00fcksek standartlar ve \u00e7ok daha fazlas\u0131 i\u00e7in yapman\u0131z gereken sadece burgu sapl\u0131 \u00e7antalar aras\u0131ndan size en uygun olan\u0131 se\u00e7mek ve sipari\u015f etmektir.<\/span><\/p>\n<p><iframe loading=\"lazy\" src=\"https:\/\/assets.pinterest.com\/ext\/embed.html?id=694539573783891348\" width=\"236\" height=\"454\" frameborder=\"0\" scrolling=\"no\"><\/iframe><\/p>\n<p>&nbsp;<\/p>\n","protected":false},"excerpt":{"rendered":"<p><a href=\"https:\/\/www.tazetrend.com\/online-randevu\"><img decoding=\"async\" loading=\"lazy\" class=\"alignnone wp-image-11666 size-full\" src=\"https:\/\/www.tazetrend.com\/wp-content\/uploads\/2021\/02\/online-randevu-alin.jpg\" alt=\"online randevu\" width=\"400\" height=\"100\" \/><\/a><\/p>\n","protected":false},"featured_media":10396,"comment_status":"open","ping_status":"closed","template":"","meta":[],"product_cat":[167],"product_tag":[],"_links":{"self":[{"href":"https:\/\/www.tazetrend.com\/index.php?rest_route=\/wp\/v2\/product\/10438"}],"collection":[{"href":"https:\/\/www.tazetrend.com\/index.php?rest_route=\/wp\/v2\/product"}],"about":[{"href":"https:\/\/www.tazetrend.com\/index.php?rest_route=\/wp\/v2\/types\/product"}],"replies":[{"embeddable":true,"href":"https:\/\/www.tazetrend.com\/index.php?rest_route=%2Fwp%2Fv2%2Fcomments&post=10438"}],"wp:featuredmedia":[{"embeddable":true,"href":"https:\/\/www.tazetrend.com\/index.php?rest_route=\/wp\/v2\/media\/10396"}],"wp:attachment":[{"href":"https:\/\/www.tazetrend.com\/index.php?rest_route=%2Fwp%2Fv2%2Fmedia&parent=10438"}],"wp:term":[{"taxonomy":"product_cat","embeddable":true,"href":"https:\/\/www.tazetrend.com\/index.php?rest_route=%2Fwp%2Fv2%2Fproduct_cat&post=10438"},{"taxonomy":"product_tag","embeddable":true,"href":"https:\/\/www.tazetrend.com\/index.php?rest_route=%2Fwp%2Fv2%2Fproduct_tag&post=10438"}],"curies":[{"name":"wp","href":"https:\/\/api.w.org\/{rel}","templated":true}]}}