{"id":10437,"date":"2021-02-23T17:43:50","date_gmt":"2021-02-23T14:43:50","guid":{"rendered":"https:\/\/www.tazetrend.com\/?post_type=product&#038;p=10437"},"modified":"2021-08-05T11:45:46","modified_gmt":"2021-08-05T08:45:46","slug":"hediyelik-kraft-dosyalar","status":"publish","type":"product","link":"https:\/\/www.tazetrend.com\/?product=hediyelik-kraft-dosyalar","title":{"rendered":"Hediyelik Kraft Dosyalar"},"content":{"rendered":"<p><span data-sheets-value=\"{&quot;1&quot;:2,&quot;2&quot;:&quot;Hediyelik kraft dosyalar ile siz de \u00f6zel bir se\u00e7enekten faydalanmaya ba\u015flayabilirsiniz. Kalite, y\u00fcksek standartlar ve size \u00f6zel bir tasar\u0131m ile beklentilerinize cevap vermek i\u00e7in hediyelik kraft dosyalar aras\u0131ndan bir se\u00e7im yapmaya ba\u015flay\u0131n! Dosya se\u00e7iminde kusursuzlu\u011fu yakalay\u0131n!&quot;}\" data-sheets-userformat=\"{&quot;2&quot;:14337,&quot;3&quot;:{&quot;1&quot;:0,&quot;3&quot;:1},&quot;14&quot;:{&quot;1&quot;:3,&quot;3&quot;:1},&quot;15&quot;:&quot;Calibri&quot;,&quot;16&quot;:10}\">Hediyelik kraft dosyalar ile siz de \u00f6zel bir se\u00e7enekten faydalanmaya ba\u015flayabilirsiniz. Kalite, y\u00fcksek standartlar ve size \u00f6zel bir tasar\u0131m ile beklentilerinize cevap vermek i\u00e7in hediyelik kraft dosyalar aras\u0131ndan bir se\u00e7im yapmaya ba\u015flay\u0131n! Dosya se\u00e7iminde kusursuzlu\u011fu yakalay\u0131n!<\/span><\/p>\n<p><iframe loading=\"lazy\" src=\"https:\/\/assets.pinterest.com\/ext\/embed.html?id=694539573783891187\" width=\"236\" height=\"454\" frameborder=\"0\" scrolling=\"no\"><\/iframe><\/p>\n","protected":false},"excerpt":{"rendered":"<p><a href=\"https:\/\/www.tazetrend.com\/online-randevu\"><img decoding=\"async\" loading=\"lazy\" class=\"alignnone wp-image-11666 size-full\" src=\"https:\/\/www.tazetrend.com\/wp-content\/uploads\/2021\/02\/online-randevu-alin.jpg\" alt=\"online randevu\" width=\"400\" height=\"100\" \/><\/a><\/p>\n","protected":false},"featured_media":10399,"comment_status":"open","ping_status":"closed","template":"","meta":[],"product_cat":[168],"product_tag":[],"_links":{"self":[{"href":"https:\/\/www.tazetrend.com\/index.php?rest_route=\/wp\/v2\/product\/10437"}],"collection":[{"href":"https:\/\/www.tazetrend.com\/index.php?rest_route=\/wp\/v2\/product"}],"about":[{"href":"https:\/\/www.tazetrend.com\/index.php?rest_route=\/wp\/v2\/types\/product"}],"replies":[{"embeddable":true,"href":"https:\/\/www.tazetrend.com\/index.php?rest_route=%2Fwp%2Fv2%2Fcomments&post=10437"}],"wp:featuredmedia":[{"embeddable":true,"href":"https:\/\/www.tazetrend.com\/index.php?rest_route=\/wp\/v2\/media\/10399"}],"wp:attachment":[{"href":"https:\/\/www.tazetrend.com\/index.php?rest_route=%2Fwp%2Fv2%2Fmedia&parent=10437"}],"wp:term":[{"taxonomy":"product_cat","embeddable":true,"href":"https:\/\/www.tazetrend.com\/index.php?rest_route=%2Fwp%2Fv2%2Fproduct_cat&post=10437"},{"taxonomy":"product_tag","embeddable":true,"href":"https:\/\/www.tazetrend.com\/index.php?rest_route=%2Fwp%2Fv2%2Fproduct_tag&post=10437"}],"curies":[{"name":"wp","href":"https:\/\/api.w.org\/{rel}","templated":true}]}}