{"id":10436,"date":"2021-02-23T17:44:11","date_gmt":"2021-02-23T14:44:11","guid":{"rendered":"https:\/\/www.tazetrend.com\/?post_type=product&#038;p=10436"},"modified":"2021-08-05T11:45:46","modified_gmt":"2021-08-05T08:45:46","slug":"hediye-kutulari-icin-kraft-dosyalar","status":"publish","type":"product","link":"https:\/\/www.tazetrend.com\/?product=hediye-kutulari-icin-kraft-dosyalar","title":{"rendered":"Hediye Kutular\u0131 i\u00e7in Kraft Dosyalar"},"content":{"rendered":"<p><span data-sheets-value=\"{&quot;1&quot;:2,&quot;2&quot;:&quot;Hediyelik kraft dosya \u00fcretimi ile sizlere en \u00f6zel alternatiflerden bir tanesine kap\u0131 aralayabilirsiniz. \u00d6zelle\u015ftirilebilir bir kraft dosya olarak da bilinen bu ambalaj malzemelerinden sizin i\u00e7in en ideal olan\u0131 tercih edin. \u00dcstelik \u00f6zelle\u015ftirilebilir olmas\u0131n\u0131 da kendiniz i\u00e7in bir avantaj olarak kullan\u0131n!&quot;}\" data-sheets-userformat=\"{&quot;2&quot;:14337,&quot;3&quot;:{&quot;1&quot;:0,&quot;3&quot;:1},&quot;14&quot;:{&quot;1&quot;:3,&quot;3&quot;:1},&quot;15&quot;:&quot;Calibri&quot;,&quot;16&quot;:10}\">Hediyelik kraft dosya \u00fcretimi ile sizlere en \u00f6zel alternatiflerden bir tanesine kap\u0131 aralayabilirsiniz. \u00d6zelle\u015ftirilebilir bir kraft dosya olarak da bilinen bu ambalaj malzemelerinden sizin i\u00e7in en ideal olan\u0131 tercih edin. \u00dcstelik \u00f6zelle\u015ftirilebilir olmas\u0131n\u0131 da kendiniz i\u00e7in bir avantaj olarak kullan\u0131n!<\/span><\/p>\n<p><iframe loading=\"lazy\" src=\"https:\/\/assets.pinterest.com\/ext\/embed.html?id=694539573783891112\" width=\"236\" height=\"336\" frameborder=\"0\" scrolling=\"no\"><\/iframe><\/p>\n","protected":false},"excerpt":{"rendered":"<p><a href=\"https:\/\/www.tazetrend.com\/online-randevu\"><img decoding=\"async\" loading=\"lazy\" class=\"alignnone wp-image-11666 size-full\" src=\"https:\/\/www.tazetrend.com\/wp-content\/uploads\/2021\/02\/online-randevu-alin.jpg\" alt=\"online randevu\" width=\"400\" height=\"100\" \/><\/a><\/p>\n","protected":false},"featured_media":10401,"comment_status":"open","ping_status":"closed","template":"","meta":[],"product_cat":[168],"product_tag":[],"_links":{"self":[{"href":"https:\/\/www.tazetrend.com\/index.php?rest_route=\/wp\/v2\/product\/10436"}],"collection":[{"href":"https:\/\/www.tazetrend.com\/index.php?rest_route=\/wp\/v2\/product"}],"about":[{"href":"https:\/\/www.tazetrend.com\/index.php?rest_route=\/wp\/v2\/types\/product"}],"replies":[{"embeddable":true,"href":"https:\/\/www.tazetrend.com\/index.php?rest_route=%2Fwp%2Fv2%2Fcomments&post=10436"}],"wp:featuredmedia":[{"embeddable":true,"href":"https:\/\/www.tazetrend.com\/index.php?rest_route=\/wp\/v2\/media\/10401"}],"wp:attachment":[{"href":"https:\/\/www.tazetrend.com\/index.php?rest_route=%2Fwp%2Fv2%2Fmedia&parent=10436"}],"wp:term":[{"taxonomy":"product_cat","embeddable":true,"href":"https:\/\/www.tazetrend.com\/index.php?rest_route=%2Fwp%2Fv2%2Fproduct_cat&post=10436"},{"taxonomy":"product_tag","embeddable":true,"href":"https:\/\/www.tazetrend.com\/index.php?rest_route=%2Fwp%2Fv2%2Fproduct_tag&post=10436"}],"curies":[{"name":"wp","href":"https:\/\/api.w.org\/{rel}","templated":true}]}}