{"id":10435,"date":"2021-02-23T17:44:35","date_gmt":"2021-02-23T14:44:35","guid":{"rendered":"https:\/\/www.tazetrend.com\/?post_type=product&#038;p=10435"},"modified":"2021-08-05T11:45:46","modified_gmt":"2021-08-05T08:45:46","slug":"hediye-kutulari-icin-kraft-cantalar","status":"publish","type":"product","link":"https:\/\/www.tazetrend.com\/?product=hediye-kutulari-icin-kraft-cantalar","title":{"rendered":"Hediye Kutular\u0131 i\u00e7in Kraft \u00c7antalar"},"content":{"rendered":"<p><span data-sheets-value=\"{&quot;1&quot;:2,&quot;2&quot;:&quot;Do\u011fall\u0131\u011f\u0131 yakalaman\u0131n en \u00f6zel yollar\u0131ndan bir tanesi de hediye kutular\u0131 i\u00e7in kraft \u00e7anta modelleri aras\u0131ndan se\u00e7im yapmakt\u0131r. Kalite ve y\u00fcksek standartlar anlam\u0131na gelen \u00e7antalar aras\u0131ndan bir tercih yapmak ad\u0131na size uygun bask\u0131 renkleri ve tasar\u0131mlara g\u00f6z atabilirsiniz.&quot;}\" data-sheets-userformat=\"{&quot;2&quot;:14337,&quot;3&quot;:{&quot;1&quot;:0,&quot;3&quot;:1},&quot;14&quot;:{&quot;1&quot;:3,&quot;3&quot;:1},&quot;15&quot;:&quot;Calibri&quot;,&quot;16&quot;:10}\">Do\u011fall\u0131\u011f\u0131 yakalaman\u0131n en \u00f6zel yollar\u0131ndan bir tanesi de hediye kutular\u0131 i\u00e7in kraft \u00e7anta modelleri aras\u0131ndan se\u00e7im yapmakt\u0131r. Kalite ve y\u00fcksek standartlar anlam\u0131na gelen \u00e7antalar aras\u0131ndan bir tercih yapmak ad\u0131na size uygun bask\u0131 renkleri ve tasar\u0131mlara g\u00f6z atabilirsiniz.<\/span><\/p>\n<p><iframe loading=\"lazy\" src=\"https:\/\/assets.pinterest.com\/ext\/embed.html?id=694539573783890962\" width=\"236\" height=\"454\" frameborder=\"0\" scrolling=\"no\"><\/iframe><\/p>\n","protected":false},"excerpt":{"rendered":"<p><a href=\"https:\/\/www.tazetrend.com\/online-randevu\"><img decoding=\"async\" loading=\"lazy\" class=\"alignnone wp-image-11666 size-full\" src=\"https:\/\/www.tazetrend.com\/wp-content\/uploads\/2021\/02\/online-randevu-alin.jpg\" alt=\"online randevu\" width=\"400\" height=\"100\" \/><\/a><\/p>\n","protected":false},"featured_media":10402,"comment_status":"open","ping_status":"closed","template":"","meta":[],"product_cat":[167],"product_tag":[],"_links":{"self":[{"href":"https:\/\/www.tazetrend.com\/index.php?rest_route=\/wp\/v2\/product\/10435"}],"collection":[{"href":"https:\/\/www.tazetrend.com\/index.php?rest_route=\/wp\/v2\/product"}],"about":[{"href":"https:\/\/www.tazetrend.com\/index.php?rest_route=\/wp\/v2\/types\/product"}],"replies":[{"embeddable":true,"href":"https:\/\/www.tazetrend.com\/index.php?rest_route=%2Fwp%2Fv2%2Fcomments&post=10435"}],"wp:featuredmedia":[{"embeddable":true,"href":"https:\/\/www.tazetrend.com\/index.php?rest_route=\/wp\/v2\/media\/10402"}],"wp:attachment":[{"href":"https:\/\/www.tazetrend.com\/index.php?rest_route=%2Fwp%2Fv2%2Fmedia&parent=10435"}],"wp:term":[{"taxonomy":"product_cat","embeddable":true,"href":"https:\/\/www.tazetrend.com\/index.php?rest_route=%2Fwp%2Fv2%2Fproduct_cat&post=10435"},{"taxonomy":"product_tag","embeddable":true,"href":"https:\/\/www.tazetrend.com\/index.php?rest_route=%2Fwp%2Fv2%2Fproduct_tag&post=10435"}],"curies":[{"name":"wp","href":"https:\/\/api.w.org\/{rel}","templated":true}]}}