{"id":10433,"date":"2021-02-23T17:39:16","date_gmt":"2021-02-23T14:39:16","guid":{"rendered":"https:\/\/www.tazetrend.com\/?post_type=product&#038;p=10433"},"modified":"2021-08-05T11:45:46","modified_gmt":"2021-08-05T08:45:46","slug":"tekstil-urunleri-icin-beyaz-dosyalar","status":"publish","type":"product","link":"https:\/\/www.tazetrend.com\/?product=tekstil-urunleri-icin-beyaz-dosyalar","title":{"rendered":"Tekstil \u00dcr\u00fcnleri i\u00e7in Beyaz Dosyalar"},"content":{"rendered":"<p><span data-sheets-value=\"{&quot;1&quot;:2,&quot;2&quot;:&quot;Tekstil \u00fcr\u00fcnleri i\u00e7in beyaz dosyalar ile kaliteyi yakalamak ister misiniz? O halde sizin i\u00e7in \u00f6zelle\u015ftirilmi\u015f bir se\u00e7enekten yararlanmak ad\u0131na boy boy alternatifleri \u00f6 plana \u00e7\u0131karabilirsiniz. Tekstil \u00fcr\u00fcnleri ile alakal\u0131 kaliteden taviz vermeden bir se\u00e7im yapmak ad\u0131na bizi tercih edebilirsiniz.&quot;}\" data-sheets-userformat=\"{&quot;2&quot;:14337,&quot;3&quot;:{&quot;1&quot;:0,&quot;3&quot;:1},&quot;14&quot;:{&quot;1&quot;:3,&quot;3&quot;:1},&quot;15&quot;:&quot;Calibri&quot;,&quot;16&quot;:10}\">Tekstil \u00fcr\u00fcnleri i\u00e7in beyaz dosyalar ile kaliteyi yakalamak ister misiniz? O halde sizin i\u00e7in \u00f6zelle\u015ftirilmi\u015f bir se\u00e7enekten yararlanmak ad\u0131na boy boy alternatifleri \u00f6 plana \u00e7\u0131karabilirsiniz. Tekstil \u00fcr\u00fcnleri ile alakal\u0131 kaliteden taviz vermeden bir se\u00e7im yapmak ad\u0131na bizi tercih edebilirsiniz.<\/span><\/p>\n<p><iframe loading=\"lazy\" src=\"https:\/\/assets.pinterest.com\/ext\/embed.html?id=694539573783891760\" width=\"236\" height=\"454\" frameborder=\"0\" scrolling=\"no\"><\/iframe><\/p>\n","protected":false},"excerpt":{"rendered":"<p><a href=\"https:\/\/www.tazetrend.com\/online-randevu\"><img decoding=\"async\" loading=\"lazy\" class=\"alignnone wp-image-11666 size-full\" src=\"https:\/\/www.tazetrend.com\/wp-content\/uploads\/2021\/02\/online-randevu-alin.jpg\" alt=\"online randevu\" width=\"400\" height=\"100\" \/><\/a><\/p>\n","protected":false},"featured_media":10372,"comment_status":"open","ping_status":"closed","template":"","meta":[],"product_cat":[168],"product_tag":[],"_links":{"self":[{"href":"https:\/\/www.tazetrend.com\/index.php?rest_route=\/wp\/v2\/product\/10433"}],"collection":[{"href":"https:\/\/www.tazetrend.com\/index.php?rest_route=\/wp\/v2\/product"}],"about":[{"href":"https:\/\/www.tazetrend.com\/index.php?rest_route=\/wp\/v2\/types\/product"}],"replies":[{"embeddable":true,"href":"https:\/\/www.tazetrend.com\/index.php?rest_route=%2Fwp%2Fv2%2Fcomments&post=10433"}],"wp:featuredmedia":[{"embeddable":true,"href":"https:\/\/www.tazetrend.com\/index.php?rest_route=\/wp\/v2\/media\/10372"}],"wp:attachment":[{"href":"https:\/\/www.tazetrend.com\/index.php?rest_route=%2Fwp%2Fv2%2Fmedia&parent=10433"}],"wp:term":[{"taxonomy":"product_cat","embeddable":true,"href":"https:\/\/www.tazetrend.com\/index.php?rest_route=%2Fwp%2Fv2%2Fproduct_cat&post=10433"},{"taxonomy":"product_tag","embeddable":true,"href":"https:\/\/www.tazetrend.com\/index.php?rest_route=%2Fwp%2Fv2%2Fproduct_tag&post=10433"}],"curies":[{"name":"wp","href":"https:\/\/api.w.org\/{rel}","templated":true}]}}