{"id":10432,"date":"2021-02-23T17:40:39","date_gmt":"2021-02-23T14:40:39","guid":{"rendered":"https:\/\/www.tazetrend.com\/?post_type=product&#038;p=10432"},"modified":"2021-08-05T11:45:46","modified_gmt":"2021-08-05T08:45:46","slug":"mini-kraft-dosyalar","status":"publish","type":"product","link":"https:\/\/www.tazetrend.com\/?product=mini-kraft-dosyalar","title":{"rendered":"Mini Kraft Dosyalar"},"content":{"rendered":"<p><span data-sheets-value=\"{&quot;1&quot;:2,&quot;2&quot;:&quot;Mini kraft dosyalar aras\u0131ndan bir se\u00e7im yapmak m\u0131 istiyorsunuz? O halde kaliteden yana tercih kullanabilir ve kraft dosya ayr\u0131cal\u0131klar\u0131n\u0131 fazlas\u0131yla ya\u015fayabilirsiniz. \u0130\u00e7erisine pek \u00e7ok hediyelik \u00fcr\u00fcn yerle\u015ftirebilece\u011finiz bu \u00e7ok \u00f6zel kraft dosyalar\u0131 siz de tercih edin ve ayr\u0131cal\u0131klar\u0131 yakalay\u0131n!&quot;}\" data-sheets-userformat=\"{&quot;2&quot;:14337,&quot;3&quot;:{&quot;1&quot;:0,&quot;3&quot;:1},&quot;14&quot;:{&quot;1&quot;:3,&quot;3&quot;:1},&quot;15&quot;:&quot;Calibri&quot;,&quot;16&quot;:10}\">Mini kraft dosyalar aras\u0131ndan bir se\u00e7im yapmak m\u0131 istiyorsunuz? O halde kaliteden yana tercih kullanabilir ve kraft dosya ayr\u0131cal\u0131klar\u0131n\u0131 fazlas\u0131yla ya\u015fayabilirsiniz. \u0130\u00e7erisine pek \u00e7ok hediyelik \u00fcr\u00fcn yerle\u015ftirebilece\u011finiz bu \u00e7ok \u00f6zel kraft dosyalar\u0131 siz de tercih edin ve ayr\u0131cal\u0131klar\u0131 yakalay\u0131n!<\/span><\/p>\n<p><iframe loading=\"lazy\" src=\"https:\/\/assets.pinterest.com\/ext\/embed.html?id=694539573783891622\" width=\"236\" height=\"454\" frameborder=\"0\" scrolling=\"no\"><\/iframe><\/p>\n<p>&nbsp;<\/p>\n","protected":false},"excerpt":{"rendered":"<p><a href=\"https:\/\/www.tazetrend.com\/online-randevu\"><img decoding=\"async\" loading=\"lazy\" class=\"alignnone wp-image-11666 size-full\" src=\"https:\/\/www.tazetrend.com\/wp-content\/uploads\/2021\/02\/online-randevu-alin.jpg\" alt=\"online randevu\" width=\"400\" height=\"100\" \/><\/a><\/p>\n","protected":false},"featured_media":10374,"comment_status":"open","ping_status":"closed","template":"","meta":[],"product_cat":[168],"product_tag":[],"_links":{"self":[{"href":"https:\/\/www.tazetrend.com\/index.php?rest_route=\/wp\/v2\/product\/10432"}],"collection":[{"href":"https:\/\/www.tazetrend.com\/index.php?rest_route=\/wp\/v2\/product"}],"about":[{"href":"https:\/\/www.tazetrend.com\/index.php?rest_route=\/wp\/v2\/types\/product"}],"replies":[{"embeddable":true,"href":"https:\/\/www.tazetrend.com\/index.php?rest_route=%2Fwp%2Fv2%2Fcomments&post=10432"}],"wp:featuredmedia":[{"embeddable":true,"href":"https:\/\/www.tazetrend.com\/index.php?rest_route=\/wp\/v2\/media\/10374"}],"wp:attachment":[{"href":"https:\/\/www.tazetrend.com\/index.php?rest_route=%2Fwp%2Fv2%2Fmedia&parent=10432"}],"wp:term":[{"taxonomy":"product_cat","embeddable":true,"href":"https:\/\/www.tazetrend.com\/index.php?rest_route=%2Fwp%2Fv2%2Fproduct_cat&post=10432"},{"taxonomy":"product_tag","embeddable":true,"href":"https:\/\/www.tazetrend.com\/index.php?rest_route=%2Fwp%2Fv2%2Fproduct_tag&post=10432"}],"curies":[{"name":"wp","href":"https:\/\/api.w.org\/{rel}","templated":true}]}}