{"id":10431,"date":"2021-02-23T17:40:36","date_gmt":"2021-02-23T14:40:36","guid":{"rendered":"https:\/\/www.tazetrend.com\/?post_type=product&#038;p=10431"},"modified":"2021-08-05T11:45:46","modified_gmt":"2021-08-05T08:45:46","slug":"kucuk-boy-kraft-dosyalar","status":"publish","type":"product","link":"https:\/\/www.tazetrend.com\/?product=kucuk-boy-kraft-dosyalar","title":{"rendered":"K\u00fc\u00e7\u00fck Boy Kraft Dosyalar"},"content":{"rendered":"<p><span data-sheets-value=\"{&quot;1&quot;:2,&quot;2&quot;:&quot;K\u00fc\u00e7\u00fck boy kraft dosyalar aras\u0131ndan en ideal se\u00e7eneklerden bir tanesiyle harekete ge\u00e7in! Hediyelik \u00fcr\u00fcnler sat\u0131n ald\u0131\u011f\u0131n\u0131zda ambalaj malzemesi konusunda karars\u0131z kalmaktan uzak durun! Kraft dosyalar\u0131n ambalaj malzemesi olmas\u0131n\u0131n yan\u0131 s\u0131ra kusursuz birer tasar\u0131m \u00f6\u011fesi olmas\u0131 avantaj\u0131n\u0131 da fazlas\u0131yla hissedin!&quot;}\" data-sheets-userformat=\"{&quot;2&quot;:14337,&quot;3&quot;:{&quot;1&quot;:0,&quot;3&quot;:1},&quot;14&quot;:{&quot;1&quot;:3,&quot;3&quot;:1},&quot;15&quot;:&quot;Calibri&quot;,&quot;16&quot;:10}\">K\u00fc\u00e7\u00fck boy kraft dosyalar aras\u0131ndan en ideal se\u00e7eneklerden bir tanesiyle harekete ge\u00e7in! Hediyelik \u00fcr\u00fcnler sat\u0131n ald\u0131\u011f\u0131n\u0131zda ambalaj malzemesi konusunda karars\u0131z kalmaktan uzak durun! Kraft dosyalar\u0131n ambalaj malzemesi olmas\u0131n\u0131n yan\u0131 s\u0131ra kusursuz birer tasar\u0131m \u00f6\u011fesi olmas\u0131 avantaj\u0131n\u0131 da fazlas\u0131yla hissedin!<\/span><\/p>\n<p><iframe loading=\"lazy\" src=\"https:\/\/assets.pinterest.com\/ext\/embed.html?id=694539573783891674\" width=\"236\" height=\"454\" frameborder=\"0\" scrolling=\"no\"><\/iframe><\/p>\n","protected":false},"excerpt":{"rendered":"<p><a href=\"https:\/\/www.tazetrend.com\/online-randevu\"><img decoding=\"async\" loading=\"lazy\" class=\"alignnone wp-image-11666 size-full\" src=\"https:\/\/www.tazetrend.com\/wp-content\/uploads\/2021\/02\/online-randevu-alin.jpg\" alt=\"online randevu\" width=\"400\" height=\"100\" \/><\/a><\/p>\n","protected":false},"featured_media":10377,"comment_status":"open","ping_status":"closed","template":"","meta":[],"product_cat":[168],"product_tag":[],"_links":{"self":[{"href":"https:\/\/www.tazetrend.com\/index.php?rest_route=\/wp\/v2\/product\/10431"}],"collection":[{"href":"https:\/\/www.tazetrend.com\/index.php?rest_route=\/wp\/v2\/product"}],"about":[{"href":"https:\/\/www.tazetrend.com\/index.php?rest_route=\/wp\/v2\/types\/product"}],"replies":[{"embeddable":true,"href":"https:\/\/www.tazetrend.com\/index.php?rest_route=%2Fwp%2Fv2%2Fcomments&post=10431"}],"wp:featuredmedia":[{"embeddable":true,"href":"https:\/\/www.tazetrend.com\/index.php?rest_route=\/wp\/v2\/media\/10377"}],"wp:attachment":[{"href":"https:\/\/www.tazetrend.com\/index.php?rest_route=%2Fwp%2Fv2%2Fmedia&parent=10431"}],"wp:term":[{"taxonomy":"product_cat","embeddable":true,"href":"https:\/\/www.tazetrend.com\/index.php?rest_route=%2Fwp%2Fv2%2Fproduct_cat&post=10431"},{"taxonomy":"product_tag","embeddable":true,"href":"https:\/\/www.tazetrend.com\/index.php?rest_route=%2Fwp%2Fv2%2Fproduct_tag&post=10431"}],"curies":[{"name":"wp","href":"https:\/\/api.w.org\/{rel}","templated":true}]}}