{"id":10429,"date":"2021-02-23T17:40:57","date_gmt":"2021-02-23T14:40:57","guid":{"rendered":"https:\/\/www.tazetrend.com\/?post_type=product&#038;p=10429"},"modified":"2021-08-05T11:45:46","modified_gmt":"2021-08-05T08:45:46","slug":"kalin-tekstil-urunleri-icin-kraft-dosyalar","status":"publish","type":"product","link":"https:\/\/www.tazetrend.com\/?product=kalin-tekstil-urunleri-icin-kraft-dosyalar","title":{"rendered":"Kal\u0131n Tekstil \u00dcr\u00fcnleri i\u00e7in Kraft Dosyalar"},"content":{"rendered":"<p><span data-sheets-value=\"{&quot;1&quot;:2,&quot;2&quot;:&quot;Kal\u0131n tekstil \u00fcr\u00fcnleri i\u00e7in kraft dosyalar ile kaliteden yana tercih kullanmak ister misiniz? Kolay y\u0131pranmayan kraft dosyalar\u0131n size \u00f6zel tasar\u0131mlarla \u00f6n plana \u00e7\u0131kacak \u00f6zelliklere sahip olaca\u011f\u0131ndan emin olabilirsiniz. Ambalaj konusunda tercihinizi kraft bir dosyadan kulland\u0131\u011f\u0131n\u0131zda kaliteyi fazlas\u0131yla ya\u015fayabileceksiniz.&quot;}\" data-sheets-userformat=\"{&quot;2&quot;:14337,&quot;3&quot;:{&quot;1&quot;:0,&quot;3&quot;:1},&quot;14&quot;:{&quot;1&quot;:3,&quot;3&quot;:1},&quot;15&quot;:&quot;Calibri&quot;,&quot;16&quot;:10}\">Kal\u0131n tekstil \u00fcr\u00fcnleri i\u00e7in kraft dosyalar ile kaliteden yana tercih kullanmak ister misiniz? Kolay y\u0131pranmayan kraft dosyalar\u0131n size \u00f6zel tasar\u0131mlarla \u00f6n plana \u00e7\u0131kacak \u00f6zelliklere sahip olaca\u011f\u0131ndan emin olabilirsiniz. Ambalaj konusunda tercihinizi kraft bir dosyadan kulland\u0131\u011f\u0131n\u0131zda kaliteyi fazlas\u0131yla ya\u015fayabileceksiniz.<\/span><\/p>\n<p><iframe loading=\"lazy\" src=\"https:\/\/assets.pinterest.com\/ext\/embed.html?id=694539573783891559\" width=\"236\" height=\"454\" frameborder=\"0\" scrolling=\"no\"><\/iframe><\/p>\n<p>&nbsp;<\/p>\n","protected":false},"excerpt":{"rendered":"<p><a href=\"https:\/\/www.tazetrend.com\/online-randevu\"><img decoding=\"async\" loading=\"lazy\" class=\"alignnone wp-image-11666 size-full\" src=\"https:\/\/www.tazetrend.com\/wp-content\/uploads\/2021\/02\/online-randevu-alin.jpg\" alt=\"online randevu\" width=\"400\" height=\"100\" \/><\/a><\/p>\n","protected":false},"featured_media":10387,"comment_status":"open","ping_status":"closed","template":"","meta":[],"product_cat":[168],"product_tag":[],"_links":{"self":[{"href":"https:\/\/www.tazetrend.com\/index.php?rest_route=\/wp\/v2\/product\/10429"}],"collection":[{"href":"https:\/\/www.tazetrend.com\/index.php?rest_route=\/wp\/v2\/product"}],"about":[{"href":"https:\/\/www.tazetrend.com\/index.php?rest_route=\/wp\/v2\/types\/product"}],"replies":[{"embeddable":true,"href":"https:\/\/www.tazetrend.com\/index.php?rest_route=%2Fwp%2Fv2%2Fcomments&post=10429"}],"wp:featuredmedia":[{"embeddable":true,"href":"https:\/\/www.tazetrend.com\/index.php?rest_route=\/wp\/v2\/media\/10387"}],"wp:attachment":[{"href":"https:\/\/www.tazetrend.com\/index.php?rest_route=%2Fwp%2Fv2%2Fmedia&parent=10429"}],"wp:term":[{"taxonomy":"product_cat","embeddable":true,"href":"https:\/\/www.tazetrend.com\/index.php?rest_route=%2Fwp%2Fv2%2Fproduct_cat&post=10429"},{"taxonomy":"product_tag","embeddable":true,"href":"https:\/\/www.tazetrend.com\/index.php?rest_route=%2Fwp%2Fv2%2Fproduct_tag&post=10429"}],"curies":[{"name":"wp","href":"https:\/\/api.w.org\/{rel}","templated":true}]}}