{"id":10312,"date":"2021-02-22T12:41:30","date_gmt":"2021-02-22T09:41:30","guid":{"rendered":"https:\/\/www.tazetrend.com\/?post_type=product&#038;p=10312"},"modified":"2021-08-09T17:20:44","modified_gmt":"2021-08-09T14:20:44","slug":"beauty-temali-sekreterlik","status":"publish","type":"product","link":"https:\/\/www.tazetrend.com\/?product=beauty-temali-sekreterlik","title":{"rendered":"Beauty Temal\u0131 Sekreterlik"},"content":{"rendered":"<p><span data-sheets-value=\"{&quot;1&quot;:2,&quot;2&quot;:&quot;Sade ve \u015f\u0131k tasar\u0131m\u0131 ile m\u00fckemmel bir g\u00f6r\u00fcn\u00fcme sahip olan Beaty Temal\u0131 Sekreterlik ile notlar\u0131n\u0131z\u0131 al\u0131rken kendinizi ferahlam\u0131\u015f hissedeceksiniz. Yan\u0131n\u0131zdan ay\u0131rmak istemedi\u011finiz \u015f\u0131kl\u0131kta Beaty Temal\u0131 Sekreterlik sat\u0131n al\u0131nmak i\u00e7in sizi bekliyor.&quot;}\" data-sheets-userformat=\"{&quot;2&quot;:14529,&quot;3&quot;:{&quot;1&quot;:0,&quot;3&quot;:1},&quot;9&quot;:0,&quot;10&quot;:1,&quot;14&quot;:[null,2,0],&quot;15&quot;:&quot;Calibri&quot;,&quot;16&quot;:10}\">Sade ve \u015f\u0131k tasar\u0131m\u0131 ile m\u00fckemmel bir g\u00f6r\u00fcn\u00fcme sahip olan Beaty Temal\u0131 Sekreterlik ile notlar\u0131n\u0131z\u0131 al\u0131rken kendinizi ferahlam\u0131\u015f hissedeceksiniz. Yan\u0131n\u0131zdan ay\u0131rmak istemedi\u011finiz \u015f\u0131kl\u0131kta Beaty Temal\u0131 Sekreterlik sat\u0131n al\u0131nmak i\u00e7in sizi bekliyor.<\/span><\/p>\n<p><iframe loading=\"lazy\" src=\"https:\/\/assets.pinterest.com\/ext\/embed.html?id=694539573783837997\" width=\"236\" height=\"454\" frameborder=\"0\" scrolling=\"no\"><\/iframe><\/p>\n","protected":false},"excerpt":{"rendered":"<p><strong>\u00dcr\u00fcn Kodu: TTS09<\/strong><\/p>\n<p><a href=\"https:\/\/www.tazetrend.com\/online-randevu\"><img decoding=\"async\" loading=\"lazy\" class=\"alignnone wp-image-11666 size-full\" src=\"https:\/\/www.tazetrend.com\/wp-content\/uploads\/2021\/02\/online-randevu-alin.jpg\" alt=\"online randevu\" width=\"400\" height=\"100\" \/><\/a><\/p>\n","protected":false},"featured_media":10264,"comment_status":"open","ping_status":"closed","template":"","meta":[],"product_cat":[15],"product_tag":[],"_links":{"self":[{"href":"https:\/\/www.tazetrend.com\/index.php?rest_route=\/wp\/v2\/product\/10312"}],"collection":[{"href":"https:\/\/www.tazetrend.com\/index.php?rest_route=\/wp\/v2\/product"}],"about":[{"href":"https:\/\/www.tazetrend.com\/index.php?rest_route=\/wp\/v2\/types\/product"}],"replies":[{"embeddable":true,"href":"https:\/\/www.tazetrend.com\/index.php?rest_route=%2Fwp%2Fv2%2Fcomments&post=10312"}],"wp:featuredmedia":[{"embeddable":true,"href":"https:\/\/www.tazetrend.com\/index.php?rest_route=\/wp\/v2\/media\/10264"}],"wp:attachment":[{"href":"https:\/\/www.tazetrend.com\/index.php?rest_route=%2Fwp%2Fv2%2Fmedia&parent=10312"}],"wp:term":[{"taxonomy":"product_cat","embeddable":true,"href":"https:\/\/www.tazetrend.com\/index.php?rest_route=%2Fwp%2Fv2%2Fproduct_cat&post=10312"},{"taxonomy":"product_tag","embeddable":true,"href":"https:\/\/www.tazetrend.com\/index.php?rest_route=%2Fwp%2Fv2%2Fproduct_tag&post=10312"}],"curies":[{"name":"wp","href":"https:\/\/api.w.org\/{rel}","templated":true}]}}