{"id":10311,"date":"2021-02-22T12:41:44","date_gmt":"2021-02-22T09:41:44","guid":{"rendered":"https:\/\/www.tazetrend.com\/?post_type=product&#038;p=10311"},"modified":"2021-08-09T17:20:29","modified_gmt":"2021-08-09T14:20:29","slug":"chanel-temali-sekreterlik","status":"publish","type":"product","link":"https:\/\/www.tazetrend.com\/?product=chanel-temali-sekreterlik","title":{"rendered":"Chanel Temal\u0131 Sekreterlik"},"content":{"rendered":"<p><span data-sheets-value=\"{&quot;1&quot;:2,&quot;2&quot;:&quot;Chanel temal\u0131 sekterlik ile siyah ve beyaz\u0131n uyumunu notlar\u0131n\u0131za yans\u0131tabilirsiniz. Kaliteli malzemelerden elde edilen bu \u015f\u0131k Chanel Temal\u0131 Sekterlik\u2019e sahip olmak i\u00e7in do\u011fru adrestesiniz. Siz de siyah ve beyaz\u0131n uyumunu \u00e7ok seviyorsan\u0131z bu \u00fcr\u00fcn tam size g\u00f6re.&quot;}\" data-sheets-userformat=\"{&quot;2&quot;:14529,&quot;3&quot;:{&quot;1&quot;:0,&quot;3&quot;:1},&quot;9&quot;:0,&quot;10&quot;:1,&quot;14&quot;:[null,2,0],&quot;15&quot;:&quot;Calibri&quot;,&quot;16&quot;:10}\">Chanel temal\u0131 sekterlik ile siyah ve beyaz\u0131n uyumunu notlar\u0131n\u0131za yans\u0131tabilirsiniz. Kaliteli malzemelerden elde edilen bu \u015f\u0131k Chanel Temal\u0131 Sekterlik\u2019e sahip olmak i\u00e7in do\u011fru adrestesiniz. Siz de siyah ve beyaz\u0131n uyumunu \u00e7ok seviyorsan\u0131z bu \u00fcr\u00fcn tam size g\u00f6re.<\/span><\/p>\n<p><iframe loading=\"lazy\" src=\"https:\/\/assets.pinterest.com\/ext\/embed.html?id=694539573783837956\" width=\"236\" height=\"454\" frameborder=\"0\" scrolling=\"no\"><\/iframe><\/p>\n","protected":false},"excerpt":{"rendered":"<p><strong>\u00dcr\u00fcn Kodu: TTS08<\/strong><\/p>\n<p><a href=\"https:\/\/www.tazetrend.com\/online-randevu\"><img decoding=\"async\" loading=\"lazy\" class=\"alignnone wp-image-11666 size-full\" src=\"https:\/\/www.tazetrend.com\/wp-content\/uploads\/2021\/02\/online-randevu-alin.jpg\" alt=\"online randevu\" width=\"400\" height=\"100\" \/><\/a><\/p>\n","protected":false},"featured_media":10268,"comment_status":"open","ping_status":"closed","template":"","meta":[],"product_cat":[15],"product_tag":[],"_links":{"self":[{"href":"https:\/\/www.tazetrend.com\/index.php?rest_route=\/wp\/v2\/product\/10311"}],"collection":[{"href":"https:\/\/www.tazetrend.com\/index.php?rest_route=\/wp\/v2\/product"}],"about":[{"href":"https:\/\/www.tazetrend.com\/index.php?rest_route=\/wp\/v2\/types\/product"}],"replies":[{"embeddable":true,"href":"https:\/\/www.tazetrend.com\/index.php?rest_route=%2Fwp%2Fv2%2Fcomments&post=10311"}],"wp:featuredmedia":[{"embeddable":true,"href":"https:\/\/www.tazetrend.com\/index.php?rest_route=\/wp\/v2\/media\/10268"}],"wp:attachment":[{"href":"https:\/\/www.tazetrend.com\/index.php?rest_route=%2Fwp%2Fv2%2Fmedia&parent=10311"}],"wp:term":[{"taxonomy":"product_cat","embeddable":true,"href":"https:\/\/www.tazetrend.com\/index.php?rest_route=%2Fwp%2Fv2%2Fproduct_cat&post=10311"},{"taxonomy":"product_tag","embeddable":true,"href":"https:\/\/www.tazetrend.com\/index.php?rest_route=%2Fwp%2Fv2%2Fproduct_tag&post=10311"}],"curies":[{"name":"wp","href":"https:\/\/api.w.org\/{rel}","templated":true}]}}