{"id":10310,"date":"2021-02-22T12:42:11","date_gmt":"2021-02-22T09:42:11","guid":{"rendered":"https:\/\/www.tazetrend.com\/?post_type=product&#038;p=10310"},"modified":"2022-11-16T21:07:12","modified_gmt":"2022-11-16T18:07:12","slug":"diamond-temali-sekreterlik","status":"publish","type":"product","link":"https:\/\/www.tazetrend.com\/?product=diamond-temali-sekreterlik","title":{"rendered":"Diamond Temal\u0131 Sekreterlik"},"content":{"rendered":"<p><span data-sheets-value=\"{&quot;1&quot;:2,&quot;2&quot;:&quot;L\u00fcx bir sekreterlik mi ar\u0131yorsunuz? Sade tasar\u0131m\u0131, elmas\u0131n zarifli\u011fi ve pembenin soft tonlar\u0131 ile m\u00fckemmel bir g\u00f6r\u00fcn\u00fcme sahip olan Diamond Temal\u0131 Sekterelik\u2019i tercih etmek i\u00e7in acele edin. En kullan\u0131\u015fl\u0131 hali ile sizlere sunulan bu \u00fcr\u00fcn\u00fc hemen sipari\u015f verebilirsiniz.&quot;}\" data-sheets-userformat=\"{&quot;2&quot;:14529,&quot;3&quot;:{&quot;1&quot;:0,&quot;3&quot;:1},&quot;9&quot;:0,&quot;10&quot;:1,&quot;14&quot;:[null,2,0],&quot;15&quot;:&quot;Calibri&quot;,&quot;16&quot;:10}\">L\u00fcx bir sekreterlik mi ar\u0131yorsunuz? Sade tasar\u0131m\u0131, elmas\u0131n zarifli\u011fi ve pembenin soft tonlar\u0131 ile m\u00fckemmel bir g\u00f6r\u00fcn\u00fcme sahip olan Diamond Temal\u0131 Sekterelik\u2019i tercih etmek i\u00e7in acele edin. En kullan\u0131\u015fl\u0131 hali ile sizlere sunulan bu \u00fcr\u00fcn\u00fc hemen sipari\u015f verebilirsiniz.<\/span><\/p>\n<p><iframe loading=\"lazy\" src=\"https:\/\/assets.pinterest.com\/ext\/embed.html?id=694539573783837902\" width=\"236\" height=\"336\" frameborder=\"0\" scrolling=\"no\"><\/iframe><\/p>\n<p>&nbsp;<\/p>\n","protected":false},"excerpt":{"rendered":"<p><strong>\u00dcr\u00fcn Kodu: TTS07<\/strong><\/p>\n<p><a href=\"https:\/\/www.tazetrend.com\/online-randevu\"><img decoding=\"async\" loading=\"lazy\" class=\"alignnone wp-image-11666 size-full\" src=\"https:\/\/www.tazetrend.com\/wp-content\/uploads\/2021\/02\/online-randevu-alin.jpg\" alt=\"online randevu\" width=\"400\" height=\"100\" \/><\/a><\/p>\n","protected":false},"featured_media":10272,"comment_status":"open","ping_status":"closed","template":"","meta":[],"product_cat":[15],"product_tag":[],"_links":{"self":[{"href":"https:\/\/www.tazetrend.com\/index.php?rest_route=\/wp\/v2\/product\/10310"}],"collection":[{"href":"https:\/\/www.tazetrend.com\/index.php?rest_route=\/wp\/v2\/product"}],"about":[{"href":"https:\/\/www.tazetrend.com\/index.php?rest_route=\/wp\/v2\/types\/product"}],"replies":[{"embeddable":true,"href":"https:\/\/www.tazetrend.com\/index.php?rest_route=%2Fwp%2Fv2%2Fcomments&post=10310"}],"wp:featuredmedia":[{"embeddable":true,"href":"https:\/\/www.tazetrend.com\/index.php?rest_route=\/wp\/v2\/media\/10272"}],"wp:attachment":[{"href":"https:\/\/www.tazetrend.com\/index.php?rest_route=%2Fwp%2Fv2%2Fmedia&parent=10310"}],"wp:term":[{"taxonomy":"product_cat","embeddable":true,"href":"https:\/\/www.tazetrend.com\/index.php?rest_route=%2Fwp%2Fv2%2Fproduct_cat&post=10310"},{"taxonomy":"product_tag","embeddable":true,"href":"https:\/\/www.tazetrend.com\/index.php?rest_route=%2Fwp%2Fv2%2Fproduct_tag&post=10310"}],"curies":[{"name":"wp","href":"https:\/\/api.w.org\/{rel}","templated":true}]}}