{"id":10309,"date":"2021-02-22T12:46:00","date_gmt":"2021-02-22T09:46:00","guid":{"rendered":"https:\/\/www.tazetrend.com\/?post_type=product&#038;p=10309"},"modified":"2022-01-25T12:54:25","modified_gmt":"2022-01-25T09:54:25","slug":"kaktus-temali-ofis-seti","status":"publish","type":"product","link":"https:\/\/www.tazetrend.com\/?product=kaktus-temali-ofis-seti","title":{"rendered":"Kakt\u00fcs Temal\u0131 Ofis Seti"},"content":{"rendered":"<p><span data-sheets-value=\"{&quot;1&quot;:2,&quot;2&quot;:&quot;Sade ve kakt\u00fcs temal\u0131 bir ofis setine sahip olmak ister misiniz? Kakt\u00fcsleri \u00e7ok seviyor ve ofis masan\u0131zda da bulunduruyorsan\u0131z bu kakt\u00fcs tasar\u0131ml\u0131 ofis seti tam size g\u00f6re.&quot;}\" data-sheets-userformat=\"{&quot;2&quot;:14337,&quot;3&quot;:{&quot;1&quot;:0,&quot;3&quot;:1},&quot;14&quot;:[null,2,0],&quot;15&quot;:&quot;Arial&quot;,&quot;16&quot;:10}\">Sade ve kakt\u00fcs temal\u0131 bir ofis setine sahip olmak ister misiniz? Kakt\u00fcsleri \u00e7ok seviyor ve ofis masan\u0131zda da bulunduruyorsan\u0131z bu kakt\u00fcs tasar\u0131ml\u0131 ofis seti tam size g\u00f6re.<\/span><\/p>\n<p><iframe loading=\"lazy\" src=\"https:\/\/assets.pinterest.com\/ext\/embed.html?id=694539573783838074\" width=\"236\" height=\"454\" frameborder=\"0\" scrolling=\"no\"><\/iframe><\/p>\n","protected":false},"excerpt":{"rendered":"<p><strong>\u00dcr\u00fcn Kodu: TTS06<\/strong><\/p>\n<p><a href=\"https:\/\/www.tazetrend.com\/online-randevu\"><img decoding=\"async\" loading=\"lazy\" class=\"alignnone wp-image-11666 size-full\" src=\"https:\/\/www.tazetrend.com\/wp-content\/uploads\/2021\/02\/online-randevu-alin.jpg\" alt=\"online randevu\" width=\"400\" height=\"100\" \/><\/a><\/p>\n","protected":false},"featured_media":10276,"comment_status":"open","ping_status":"closed","template":"","meta":[],"product_cat":[103],"product_tag":[],"_links":{"self":[{"href":"https:\/\/www.tazetrend.com\/index.php?rest_route=\/wp\/v2\/product\/10309"}],"collection":[{"href":"https:\/\/www.tazetrend.com\/index.php?rest_route=\/wp\/v2\/product"}],"about":[{"href":"https:\/\/www.tazetrend.com\/index.php?rest_route=\/wp\/v2\/types\/product"}],"replies":[{"embeddable":true,"href":"https:\/\/www.tazetrend.com\/index.php?rest_route=%2Fwp%2Fv2%2Fcomments&post=10309"}],"wp:featuredmedia":[{"embeddable":true,"href":"https:\/\/www.tazetrend.com\/index.php?rest_route=\/wp\/v2\/media\/10276"}],"wp:attachment":[{"href":"https:\/\/www.tazetrend.com\/index.php?rest_route=%2Fwp%2Fv2%2Fmedia&parent=10309"}],"wp:term":[{"taxonomy":"product_cat","embeddable":true,"href":"https:\/\/www.tazetrend.com\/index.php?rest_route=%2Fwp%2Fv2%2Fproduct_cat&post=10309"},{"taxonomy":"product_tag","embeddable":true,"href":"https:\/\/www.tazetrend.com\/index.php?rest_route=%2Fwp%2Fv2%2Fproduct_tag&post=10309"}],"curies":[{"name":"wp","href":"https:\/\/api.w.org\/{rel}","templated":true}]}}