{"id":10308,"date":"2021-02-22T12:46:27","date_gmt":"2021-02-22T09:46:27","guid":{"rendered":"https:\/\/www.tazetrend.com\/?post_type=product&#038;p=10308"},"modified":"2022-01-25T12:54:16","modified_gmt":"2022-01-25T09:54:16","slug":"mickey-mouse-temali-kutu-ve-sekreterlik-seti","status":"publish","type":"product","link":"https:\/\/www.tazetrend.com\/?product=mickey-mouse-temali-kutu-ve-sekreterlik-seti","title":{"rendered":"Mickey Mouse Temal\u0131 Kutu ve Sekreterlik Seti"},"content":{"rendered":"<p><span data-sheets-value=\"{&quot;1&quot;:2,&quot;2&quot;:&quot;\u00c7ocuklar\u0131n en sevdi\u011fi karakterler hangileridir? Siz de bu konuda kusursuz alternatifler yakalayarak kendiniz i\u00e7in kaliteyi elde etmek istiyor olabilirsiniz. Mickey Mouse ile farkl\u0131 bir konseptle haz\u0131rlanm\u0131\u015f temal\u0131 kutu ve sekreter setine hemen kap\u0131 aralay\u0131n!&quot;}\" data-sheets-userformat=\"{&quot;2&quot;:14337,&quot;3&quot;:{&quot;1&quot;:0,&quot;3&quot;:1},&quot;14&quot;:[null,2,0],&quot;15&quot;:&quot;Arial&quot;,&quot;16&quot;:10}\">\u00c7ocuklar\u0131n en sevdi\u011fi karakterler hangileridir? Siz de bu konuda kusursuz alternatifler yakalayarak kendiniz i\u00e7in kaliteyi elde etmek istiyor olabilirsiniz. Mickey Mouse ile farkl\u0131 bir konseptle haz\u0131rlanm\u0131\u015f temal\u0131 kutu ve sekreter setine hemen kap\u0131 aralay\u0131n!<\/span><\/p>\n<p><iframe loading=\"lazy\" src=\"https:\/\/assets.pinterest.com\/ext\/embed.html?id=694539573783837829\" width=\"236\" height=\"454\" frameborder=\"0\" scrolling=\"no\"><\/iframe><\/p>\n","protected":false},"excerpt":{"rendered":"<p><strong>\u00dcr\u00fcn Kodu: TTS05<\/strong><\/p>\n<p><a href=\"https:\/\/www.tazetrend.com\/online-randevu\"><img decoding=\"async\" loading=\"lazy\" class=\"alignnone wp-image-11666 size-full\" src=\"https:\/\/www.tazetrend.com\/wp-content\/uploads\/2021\/02\/online-randevu-alin.jpg\" alt=\"online randevu\" width=\"400\" height=\"100\" \/><\/a><\/p>\n","protected":false},"featured_media":10281,"comment_status":"open","ping_status":"closed","template":"","meta":[],"product_cat":[103],"product_tag":[],"_links":{"self":[{"href":"https:\/\/www.tazetrend.com\/index.php?rest_route=\/wp\/v2\/product\/10308"}],"collection":[{"href":"https:\/\/www.tazetrend.com\/index.php?rest_route=\/wp\/v2\/product"}],"about":[{"href":"https:\/\/www.tazetrend.com\/index.php?rest_route=\/wp\/v2\/types\/product"}],"replies":[{"embeddable":true,"href":"https:\/\/www.tazetrend.com\/index.php?rest_route=%2Fwp%2Fv2%2Fcomments&post=10308"}],"wp:featuredmedia":[{"embeddable":true,"href":"https:\/\/www.tazetrend.com\/index.php?rest_route=\/wp\/v2\/media\/10281"}],"wp:attachment":[{"href":"https:\/\/www.tazetrend.com\/index.php?rest_route=%2Fwp%2Fv2%2Fmedia&parent=10308"}],"wp:term":[{"taxonomy":"product_cat","embeddable":true,"href":"https:\/\/www.tazetrend.com\/index.php?rest_route=%2Fwp%2Fv2%2Fproduct_cat&post=10308"},{"taxonomy":"product_tag","embeddable":true,"href":"https:\/\/www.tazetrend.com\/index.php?rest_route=%2Fwp%2Fv2%2Fproduct_tag&post=10308"}],"curies":[{"name":"wp","href":"https:\/\/api.w.org\/{rel}","templated":true}]}}