{"id":10307,"date":"2021-02-22T12:46:54","date_gmt":"2021-02-22T09:46:54","guid":{"rendered":"https:\/\/www.tazetrend.com\/?post_type=product&#038;p=10307"},"modified":"2021-08-09T17:18:50","modified_gmt":"2021-08-09T14:18:50","slug":"penbe-desenli-sekreterlik","status":"publish","type":"product","link":"https:\/\/www.tazetrend.com\/?product=penbe-desenli-sekreterlik","title":{"rendered":"Penbe Desenli Sekreterlik"},"content":{"rendered":"<p><span data-sheets-value=\"{&quot;1&quot;:2,&quot;2&quot;:&quot;Siz de pembe renk tutkunlar\u0131ndan m\u0131s\u0131n\u0131z? En \u015f\u0131k tasar\u0131m\u0131 ile pembenin farkl\u0131 tonlar\u0131n\u0131 bir araya getiren Penbe Desenli Sekterlik tam size g\u00f6re. Where To Next yaz\u0131s\u0131 ile da olduk\u00e7a ho\u015f bir g\u00f6r\u00fcn\u00fcm elde eden Penbe Desenli Sekreterlik\u2019i hemen sipari\u015f verebilirsiniz.&quot;}\" data-sheets-userformat=\"{&quot;2&quot;:14529,&quot;3&quot;:{&quot;1&quot;:0,&quot;3&quot;:1},&quot;9&quot;:0,&quot;10&quot;:1,&quot;14&quot;:[null,2,0],&quot;15&quot;:&quot;Calibri&quot;,&quot;16&quot;:10}\">Siz de pembe renk tutkunlar\u0131ndan m\u0131s\u0131n\u0131z? En \u015f\u0131k tasar\u0131m\u0131 ile pembenin farkl\u0131 tonlar\u0131n\u0131 bir araya getiren Penbe Desenli Sekterlik tam size g\u00f6re. Where To Next yaz\u0131s\u0131 ile da olduk\u00e7a ho\u015f bir g\u00f6r\u00fcn\u00fcm elde eden Penbe Desenli Sekreterlik\u2019i hemen sipari\u015f verebilirsiniz.<\/span><\/p>\n<p><iframe loading=\"lazy\" src=\"https:\/\/assets.pinterest.com\/ext\/embed.html?id=694539573783837780\" width=\"236\" height=\"336\" frameborder=\"0\" scrolling=\"no\"><\/iframe><\/p>\n","protected":false},"excerpt":{"rendered":"<p><strong>\u00dcr\u00fcn Kodu: TTS04<\/strong><\/p>\n<p><a href=\"https:\/\/www.tazetrend.com\/online-randevu\"><img decoding=\"async\" loading=\"lazy\" class=\"alignnone wp-image-11666 size-full\" src=\"https:\/\/www.tazetrend.com\/wp-content\/uploads\/2021\/02\/online-randevu-alin.jpg\" alt=\"online randevu\" width=\"400\" height=\"100\" \/><\/a><\/p>\n","protected":false},"featured_media":10286,"comment_status":"open","ping_status":"closed","template":"","meta":[],"product_cat":[15],"product_tag":[],"_links":{"self":[{"href":"https:\/\/www.tazetrend.com\/index.php?rest_route=\/wp\/v2\/product\/10307"}],"collection":[{"href":"https:\/\/www.tazetrend.com\/index.php?rest_route=\/wp\/v2\/product"}],"about":[{"href":"https:\/\/www.tazetrend.com\/index.php?rest_route=\/wp\/v2\/types\/product"}],"replies":[{"embeddable":true,"href":"https:\/\/www.tazetrend.com\/index.php?rest_route=%2Fwp%2Fv2%2Fcomments&post=10307"}],"wp:featuredmedia":[{"embeddable":true,"href":"https:\/\/www.tazetrend.com\/index.php?rest_route=\/wp\/v2\/media\/10286"}],"wp:attachment":[{"href":"https:\/\/www.tazetrend.com\/index.php?rest_route=%2Fwp%2Fv2%2Fmedia&parent=10307"}],"wp:term":[{"taxonomy":"product_cat","embeddable":true,"href":"https:\/\/www.tazetrend.com\/index.php?rest_route=%2Fwp%2Fv2%2Fproduct_cat&post=10307"},{"taxonomy":"product_tag","embeddable":true,"href":"https:\/\/www.tazetrend.com\/index.php?rest_route=%2Fwp%2Fv2%2Fproduct_tag&post=10307"}],"curies":[{"name":"wp","href":"https:\/\/api.w.org\/{rel}","templated":true}]}}