{"id":10306,"date":"2021-02-22T12:48:08","date_gmt":"2021-02-22T09:48:08","guid":{"rendered":"https:\/\/www.tazetrend.com\/?post_type=product&#038;p=10306"},"modified":"2021-08-09T17:17:55","modified_gmt":"2021-08-09T14:17:55","slug":"queen-temali-sekreterlik","status":"publish","type":"product","link":"https:\/\/www.tazetrend.com\/?product=queen-temali-sekreterlik","title":{"rendered":"Queen Temal\u0131 Sekreterlik"},"content":{"rendered":"<p><span data-sheets-value=\"{&quot;1&quot;:2,&quot;2&quot;:&quot;Sekreterlik tasar\u0131mlar\u0131 aras\u0131nda en \u00e7ok dikkat \u00e7ekenlerden biri olan Queen Temal\u0131 Sekreterlik \u00fczerinde g\u00f6z, dudak, ta\u00e7 ve di\u011fer k\u00fc\u00e7\u00fck semboller ile g\u00f6z kama\u015ft\u0131r\u0131c\u0131 bir g\u00f6r\u00fcn\u00fcme sahiptir. Renkli ve farkl\u0131 tasar\u0131mlar\u0131 seviyorsan\u0131z Queen Temal\u0131 Sekreterlik\u2019i tercih edebilirsiniz.&quot;}\" data-sheets-userformat=\"{&quot;2&quot;:14529,&quot;3&quot;:{&quot;1&quot;:0,&quot;3&quot;:1},&quot;9&quot;:0,&quot;10&quot;:1,&quot;14&quot;:[null,2,0],&quot;15&quot;:&quot;Calibri&quot;,&quot;16&quot;:10}\">Sekreterlik tasar\u0131mlar\u0131 aras\u0131nda en \u00e7ok dikkat \u00e7ekenlerden biri olan Queen Temal\u0131 Sekreterlik \u00fczerinde g\u00f6z, dudak, ta\u00e7 ve di\u011fer k\u00fc\u00e7\u00fck semboller ile g\u00f6z kama\u015ft\u0131r\u0131c\u0131 bir g\u00f6r\u00fcn\u00fcme sahiptir. Renkli ve farkl\u0131 tasar\u0131mlar\u0131 seviyorsan\u0131z Queen Temal\u0131 Sekreterlik\u2019i tercih edebilirsiniz.<\/span><\/p>\n<p><iframe loading=\"lazy\" src=\"https:\/\/assets.pinterest.com\/ext\/embed.html?id=694539573783837671\" width=\"236\" height=\"454\" frameborder=\"0\" scrolling=\"no\"><\/iframe><\/p>\n<p>&nbsp;<\/p>\n","protected":false},"excerpt":{"rendered":"<p><strong>\u00dcr\u00fcn Kodu: TTS03<\/strong><\/p>\n<p><a href=\"https:\/\/www.tazetrend.com\/online-randevu\"><img decoding=\"async\" loading=\"lazy\" class=\"alignnone wp-image-11666 size-full\" src=\"https:\/\/www.tazetrend.com\/wp-content\/uploads\/2021\/02\/online-randevu-alin.jpg\" alt=\"online randevu\" width=\"400\" height=\"100\" \/><\/a><\/p>\n","protected":false},"featured_media":10290,"comment_status":"open","ping_status":"closed","template":"","meta":[],"product_cat":[15],"product_tag":[],"_links":{"self":[{"href":"https:\/\/www.tazetrend.com\/index.php?rest_route=\/wp\/v2\/product\/10306"}],"collection":[{"href":"https:\/\/www.tazetrend.com\/index.php?rest_route=\/wp\/v2\/product"}],"about":[{"href":"https:\/\/www.tazetrend.com\/index.php?rest_route=\/wp\/v2\/types\/product"}],"replies":[{"embeddable":true,"href":"https:\/\/www.tazetrend.com\/index.php?rest_route=%2Fwp%2Fv2%2Fcomments&post=10306"}],"wp:featuredmedia":[{"embeddable":true,"href":"https:\/\/www.tazetrend.com\/index.php?rest_route=\/wp\/v2\/media\/10290"}],"wp:attachment":[{"href":"https:\/\/www.tazetrend.com\/index.php?rest_route=%2Fwp%2Fv2%2Fmedia&parent=10306"}],"wp:term":[{"taxonomy":"product_cat","embeddable":true,"href":"https:\/\/www.tazetrend.com\/index.php?rest_route=%2Fwp%2Fv2%2Fproduct_cat&post=10306"},{"taxonomy":"product_tag","embeddable":true,"href":"https:\/\/www.tazetrend.com\/index.php?rest_route=%2Fwp%2Fv2%2Fproduct_tag&post=10306"}],"curies":[{"name":"wp","href":"https:\/\/api.w.org\/{rel}","templated":true}]}}