{"id":10305,"date":"2021-02-22T12:48:20","date_gmt":"2021-02-22T09:48:20","guid":{"rendered":"https:\/\/www.tazetrend.com\/?post_type=product&#038;p=10305"},"modified":"2021-08-09T17:17:37","modified_gmt":"2021-08-09T14:17:37","slug":"siyah-temali-sekreterlik","status":"publish","type":"product","link":"https:\/\/www.tazetrend.com\/?product=siyah-temali-sekreterlik","title":{"rendered":"Siyah Temal\u0131 Sekreterlik"},"content":{"rendered":"<p><span data-sheets-value=\"{&quot;1&quot;:2,&quot;2&quot;:&quot;Tasar\u0131m sekreterlik modelleri aras\u0131nda yer alan Siyah Temal\u0131 Sekreterlik, siyah tutkunlar\u0131n\u0131 kendine hayran b\u0131rak\u0131yor. \u0130\u00e7i ve d\u0131\u015f\u0131 tamamen siyah olan ve \u00fczerinde \u2018Lollect Moment Not Things\u2019 yazan siyah sekreterli\u011fi tercih ederek m\u00fckemmel notlar alabilirsiniz.&quot;}\" data-sheets-userformat=\"{&quot;2&quot;:14337,&quot;3&quot;:{&quot;1&quot;:0,&quot;3&quot;:1},&quot;14&quot;:{&quot;1&quot;:3,&quot;3&quot;:1},&quot;15&quot;:&quot;Calibri&quot;,&quot;16&quot;:10}\">Tasar\u0131m sekreterlik modelleri aras\u0131nda yer alan Siyah Temal\u0131 Sekreterlik, siyah tutkunlar\u0131n\u0131 kendine hayran b\u0131rak\u0131yor. \u0130\u00e7i ve d\u0131\u015f\u0131 tamamen siyah olan ve \u00fczerinde \u2018Collect Moment Not Things\u2019 yazan siyah sekreterli\u011fi tercih ederek m\u00fckemmel notlar alabilirsiniz.<\/span><\/p>\n<p><iframe loading=\"lazy\" src=\"https:\/\/assets.pinterest.com\/ext\/embed.html?id=694539573783837607\" width=\"236\" height=\"454\" frameborder=\"0\" scrolling=\"no\"><\/iframe><\/p>\n","protected":false},"excerpt":{"rendered":"<p><strong>\u00dcr\u00fcn Kodu: TTS02<\/strong><\/p>\n<p><a href=\"https:\/\/www.tazetrend.com\/online-randevu\"><img decoding=\"async\" loading=\"lazy\" class=\"alignnone wp-image-11666 size-full\" src=\"https:\/\/www.tazetrend.com\/wp-content\/uploads\/2021\/02\/online-randevu-alin.jpg\" alt=\"online randevu\" width=\"400\" height=\"100\" \/><\/a><\/p>\n","protected":false},"featured_media":10295,"comment_status":"open","ping_status":"closed","template":"","meta":[],"product_cat":[15],"product_tag":[],"_links":{"self":[{"href":"https:\/\/www.tazetrend.com\/index.php?rest_route=\/wp\/v2\/product\/10305"}],"collection":[{"href":"https:\/\/www.tazetrend.com\/index.php?rest_route=\/wp\/v2\/product"}],"about":[{"href":"https:\/\/www.tazetrend.com\/index.php?rest_route=\/wp\/v2\/types\/product"}],"replies":[{"embeddable":true,"href":"https:\/\/www.tazetrend.com\/index.php?rest_route=%2Fwp%2Fv2%2Fcomments&post=10305"}],"wp:featuredmedia":[{"embeddable":true,"href":"https:\/\/www.tazetrend.com\/index.php?rest_route=\/wp\/v2\/media\/10295"}],"wp:attachment":[{"href":"https:\/\/www.tazetrend.com\/index.php?rest_route=%2Fwp%2Fv2%2Fmedia&parent=10305"}],"wp:term":[{"taxonomy":"product_cat","embeddable":true,"href":"https:\/\/www.tazetrend.com\/index.php?rest_route=%2Fwp%2Fv2%2Fproduct_cat&post=10305"},{"taxonomy":"product_tag","embeddable":true,"href":"https:\/\/www.tazetrend.com\/index.php?rest_route=%2Fwp%2Fv2%2Fproduct_tag&post=10305"}],"curies":[{"name":"wp","href":"https:\/\/api.w.org\/{rel}","templated":true}]}}