{"id":10257,"date":"2021-02-22T08:57:30","date_gmt":"2021-02-22T05:57:30","guid":{"rendered":"https:\/\/www.tazetrend.com\/?post_type=product&#038;p=10257"},"modified":"2021-09-27T16:01:10","modified_gmt":"2021-09-27T13:01:10","slug":"christmas-temali-ozel-urun-kutusu","status":"publish","type":"product","link":"https:\/\/www.tazetrend.com\/?product=christmas-temali-ozel-urun-kutusu","title":{"rendered":"Christmas Temal\u0131 \u00d6zel \u00dcr\u00fcn Kutusu"},"content":{"rendered":"<p><iframe loading=\"lazy\" src=\"https:\/\/assets.pinterest.com\/ext\/embed.html?id=694539573783832694\" width=\"236\" height=\"454\" frameborder=\"0\" scrolling=\"no\"><span data-mce-type=\"bookmark\" style=\"display: inline-block; width: 0px; overflow: hidden; line-height: 0;\" class=\"mce_SELRES_start\">\ufeff<\/span><\/iframe><\/p>\n","protected":false},"excerpt":{"rendered":"<p><strong>\u00dcr\u00fcn Kodu: CRM03<\/strong><\/p>\n<p>Christmas temal\u0131 \u00f6zel \u00fcr\u00fcn kutusu arayanlar i\u00e7in harika se\u00e7eneklerden bir tanesi! Noel Baba ile renk ve tasar\u0131m\u0131 enfes bir noktaya ula\u015fan bu kutular\u0131 di\u011ferlerinden ay\u0131ran en \u00f6nemli \u00f6zellikleri tasar\u0131mlar\u0131. \u00dcstelik boyutlar\u0131 da \u00fcr\u00fcn yerle\u015ftirmek i\u00e7in ideal!<\/p>\n<p><a href=\"https:\/\/www.tazetrend.com\/online-randevu\"><img decoding=\"async\" loading=\"lazy\" class=\"alignnone wp-image-11666 size-full\" src=\"https:\/\/www.tazetrend.com\/wp-content\/uploads\/2021\/02\/online-randevu-alin.jpg\" alt=\"online randevu\" width=\"400\" height=\"100\" \/><\/a><\/p>\n","protected":false},"featured_media":10258,"comment_status":"open","ping_status":"closed","template":"","meta":[],"product_cat":[103,142],"product_tag":[],"_links":{"self":[{"href":"https:\/\/www.tazetrend.com\/index.php?rest_route=\/wp\/v2\/product\/10257"}],"collection":[{"href":"https:\/\/www.tazetrend.com\/index.php?rest_route=\/wp\/v2\/product"}],"about":[{"href":"https:\/\/www.tazetrend.com\/index.php?rest_route=\/wp\/v2\/types\/product"}],"replies":[{"embeddable":true,"href":"https:\/\/www.tazetrend.com\/index.php?rest_route=%2Fwp%2Fv2%2Fcomments&post=10257"}],"wp:featuredmedia":[{"embeddable":true,"href":"https:\/\/www.tazetrend.com\/index.php?rest_route=\/wp\/v2\/media\/10258"}],"wp:attachment":[{"href":"https:\/\/www.tazetrend.com\/index.php?rest_route=%2Fwp%2Fv2%2Fmedia&parent=10257"}],"wp:term":[{"taxonomy":"product_cat","embeddable":true,"href":"https:\/\/www.tazetrend.com\/index.php?rest_route=%2Fwp%2Fv2%2Fproduct_cat&post=10257"},{"taxonomy":"product_tag","embeddable":true,"href":"https:\/\/www.tazetrend.com\/index.php?rest_route=%2Fwp%2Fv2%2Fproduct_tag&post=10257"}],"curies":[{"name":"wp","href":"https:\/\/api.w.org\/{rel}","templated":true}]}}