{"id":8991,"date":"2021-01-10T12:09:28","date_gmt":"2021-01-10T09:09:28","guid":{"rendered":"https:\/\/www.tazetrend.com\/?page_id=8991"},"modified":"2021-01-24T17:52:36","modified_gmt":"2021-01-24T14:52:36","slug":"kullanim-kosullari","status":"publish","type":"page","link":"https:\/\/www.tazetrend.com\/?page_id=8991","title":{"rendered":"Kullan\u0131m Ko\u015fullar\u0131"},"content":{"rendered":"\n<p><a href=\"https:\/\/www.tazetrend.com\/\">www.tazetrend.com<\/a>&nbsp;sitesi (Bundan b\u00f6yle k\u0131saca &#8220;Site&#8221; olarak an\u0131lacakt\u0131r), Taze Bask\u0131 Reklam Matbaa ve K\u0131rtasiye San. Tic. Ltd. \u015eti. (Bundan b\u00f6yle k\u0131saca &#8220;Taze Trend&#8221; olarak an\u0131lacakt\u0131r) taraf\u0131ndan kurulmu\u015ftur.<\/p>\n\n\n\n<p><strong>Madde 1-<\/strong>&nbsp;Bu belgenin amac\u0131 do\u011frultusunda sat\u0131\u015f s\u00f6zle\u015fmesi yapm\u0131\u015f oldu\u011fu kabul edilen ki\u015filer &#8220;M\u00fc\u015fteri&#8221; (Site\u2019ye eri\u015fen ger\u00e7ek ve t\u00fczel ki\u015filer) olarak an\u0131lacakt\u0131r. M\u00fc\u015fteri, siteye eri\u015fim sa\u011flayarak a\u015fa\u011f\u0131daki kullan\u0131m ko\u015fullar\u0131n\u0131 kabul etti\u011fini, yasal uyar\u0131 ve bilgilendirmeleri anlad\u0131\u011f\u0131n\u0131 beyan ve kabul etmektedir.<\/p>\n\n\n\n<p><strong>Madde 2-<\/strong>&nbsp;M\u00fc\u015fteri, sitedeki sipari\u015fini onaylayarak, s\u00f6z konusu sipari\u015f i\u00e7in \u015fartlar\u0131n yan\u0131 s\u0131ra, bu kullan\u0131m ve \u00fcyelik ko\u015fullar\u0131n\u0131n t\u00fcm\u00fcn\u00fc okudu\u011funu, anlad\u0131\u011f\u0131n\u0131 ve \u00e7ekincesiz kabul etti\u011fini beyan eder.<\/p>\n\n\n\n<p><strong>Madde 3-<\/strong>&nbsp;Site ve Site i\u00e7eri\u011finde her t\u00fcrl\u00fc tasarruf yetkisi Taze Trend&#8217;e aittir. Taze Trend, Site\u2019de diledi\u011fi zaman g\u00fcncelleme ve de\u011fi\u015fiklik yapabilir, Site\u2019ye eri\u015fimleri s\u00fcrekli veya ge\u00e7ici olarak durdurabilir.<\/p>\n\n\n\n<p><strong>6698 Say\u0131l\u0131 Ki\u015fisel Verilerin Korunmas\u0131 Kanunu Kapsam\u0131nda Bilgilendirme<\/strong><\/p>\n\n\n\n<p><strong>Madde 4-<\/strong>&nbsp;07.04.2016 tarihinde resmi gazetede yay\u0131nlanarak y\u00fcr\u00fcrl\u00fc\u011fe giren 6698 say\u0131l\u0131 Ki\u015fisel Verilerin Korunmas\u0131 Kanunu (\u201cKanun\u201d) kapsam\u0131nda Taze Trend, Veri Sorumlusu s\u0131fat\u0131na sahip olup bu s\u0131fat\u0131n gerektirdi\u011fi y\u00fck\u00fcml\u00fcl\u00fckleri yerine getirmek i\u00e7in gerekli uyum \u00e7al\u0131\u015fmalar\u0131n\u0131 ger\u00e7ekle\u015ftirmektedir.<\/p>\n\n\n\n<p>Taze Trend, veri sorumlusu olarak Ki\u015fisel Veriler\u2019in i\u015fleme ama\u00e7lar\u0131n\u0131 ve vas\u0131talar\u0131n\u0131 belirler, veri kay\u0131t sisteminin kurulmas\u0131ndan ve y\u00f6netilmesinden sorumludur.<\/p>\n\n\n\n<p><strong>Madde 5-<\/strong>&nbsp;6698 say\u0131l\u0131 Ki\u015fisel Verilerin Korunmas\u0131 Kanunu kapsam\u0131nda ki\u015fisel veri olarak tan\u0131mlanabilecek m\u00fc\u015fterilerimize ait ad, soyad, e-posta adresi, T.C. Kimlik numaras\u0131, demografik veriler, mali veriler vb. veriler, sipari\u015flerinizi almak, \u00fcr\u00fcn ve hizmetlerimizi sunmak, \u00fcr\u00fcn ve hizmetlerimizi geli\u015ftirmek, sistemsel sorunlar\u0131n \u00e7\u00f6z\u00fcm\u00fc, \u00f6deme i\u015flemlerinizi ger\u00e7ekle\u015ftirmek, \u00f6nceden onay vermeniz halinde sipari\u015fleriniz, \u00fcr\u00fcnler ve hizmetler hakk\u0131nda pazarlama amac\u0131yla, bilgilerinizi g\u00fcncellemek ve \u00fcyeli\u011finizi y\u00f6netmek ve s\u00fcrd\u00fcrmek, ilginizi \u00e7ekebilecek \u00fcr\u00fcn ve hizmetleri \u00f6nermek ve 3. ki\u015filerin lojistik ve benzeri di\u011fer i\u015flevlerini Taze Trend ad\u0131na yerine getirmelerini sa\u011flamak ve mesafeli sat\u0131\u015f s\u00f6zle\u015fmesi ve sair s\u00f6zle\u015fmelerin ifas\u0131 amac\u0131yla Taze Trend taraf\u0131ndan s\u00fcresiz\/s\u00fcreli kaydedilebilir, yaz\u0131l\u0131\/dijital ar\u015fivlerde muhafaza edilebilir, kullan\u0131labilir, g\u00fcncellenebilir, payla\u015f\u0131labilir, transfer olunabilir ve sair suretler ile i\u015flenebilir.<\/p>\n\n\n\n<p><strong>Madde 6<\/strong>&nbsp;&#8211; Taze Trend, hizmetlerini sunmak ve i\u00e7eri\u011fin bireysel ihtiya\u00e7 ve ilgilere uyumunu sa\u011flamak i\u00e7in \u00e7erez kullanmaktad\u0131r. Baz\u0131 durumlarda internet sitelerine bireyselle\u015ftirilmi\u015f (ki\u015fiselle\u015ftirilmi\u015f) eri\u015fim ve belirginle\u015ftirme \u00e7erezlere dayanmaktad\u0131r, fakat s\u0131kl\u0131kla bir kullan\u0131c\u0131n\u0131n \u015fifresi ile bir oturum ile yetkilendirilmesi gerekmektedir. Taray\u0131c\u0131da \u00e7erezleri hizmet d\u0131\u015f\u0131 b\u0131rakmak internet sitesindeki hizmetlerin kullan\u0131m\u0131n\u0131 \u00f6nlememektedir, fakat baz\u0131 teknik sorunlara yol a\u00e7abilmektedir. \u00c7erezler, kullan\u0131c\u0131n\u0131n internet sitesini kullan\u0131m\u0131 ile ilgili genel, istatistiki bilgi toplamak i\u00e7in de kullan\u0131lmaktad\u0131r.<\/p>\n\n\n\n<p><strong>Madde 7-<\/strong>&nbsp;M\u00fc\u015fterilerimiz her zaman ve hi\u00e7bir gerek\u00e7e g\u00f6stermeksizin a\u015fa\u011f\u0131da belirtilen ileti\u015fim kanallar\u0131ndan Taze Trend&#8217;e ula\u015farak ki\u015fisel veri kullan\u0131m\u0131-i\u015flenmelerini ve\/veya kendilerine g\u00f6nderilen ticari elektronik ileti\u015fimleri durdurulmas\u0131n\u0131 talep edebilirler. M\u00fc\u015fterilerimizin bu husustaki taleplerinin Taze Trend&#8217;e ula\u015fmas\u0131n\u0131 m\u00fcteakip i\u00e7erisinde ki\u015fisel veri i\u015flemleri ve\/veya elektronik ticari ileti g\u00f6nderimi durdurulur. Ancak y\u00fcr\u00fcrl\u00fckteki mevzuat\u0131n izin verdi\u011fi\/i\u015flenmesi\/saklanmas\u0131\/tutulmas\u0131 zorunlu olan veriler i\u015flenmeye veya ticari elektronik ileti g\u00f6nderimine devam edilebilir. M\u00fc\u015fterilerimiz dilerse ki\u015fisel verilerinin i\u015flenmesi ile ilgili i\u015flemler hakk\u0131nda Taze Trend&#8217; her zaman ba\u015fvurabilir ve bilgi alabilir.<\/p>\n\n\n\n<p><strong>Madde 8-&nbsp;<\/strong>Taze Trend taraf\u0131ndan m\u00fc\u015fterilerine y\u00fcr\u00fcrl\u00fckteki mevzuata uygun olarak, her t\u00fcrl\u00fc \u00fcr\u00fcn ve hizmetlere ili\u015fkin tan\u0131t\u0131m, reklam, ileti\u015fim, promosyon, sat\u0131\u015f ve pazarlama amac\u0131yla \u00e7e\u015fitli sosyal, ticari ve sair elektronik iletiler SMS\/k\u0131sa mesaj, otomatik arama, e-posta\/mail ve di\u011fer elektronik ileti\u015fim ara\u00e7lar\u0131 arac\u0131l\u0131\u011f\u0131yla g\u00f6nderilebilir.<\/p>\n\n\n\n<p><strong>Madde 9<\/strong>&nbsp;&#8211; Ki\u015fisel Veriler a\u015fa\u011f\u0131daki ama\u00e7lar i\u00e7in ve her hal\u00fckarda 6698 say\u0131l\u0131 Ki\u015fisel Verilerin Korunmas\u0131 Kanunu\u2019na uygun \u015fekilde kullan\u0131labilir.<\/p>\n\n\n\n<ul><li>M\u00fc\u015fteri kayd\u0131n\u0131 tutmak,<\/li><li>M\u00fc\u015fterinin Sipari\u015fi olu\u015fturmak ve sipari\u015fin teslimini ger\u00e7ekle\u015ftirmek,<\/li><li>Elektronik posta ve\/veya SMS\/k\u0131sa mesaj ile b\u00fclten g\u00f6ndermek ya da bildirimler de bulunmak,<\/li><li>M\u00fc\u015fteri sorular\u0131n\u0131 cevaplamak ve etkin bir m\u00fc\u015fteri hizmeti sunmak,<\/li><li>Site\u2019nin yenilikleri hakk\u0131nda bilgi vermek,<\/li><li>Kampanyalar hakk\u0131nda bilgi vermek,<\/li><li>Gerekti\u011finde M\u00fc\u015fteri ile ileti\u015fim kurmak,<\/li><li>M\u00fc\u015fteri deneyimini art\u0131rmak ve daha iyi hizmet vermek amac\u0131yla M\u00fc\u015fteri\u2019n\u0131n ilgi alanlar\u0131n\u0131 tan\u0131mlamak,<\/li><li>M\u00fc\u015fteri\u2019n\u0131n mevcut sosyal a\u011f hesaplar\u0131 ile siteye daha kolay eri\u015fim sa\u011flamalar\u0131n\u0131 sa\u011flamak.<\/li><\/ul>\n\n\n\n<p><strong>Madde 10-<\/strong>&nbsp;M\u00fc\u015fteri\u2019nin Ki\u015fisel Veriler\u2019in bu \u015fekilde i\u015flenmesi i\u00e7in a\u00e7\u0131k r\u0131zas\u0131 bulunmaktad\u0131r. Taze Trend, Ki\u015fisel Veriler\u2019i \u00f6ng\u00f6r\u00fclen amac\u0131n d\u0131\u015f\u0131nda kullanmayacak, i\u015fbu metindeki istisnalar d\u0131\u015f\u0131nda \u00fc\u00e7\u00fcnc\u00fc ki\u015filere a\u00e7\u0131klamayacak, payla\u015fmayacak, satmayacak veya kulland\u0131rmayacakt\u0131r.<\/p>\n\n\n\n<p><strong>Madde 11-<\/strong>&nbsp;M\u00fc\u015fteri, Ki\u015fisel Veriler\u2019in Taze Trend&#8217;e ba\u011fl\u0131 veya Taze Trend ile grup \u015firketi olan firmalara aktar\u0131lmas\u0131na a\u00e7\u0131k onay vermektedir.<\/p>\n\n\n\n<p><strong>Madde 12-<\/strong>&nbsp;M\u00fc\u015fteri, Ki\u015fisel Veriler\u2019in lojistik hizmetlerin (sipari\u015f teslimi vb.) sa\u011flanmas\u0131 amac\u0131yla kargo \u015firketleri, kurye \u015firketleri, lojistik firmalar\u0131 vb. 3. \u015fah\u0131slara verilmesine onay vermektedir.<\/p>\n\n\n\n<p><strong>Madde 13-<\/strong>&nbsp;Taze Trend y\u00fcr\u00fcrl\u00fckteki mevzuat uyar\u0131nca yetkili, idari ve resmi makamlardan usul\u00fcne uygun olarak talep gelmesi halinde M\u00fc\u015fteri\u2019lerin kendisinde bulunan Ki\u015fisel Bilgilerini ilgili yetkili makamlarla payla\u015facakt\u0131r.<\/p>\n\n\n\n<p><strong>Madde 14-<\/strong>&nbsp;M\u00fc\u015fteri bu kapsamda diledi\u011fi zaman Kanunun 11. maddesi kapsam\u0131nda Veri Sorumlusu olan Taze Trend ba\u015fvurarak a\u015fa\u011f\u0131da belirtilen haklar\u0131 kullanabilir.<\/p>\n\n\n\n<p>Buna g\u00f6re ki\u015fisel verisi i\u015flenen M\u00fc\u015fteri,<\/p>\n\n\n\n<ul><li>Kendisine ait ki\u015fisel verilerin i\u015flenip i\u015flenmedi\u011fini \u00f6\u011frenme,<\/li><li>\u0130\u015flenen ki\u015fisel verileri varsa bunlara ili\u015fkin bilgi talep etme,<\/li><li>Ki\u015fisel verilerin i\u015flenme amac\u0131n\u0131 ve bu verilerin amaca uygun kullan\u0131l\u0131p kullan\u0131lmad\u0131\u011f\u0131n\u0131 \u00f6\u011frenme,<\/li><li>Ki\u015fisel verilerinin aktar\u0131ld\u0131\u011f\u0131 \u00fc\u00e7\u00fcnc\u00fc ki\u015fileri bilme, ki\u015fisel verilerindeki hatalar\u0131n d\u00fczeltilmesini ve e\u011fer aktar\u0131m yap\u0131lm\u0131\u015fsa ilgili \u00fc\u00e7\u00fcnc\u00fc ki\u015fiden bu d\u00fczeltmenin istenmesini talep etme,<\/li><li>Ki\u015fisel verilerin i\u015flenmesini gerektiren sebeplerin ortadan kalkmas\u0131 halinde bu verilerin silinmesini, yok edilmesini ya da anonim hale getirilmesini isteme ve e\u011fer aktar\u0131m yap\u0131lm\u0131\u015fsa bu talebin aktar\u0131lan \u00fc\u00e7\u00fcnc\u00fc ki\u015fiye iletilmesini isteme,<\/li><li>\u0130\u015flenen verilerin neticesinde ki\u015fi ile ilintili olumsuz bir sonu\u00e7 \u00e7\u0131kmas\u0131na itiraz etme,<\/li><li>Kanun\u2019a ayk\u0131r\u0131 veri i\u015fleme nedeniyle zarar\u0131n\u0131n ortaya \u00e7\u0131kmas\u0131 halinde zarar\u0131n\u0131 yasalar \u00e7er\u00e7evesinde talep etme;<\/li><\/ul>\n\n\n\n<p>haklar\u0131na sahiptirler. Bu hakk\u0131 kullanmak i\u00e7in, m\u00fc\u015fterinin sadece &#8220;ileti\u015fim&#8221; sayfas\u0131ndan bize ula\u015fmas\u0131 yeterlidir.<\/p>\n\n\n\n<p><strong>Madde 15-<\/strong>&nbsp;Taze Trend, M\u00fc\u015fteri\u2019nin \u00fcyeli\u011fi sona erdirmesi ve yaz\u0131l\u0131 olarak talep etmesi halinde yasal olarak tutmas\u0131 gerekli veriler d\u0131\u015f\u0131nda M\u00fc\u015fteri\u2019ye ait verileri imha etmeyi veya silmeyi veya anonim hale getirmeyi taahh\u00fct eder. M\u00fc\u015fteri, \u00fcyelikten ayr\u0131lmas\u0131 durumunda Taze Trend&#8217;den herhangi bir hak talep edemez.<\/p>\n\n\n\n<p><strong>Madde 16-<\/strong>&nbsp;Taze Trend, i\u015flemin kesintiye u\u011framas\u0131, hata, ihmal, kesinti, silinme, kay\u0131p, i\u015flemin veya ileti\u015fimin gecikmesi, bilgisayar vir\u00fcs\u00fc, ileti\u015fim hatas\u0131, h\u0131rs\u0131zl\u0131k, imha veya izinsiz olarak kay\u0131tlara girilmesi, de\u011fi\u015ftirilmesi veya kullan\u0131lmas\u0131 hususunda herhangi bir sorumluluk kabul etmez. Taze Trend, Site&#8217;de mevcut olan bilgilerin do\u011fruluk ve g\u00fcncelli\u011fini s\u00fcrekli \u015fekilde kontrol etmektedir. Ancak t\u00fcm itinal\u0131 \u00e7al\u0131\u015fmaya ra\u011fmen, Site&#8217;deki bilgiler fiili de\u011fi\u015fikliklerin gerisinde kalabilir. Site&#8217;deki \u00fcr\u00fcn, bilgi ve i\u00e7eriklerin g\u00fcncelli\u011fi, do\u011frulu\u011fu, \u015fartlar\u0131, kalitesi, performans\u0131 hakk\u0131nda Taze Trend herhangi bir garanti vermemekte ve taahh\u00fctte bulunmamaktad\u0131r.<\/p>\n\n\n\n<p><strong>Madde 17-<\/strong>&nbsp;M\u00fc\u015fteri,&nbsp;<a href=\"https:\/\/www.tazetrend.com\/\">www.tazetrend.com<\/a>&nbsp;\u00fcyesi oldu\u011fu andan itibaren aksi Taze Trend&#8217;den talep edilmedi\u011fi s\u00fcrece bilgilendirme ticari elektronik iletiler e-posta adresine, SMS\/k\u0131sa mesaj\u2019lar, Taze Trend ile payla\u015f\u0131lan telefon numaras\u0131na g\u00f6nderilecektir. M\u00fc\u015fteri diledi\u011fi zaman bu e-posta ve\/veya SMS\u2019lerle ilgili de\u011fi\u015fiklik yapma, hizmetten vazge\u00e7me ve yeniden ba\u015flatma hakk\u0131na sahiptir. Bu e-postalar\u0131n ve\/veya SMS\u2019lerin i\u00e7eri\u011fi, sat\u0131n al\u0131nan \u00fcr\u00fcn veya \u00fcr\u00fcnlerle ilgili bilgilerden kampanya bilgilendirmelerinden ve benzeri bilgilerden olu\u015fabilir. Taze Trend taraf\u0131ndan bu ama\u00e7lara y\u00f6nelik olarak iletilen ticari elektronik iletileri M\u00fc\u015fteri almak istemiyor ve almay\u0131 onaylam\u0131yor ise Site\u2019deki Hesab\u0131m sekmesi alt\u0131nda yer alan \u00dcyelik \u0130ptali se\u00e7ene\u011fi \u00fczerinden \u00fcyeli\u011fini iptal edebilir. Taze Trend, i\u015fbu link arac\u0131l\u0131\u011f\u0131yla g\u00f6nderim listesinden \u00e7\u0131k\u0131\u015flar\u0131n\u0131 sa\u011flayacakt\u0131r. Bu linkten ayr\u0131 olarak i\u015fbu ticari elektronik iletilerin herhangi bir zamanda da al\u0131m\u0131na son vermek istenmesi halinde M\u00fc\u015fteri info@tazetrend.com e-posta adresine s\u00f6z konusu isteklerini iletebilir.<\/p>\n\n\n\n<p><strong>Madde 18-<\/strong>&nbsp;M\u00fc\u015fteri\u2019nin ad\u0131 ve \u015fifresi kullan\u0131larak verilen bir sipari\u015f, M\u00fc\u015fteri taraf\u0131ndan verilmi\u015f kabul edilir. Taze Trend, hi\u00e7bir \u015fekilde bu ki\u015fisel ve gizli bilgilerin kullan\u0131c\u0131 taraf\u0131ndan if\u015fa edilmesinden ve sonras\u0131nda \u00fc\u00e7\u00fcnc\u00fc bir \u015fah\u0131s taraf\u0131ndan kullan\u0131lmas\u0131ndan kaynaklanan zararlardan sorumlu tutulamaz.M\u00fc\u015fteri, kendisi taraf\u0131ndan belirlenmi\u015f M\u00fc\u015fteri ad\u0131 ve \u015fifresini ba\u015fka ki\u015fi ya da kurulu\u015flara veremez. M\u00fc\u015fteri\u2019nin Site \u00fcyeli\u011fi ile sahip oldu\u011fu kullan\u0131m hakk\u0131 sadece kendisine aittir, ba\u015fkalar\u0131na devredilemez.<\/p>\n\n\n\n<p><strong>Madde 19-&nbsp;<\/strong>M\u00fc\u015fteri; Site \u00fczerinde ger\u00e7ekle\u015ftirdi\u011fi i\u015flemlerde ve yaz\u0131\u015fmalarda, al\u0131c\u0131lara g\u00f6nderdikleri notlarda, Taze Trend ve www.tazetrend.com ile ili\u015fkili her t\u00fcrl\u00fc e-posta adresi ile yap\u0131lan yaz\u0131\u015fmada; i\u015fbu Kullan\u0131m Ko\u015fullar\u0131 ve Yasal Bilgilendirme metni h\u00fck\u00fcmlerine, Site\u2019de belirtilen t\u00fcm \u015fart ve ko\u015fullara ve y\u00fcr\u00fcrl\u00fckteki mevzuata, ahlak kurallar\u0131na uygun olarak hareket edece\u011fini, bu kural ve ko\u015fullar\u0131 anlad\u0131\u011f\u0131n\u0131 ve kabul etti\u011fini beyan ve taahh\u00fct eder.<\/p>\n\n\n\n<p><strong>Madde 20-&nbsp;<\/strong>M\u00fc\u015fteri, Taze Trend&#8217;den sa\u011flam\u0131\u015f oldu\u011fu bilgilerden yararlanmak suretiyle \u00fc\u00e7\u00fcnc\u00fc \u015fah\u0131slardan alm\u0131\u015f oldu\u011fu mal ve hizmetlerdeki ay\u0131plardan hi\u00e7 bir surette Taze Trend&#8217;in sorumlu olmad\u0131\u011f\u0131n\u0131, T\u00fcketicinin Korunmas\u0131 Hakk\u0131nda Kanun ve ilgili mevzuat h\u00fck\u00fcmleri d\u00e2hilinde Taze Trend&#8217;e y\u00fcklenebilecek her t\u00fcrl\u00fc sorumluluk kar\u015f\u0131s\u0131nda Taze Trend&#8217;i \u015fimdiden ibra etti\u011fini kabul ve beyan eder.<\/p>\n\n\n\n<p><strong>Madde 21-&nbsp;<\/strong>Site&#8217;nin t\u00fcm elemanlar\u0131 ile bunlara ili\u015fkin her t\u00fcrl\u00fc fikri ve mali hakk\u0131 Taze Trend&#8217;e ait olup, Taze Trend&#8217;in Site ve Site \u00fczerindeki uygulamalar\u0131 ve i\u00e7erikleri, bilgileri, telif haklar\u0131na tabi \u00e7al\u0131\u015fmalar\u0131, ticari markalar\u0131, ticari g\u00f6r\u00fcn\u00fcm\u00fc veya Site vas\u0131tas\u0131yla sahip oldu\u011fu her t\u00fcr maddi ve fikri m\u00fclkiyet haklar\u0131 da d\u00e2hil t\u00fcm malvarl\u0131\u011f\u0131, ticari bilgi ve deneyimlerine y\u00f6nelik t\u00fcm haklar\u0131 da sakl\u0131d\u0131r. M\u00fc\u015fteri, Site&#8217;de yer alan bilgileri ve telif haklar\u0131na tabi \u00e7al\u0131\u015fmalar\u0131n\u0131, Site&#8217;yi veya Site i\u00e7eri\u011fini izlemek, yeniden satmak, payla\u015fmak, da\u011f\u0131tmak, sergilemek, kopyalamak, \u00fc\u00e7\u00fcnc\u00fc ki\u015filerin eri\u015fimine sunmak \u00e7o\u011faltmak, de\u011fi\u015ftirmek, ba\u015fka bir lisana \u00e7evirmek amac\u0131yla ya da izin ve yetki verilmeyen ba\u015fka ama\u00e7larla ve \u00f6nceden Taze Trend&#8217;in a\u00e7\u0131k ve yaz\u0131l\u0131 iznini almadan bu i\u00e7erikten t\u00fcrev eserler yaratmayaca\u011f\u0131n\u0131 ya da bunlar\u0131 kamuya te\u015fhir etmeyece\u011fini kabul ve taahh\u00fct eder. \u0130zin verilmeyen kullan\u0131m\u0131 ger\u00e7ekle\u015ftiren M\u00fc\u015fteri, Taze Trend&#8217;in ve \u00fc\u00e7\u00fcnc\u00fc ki\u015filerin u\u011frad\u0131klar\u0131 zararlar\u0131 mahkeme masraflar\u0131 ve avukatl\u0131k \u00fccreti de d\u00e2hil olmak \u00fczere kar\u015f\u0131lamakla y\u00fck\u00fcml\u00fc olacaklard\u0131r.<\/p>\n\n\n\n<p><strong>Madde 22-<\/strong>&nbsp;Site\u2019nin t\u00fcm unsurlar\u0131, altta yatan teknoloji de dahil olmak \u00fczere ,ister, g\u00f6rsel, ses, metin, d\u00fczenleri, \u00e7izimler, foto\u011fraflar, belgeler, ya da di\u011fer elementlerin telif haklar\u0131, fikri ve s\u0131nai m\u00fclkiyet haklar\u0131 ile korunmaktad\u0131r. sitede bulunan elemanlar\u0131n ticari veya k\u0131smi \u00e7o\u011falt\u0131lmas\u0131 kesinlikle yasakt\u0131r.<\/p>\n\n\n\n<p><strong>Madde 23-&nbsp;<\/strong>Taze Trend, Site&#8217;nin kesintisiz veya hatas\u0131z olaca\u011f\u0131n\u0131 ya da Site&#8217;nin veya i\u00e7eri\u011finin kullan\u0131lmas\u0131yla ya da Site&#8217;ye ba\u011flant\u0131 yap\u0131lmas\u0131yla belirli sonu\u00e7lar\u0131n elde edilece\u011fini, bilgi iletiminde gecikme\/ba\u015far\u0131s\u0131zl\u0131k\/hata\/kas\u0131ts\u0131z ihmal veya kay\u0131plar\u0131n olmas\u0131, sorunlu yanlar\u0131n giderilece\u011fini garanti etmemektedir. Taze Trend, M\u00fc\u015fteri&#8217;nin Site&#8217;den y\u00fckledikleri dosyalarda vir\u00fcs ya da kirletici, yok edici veya bozucu \u00f6zellikler bulunmad\u0131\u011f\u0131n\u0131 ve bula\u015fmayaca\u011f\u0131n\u0131 da garanti etmemektedir. Taze Trend, do\u011frudan, dolayl\u0131 veya ar\u0131zi zararlar, netice kabilinden do\u011fan zararlar ve cezai tazminatlar da d\u00e2hil olmak \u00fczere, Site&#8217;nin kullan\u0131lmas\u0131ndan kaynaklanabilecek zararlar i\u00e7in sorumlu tutulamaz.<\/p>\n\n\n\n<p><strong>Madde 24-&nbsp;<\/strong>Taze Trend, serbest\u00e7e Site\u2019ye reklam koyabilir; ve Taze Trend&#8217;in bu reklamlar, reklam verenler ve reklamlar\u0131n g\u00f6r\u00fcnt\u00fclenmesi konular\u0131nda tam bir se\u00e7im \u00f6zg\u00fcrl\u00fc\u011f\u00fc vard\u0131r. Taze Trend her durumda reklam\u0131n Site\u2019den \u00e7\u0131kar\u0131lmas\u0131na karar verebilir.<\/p>\n\n\n\n<p>Site \u00fczerinden ba\u015fka sitelere y\u00f6nlendirme verilmesi m\u00fcmk\u00fcnd\u00fcr, Taze Trend, y\u00f6nlendirme verilen sayfalardaki bilgilerin do\u011frulu\u011funu garanti etmemekte, herhangi bir taahh\u00fctte bulunmamaktad\u0131r. Bu y\u00f6nlendirmelerden do\u011fabilecek zararlar M\u00fc\u015fteri&#8217;nin kendi sorumlulu\u011fundad\u0131r.<\/p>\n\n\n\n<p><strong>Madde 25-&nbsp;<\/strong>\u0130\u015fbu Kullan\u0131m Ko\u015fullar\u0131 ve Yasal Bilgilendirme\u2019nin herhangi bir h\u00fckm\u00fcn\u00fcn ge\u00e7ersizli\u011fi, geri kalan h\u00fck\u00fcmlerinin y\u00fcr\u00fcrl\u00fc\u011f\u00fcn\u00fc etkilemeyecektir.<\/p>\n\n\n\n<p><strong>Madde 26-&nbsp;<\/strong>Site\u2019de sunulan \u00fcr\u00fcn ve hizmetlerle veya Site\u2019nin kullan\u0131m\u0131 ile ilgili ortaya \u00e7\u0131kabilecek her t\u00fcr ihtilaf T\u00fcrk Hukuku ve Kanunlar\u0131\u2019na tabi olup, ihtilaflar\u0131n \u00e7\u00f6z\u00fcm\u00fcnde \u0130stanbul \u00c7a\u011flayan Mahkemeleri m\u00fcnhas\u0131ran yetkilidir.<\/p>\n\n\n\n<p><strong>Madde 27-&nbsp;<\/strong>Kampanyalar\u0131n kullan\u0131m\u0131nda, k\u00f6t\u00fcye kullan\u0131m tespit edilmesi durumunda, kampanyadan kazan\u0131lm\u0131\u015f haklar geri al\u0131n\u0131r.<\/p>\n\n\n\n<p><strong>Madde 28-&nbsp;<\/strong>Taze Trend herhangi bir zamanda bu kullan\u0131m ko\u015fullar\u0131 ve yasal bilgilendirmede de\u011fi\u015fiklik yapma hakk\u0131n\u0131 sakl\u0131 tutar.<\/p>\n\n\n\n<p><strong>Madde 29-&nbsp;<\/strong>Site\u2019den verilen sipari\u015finin onaylanmas\u0131 durumunda M\u00fc\u015fteri, i\u015fbu s\u00f6zle\u015fmenin t\u00fcm ko\u015fullar\u0131n\u0131 kabul etmi\u015f say\u0131l\u0131r.<\/p>\n","protected":false},"excerpt":{"rendered":"<p>www.tazetrend.com&nbsp;sitesi (Bundan b\u00f6yle k\u0131saca &#8220;Site&#8221; olarak an\u0131lacakt\u0131r), Taze Bask\u0131 Reklam Matbaa ve K\u0131rtasiye San. Tic. Ltd. \u015eti. (Bundan b\u00f6yle k\u0131saca &#8220;Taze Trend&#8221; olarak an\u0131lacakt\u0131r) taraf\u0131ndan kurulmu\u015ftur. Madde 1-&nbsp;Bu belgenin amac\u0131 do\u011frultusunda sat\u0131\u015f s\u00f6zle\u015fmesi yapm\u0131\u015f oldu\u011fu kabul edilen ki\u015filer &#8220;M\u00fc\u015fteri&#8221; (Site\u2019ye eri\u015fen ger\u00e7ek ve t\u00fczel ki\u015filer) olarak an\u0131lacakt\u0131r. M\u00fc\u015fteri, siteye eri\u015fim sa\u011flayarak a\u015fa\u011f\u0131daki kullan\u0131m ko\u015fullar\u0131n\u0131 kabul [&hellip;]<\/p>\n","protected":false},"author":1,"featured_media":0,"parent":0,"menu_order":0,"comment_status":"closed","ping_status":"closed","template":"","meta":[],"_links":{"self":[{"href":"https:\/\/www.tazetrend.com\/index.php?rest_route=\/wp\/v2\/pages\/8991"}],"collection":[{"href":"https:\/\/www.tazetrend.com\/index.php?rest_route=\/wp\/v2\/pages"}],"about":[{"href":"https:\/\/www.tazetrend.com\/index.php?rest_route=\/wp\/v2\/types\/page"}],"author":[{"embeddable":true,"href":"https:\/\/www.tazetrend.com\/index.php?rest_route=\/wp\/v2\/users\/1"}],"replies":[{"embeddable":true,"href":"https:\/\/www.tazetrend.com\/index.php?rest_route=%2Fwp%2Fv2%2Fcomments&post=8991"}],"version-history":[{"count":0,"href":"https:\/\/www.tazetrend.com\/index.php?rest_route=\/wp\/v2\/pages\/8991\/revisions"}],"wp:attachment":[{"href":"https:\/\/www.tazetrend.com\/index.php?rest_route=%2Fwp%2Fv2%2Fmedia&parent=8991"}],"curies":[{"name":"wp","href":"https:\/\/api.w.org\/{rel}","templated":true}]}}