{"id":705,"date":"2020-04-06T08:49:11","date_gmt":"2020-04-06T08:49:11","guid":{"rendered":"https:\/\/konsept.qodeinteractive.com\/?page_id=705"},"modified":"2021-04-12T19:01:33","modified_gmt":"2021-04-12T16:01:33","slug":"sik-sorulan-sorular","status":"publish","type":"page","link":"https:\/\/www.tazetrend.com\/?page_id=705","title":{"rendered":"S\u0131k Sorulan Sorular"},"content":{"rendered":"\t\t<div data-elementor-type=\"wp-page\" data-elementor-id=\"705\" class=\"elementor elementor-705\">\n\t\t\t\t\t\t<div class=\"elementor-inner\">\n\t\t\t\t<div class=\"elementor-section-wrap\">\n\t\t\t\t\t\t\t\t\t<section class=\"elementor-section elementor-top-section elementor-element elementor-element-5bec2f9b qodef-elementor-content-grid elementor-section-boxed elementor-section-height-default elementor-section-height-default\" data-id=\"5bec2f9b\" data-element_type=\"section\">\n\t\t\t\t\t\t<div class=\"elementor-container elementor-column-gap-default\">\n\t\t\t\t\t\t\t<div class=\"elementor-row\">\n\t\t\t\t\t<div class=\"elementor-column elementor-col-33 elementor-top-column elementor-element elementor-element-19d34d39\" data-id=\"19d34d39\" data-element_type=\"column\">\n\t\t\t<div class=\"elementor-column-wrap elementor-element-populated\">\n\t\t\t\t\t\t\t<div class=\"elementor-widget-wrap\">\n\t\t\t\t\t\t<div class=\"elementor-element elementor-element-509517cc elementor-widget elementor-widget-konsept_core_section_title\" data-id=\"509517cc\" data-element_type=\"widget\" data-widget_type=\"konsept_core_section_title.default\">\n\t\t\t\t<div class=\"elementor-widget-container\">\n\t\t\t<div class=\"qodef-shortcode qodef-m  qodef-section-title qodef-alignment--left \">\n\t\t\t<h3 class=\"qodef-m-title\" >\n\t\t\t\t\tHIZLI \u0130LET\u0130\u015e\u0130M\t\t\t<\/h3>\n\t<\/div>\t\t<\/div>\n\t\t\t\t<\/div>\n\t\t\t\t<div class=\"elementor-element elementor-element-2159d137 elementor-widget elementor-widget-text-editor\" data-id=\"2159d137\" data-element_type=\"widget\" data-widget_type=\"text-editor.default\">\n\t\t\t\t<div class=\"elementor-widget-container\">\n\t\t\t\t\t\t\t\t<div class=\"elementor-text-editor elementor-clearfix\">\n\t\t\t\t<p>Tel: +90 535 492 00 33<br \/>Ayd\u0131nevler Mh. Sancak Sk.<br \/>No:13-17 Maltepe \u2013 \u0130STANBUL<\/p>\t\t\t\t\t<\/div>\n\t\t\t\t\t\t<\/div>\n\t\t\t\t<\/div>\n\t\t\t\t<div class=\"elementor-element elementor-element-87770b1 elementor-widget elementor-widget-konsept_core_section_title\" data-id=\"87770b1\" data-element_type=\"widget\" data-widget_type=\"konsept_core_section_title.default\">\n\t\t\t\t<div class=\"elementor-widget-container\">\n\t\t\t<div class=\"qodef-shortcode qodef-m  qodef-section-title qodef-alignment--left \">\n\t\t\t<h4 class=\"qodef-m-title\" >\n\t\t\t\t\tM\u00dc\u015eTER\u0130 H\u0130ZMETLER\u0130\t\t\t<\/h4>\n\t<\/div>\t\t<\/div>\n\t\t\t\t<\/div>\n\t\t\t\t<div class=\"elementor-element elementor-element-511bf148  qodef-faq-menu elementor-widget elementor-widget-text-editor\" data-id=\"511bf148\" data-element_type=\"widget\" data-widget_type=\"text-editor.default\">\n\t\t\t\t<div class=\"elementor-widget-container\">\n\t\t\t\t\t\t\t\t<div class=\"elementor-text-editor elementor-clearfix\">\n\t\t\t\t<ul><li><a href=\"https:\/\/www.tazetrend.com\/hesabim\/\">Hesab\u0131m<\/a><\/li><li><a href=\"https:\/\/www.tazetrend.com\/siparis-takibi\/\">Sipari\u015f Takibi<\/a><\/li><li><a href=\"https:\/\/www.tazetrend.com\/gizlilik-sozlesmesi\/\">Gizlilik S\u00f6zle\u015fmesi<\/a><\/li><li><a href=\"https:\/\/www.tazetrend.com\/mesafeli-satis-sozlesmesi\/\">Mesafeli Sat\u0131\u015f S\u00f6zle\u015fmesi<\/a><\/li><li><a href=\"https:\/\/www.tazetrend.com\/kullanim-kosullari\/\">Kullan\u0131m Ko\u015fullar\u0131<\/a><\/li><\/ul>\t\t\t\t\t<\/div>\n\t\t\t\t\t\t<\/div>\n\t\t\t\t<\/div>\n\t\t\t\t<div class=\"elementor-element elementor-element-a5ca759 widget widget_search elementor-widget elementor-widget-wp-widget-woocommerce_product_search\" data-id=\"a5ca759\" data-element_type=\"widget\" data-widget_type=\"wp-widget-woocommerce_product_search.default\">\n\t\t\t\t<div class=\"elementor-widget-container\">\n\t\t\t<form role=\"search\" method=\"get\" class=\"qodef-woo-product-search\" action=\"https:\/\/www.tazetrend.com\/\">\n\t<label class=\"screen-reader-text\" for=\"woocommerce-product-search-field-0\">Arama Sonucu:<\/label>\n\t<div class=\"qodef-search-form-inner clear\">\n\t\t<input type=\"search\" id=\"woocommerce-product-search-field-0\" class=\"qodef-search-form-field\" required placeholder=\"Arama\" value=\"\" name=\"s\" \/>\n\t\t<button type=\"submit\" class=\"qodef-search-form-button\">\n                <svg xmlns=\"http:\/\/www.w3.org\/2000\/svg\" width=\"17.977\" height=\"17.686\" viewBox=\"-4.311 -0.833 17.977 17.686\"><g fill=\"none\" stroke=\"currentColor\" stroke-linecap=\"round\" stroke-linejoin=\"round\"><circle cx=\"3.708\" cy=\"7.13\" r=\"7.348\"\/><path d=\"M12.891 16.313l-3.994-3.994\"\/><\/g><\/svg><\/button>\n\t<\/div>\n\t<input type=\"hidden\" name=\"post_type\" value=\"product\" \/>\n<\/form>\n\t\t<\/div>\n\t\t\t\t<\/div>\n\t\t\t\t\t\t<\/div>\n\t\t\t\t\t<\/div>\n\t\t<\/div>\n\t\t\t\t<div class=\"elementor-column elementor-col-66 elementor-top-column elementor-element elementor-element-7364861\" data-id=\"7364861\" data-element_type=\"column\">\n\t\t\t<div class=\"elementor-column-wrap elementor-element-populated\">\n\t\t\t\t\t\t\t<div class=\"elementor-widget-wrap\">\n\t\t\t\t\t\t<div class=\"elementor-element elementor-element-a88cbc5 elementor-widget elementor-widget-konsept_core_accordion\" data-id=\"a88cbc5\" data-element_type=\"widget\" data-widget_type=\"konsept_core_accordion.default\">\n\t\t\t\t<div class=\"elementor-widget-container\">\n\t\t\t<div class=\"qodef-shortcode qodef-m  qodef-accordion clear qodef-behavior--accordion qodef-layout--simple\">\n\t<h4 class=\"qodef-accordion-title\">\n\t<span class=\"qodef-tab-title\">\n\t\tMinimum Ka\u00e7 Adet Sipari\u015f Verebilirim?\t<\/span>\n\t<span class=\"qodef-accordion-mark\">\n\t\t<i class=\"ion-ios-arrow-down\"><\/i>\n\t\t<i class=\"ion-ios-arrow-up\"><\/i>\n\t<\/span>\n<\/h4>\n<div class=\"qodef-accordion-content\">\n\t<div class=\"qodef-accordion-content-inner\">\n\t\t<p>Toplu al\u0131mlarda minimum 20 adet sipari\u015f verebilirsiniz. Haz\u0131r kutular\u0131m\u0131zdan ise minimum 1 adet sipari\u015f verebilirsiniz.<\/p>\t<\/div>\n<\/div><h4 class=\"qodef-accordion-title\">\n\t<span class=\"qodef-tab-title\">\n\t\tTasar\u0131m konusunda destek oluyor musunuz?\t<\/span>\n\t<span class=\"qodef-accordion-mark\">\n\t\t<i class=\"ion-ios-arrow-down\"><\/i>\n\t\t<i class=\"ion-ios-arrow-up\"><\/i>\n\t<\/span>\n<\/h4>\n<div class=\"qodef-accordion-content\">\n\t<div class=\"qodef-accordion-content-inner\">\n\t\t<p>Kutu ve ambalaj tasar\u0131mlar\u0131 konusunda tasar\u0131m ekibimiz yard\u0131mc\u0131 olmaktad\u0131r. <\/p>\t<\/div>\n<\/div><h4 class=\"qodef-accordion-title\">\n\t<span class=\"qodef-tab-title\">\n\t\tNumune Haz\u0131rl\u0131yor musunuz?\t<\/span>\n\t<span class=\"qodef-accordion-mark\">\n\t\t<i class=\"ion-ios-arrow-down\"><\/i>\n\t\t<i class=\"ion-ios-arrow-up\"><\/i>\n\t<\/span>\n<\/h4>\n<div class=\"qodef-accordion-content\">\n\t<div class=\"qodef-accordion-content-inner\">\n\t\t<p>Toplu sipari\u015flerinizde arzu ederseniz numune haz\u0131rlayabiliyoruz. \u00dcr\u00fcnlerinize \u00f6zel olarak haz\u0131rlad\u0131\u011f\u0131m\u0131z kutu sipari\u015flerinizde numune almadan i\u015fleme ba\u015flam\u0131yoruz. Onay s\u00fcrecinden ge\u00e7tikten sonra haz\u0131rlanan kutular \u00fcr\u00fcn\u00fcn son halini g\u00f6stermektedir.<\/p>\t<\/div>\n<\/div><h4 class=\"qodef-accordion-title\">\n\t<span class=\"qodef-tab-title\">\n\t\tTeslimat S\u00fcreniz Nedir?\t<\/span>\n\t<span class=\"qodef-accordion-mark\">\n\t\t<i class=\"ion-ios-arrow-down\"><\/i>\n\t\t<i class=\"ion-ios-arrow-up\"><\/i>\n\t<\/span>\n<\/h4>\n<div class=\"qodef-accordion-content\">\n\t<div class=\"qodef-accordion-content-inner\">\n\t\t<p>Sipari\u015finiz etti\u011finiz \u00fcr\u00fcn\u00fcn niteli\u011fine g\u00f6re minimum 1 maksimum 5 i\u015f g\u00fcn\u00fcd\u00fcr. \u0130\u015f yo\u011funlu\u011fumuza g\u00f6re de de\u011fi\u015fkenlik g\u00f6sterebilmektedir.<\/p>\t<\/div>\n<\/div><h4 class=\"qodef-accordion-title\">\n\t<span class=\"qodef-tab-title\">\n\t\tTeslimat\u0131 Nas\u0131l Yap\u0131yorsunuz?\t<\/span>\n\t<span class=\"qodef-accordion-mark\">\n\t\t<i class=\"ion-ios-arrow-down\"><\/i>\n\t\t<i class=\"ion-ios-arrow-up\"><\/i>\n\t<\/span>\n<\/h4>\n<div class=\"qodef-accordion-content\">\n\t<div class=\"qodef-accordion-content-inner\">\n\t\t<p>Arzu ederseniz \u0130stanbul'un merkezi b\u00f6lgelerine kendi kurye ve ara\u00e7lar\u0131m\u0131z ile teslim etmekteyiz. \u0130l d\u0131\u015f\u0131 g\u00f6nderilerinizi sipari\u015finize g\u00f6re kargo ya da nakliye ara\u00e7lar\u0131 ile g\u00f6ndermekteyiz.<\/p>\t<\/div>\n<\/div><h4 class=\"qodef-accordion-title\">\n\t<span class=\"qodef-tab-title\">\n\t\tYurtd\u0131\u015f\u0131na G\u00f6nderim Yap\u0131yor musunuz?\t<\/span>\n\t<span class=\"qodef-accordion-mark\">\n\t\t<i class=\"ion-ios-arrow-down\"><\/i>\n\t\t<i class=\"ion-ios-arrow-up\"><\/i>\n\t<\/span>\n<\/h4>\n<div class=\"qodef-accordion-content\">\n\t<div class=\"qodef-accordion-content-inner\">\n\t\t<p>Evet. Yurtd\u0131\u015f\u0131 g\u00f6nderimlerimizde Turpex'i tercih etmekteyiz.<br \/>Talebinize g\u00f6re farkl\u0131 kargo se\u00e7eneklerini b\u00fct\u00e7enize uygun \u015fekilde organize edebiliyoruz.<\/p>\t<\/div>\n<\/div><h4 class=\"qodef-accordion-title\">\n\t<span class=\"qodef-tab-title\">\n\t\tTazetrendi Ziyaret Edebiliyor muyuz?\t<\/span>\n\t<span class=\"qodef-accordion-mark\">\n\t\t<i class=\"ion-ios-arrow-down\"><\/i>\n\t\t<i class=\"ion-ios-arrow-up\"><\/i>\n\t<\/span>\n<\/h4>\n<div class=\"qodef-accordion-content\">\n\t<div class=\"qodef-accordion-content-inner\">\n\t\t<p>Evet, bizi ziyaret edebilirsiniz. <a href=\"https:\/\/www.tazetrend.com\/online-randevu\/\">Buradan<\/a> randevunuzu ayarlayabilirsiniz.<\/p>\t<\/div>\n<\/div><h4 class=\"qodef-accordion-title\">\n\t<span class=\"qodef-tab-title\">\n\t\t\u00dcr\u00fcn \u0130adesi Yapabilir miyim?\t<\/span>\n\t<span class=\"qodef-accordion-mark\">\n\t\t<i class=\"ion-ios-arrow-down\"><\/i>\n\t\t<i class=\"ion-ios-arrow-up\"><\/i>\n\t<\/span>\n<\/h4>\n<div class=\"qodef-accordion-content\">\n\t<div class=\"qodef-accordion-content-inner\">\n\t\t<p>G\u00f6ndermi\u015f oldu\u011fumuz \u00fcr\u00fcnler, iste\u011finize ve kalite standartlar\u0131na uygun olmad\u0131\u011f\u0131 s\u00fcrece iade hakk\u0131n\u0131z bulunmaktad\u0131r.<\/p>\t<\/div>\n<\/div><h4 class=\"qodef-accordion-title\">\n\t<span class=\"qodef-tab-title\">\n\t\tHer Boyutta Kutu \u00dcretimi Yapabiliyor musunuz?\t<\/span>\n\t<span class=\"qodef-accordion-mark\">\n\t\t<i class=\"ion-ios-arrow-down\"><\/i>\n\t\t<i class=\"ion-ios-arrow-up\"><\/i>\n\t<\/span>\n<\/h4>\n<div class=\"qodef-accordion-content\">\n\t<div class=\"qodef-accordion-content-inner\">\n\t\t<p>\u0130stedi\u011finiz kutu boyutu ile ilgili m\u00fc\u015fteri temsilcimiz ile g\u00f6r\u00fc\u015ft\u00fc\u011f\u00fcn\u00fcz takdirde size h\u0131zl\u0131 bir \u015fekilde d\u00f6n\u00fc\u015f sa\u011flayacakt\u0131r.<\/p>\t<\/div>\n<\/div><h4 class=\"qodef-accordion-title\">\n\t<span class=\"qodef-tab-title\">\n\t\tSipari\u015f verdi\u011fimiz kutu say\u0131s\u0131 artt\u0131k\u00e7a fiyatta de\u011fi\u015fme olur mu?\t<\/span>\n\t<span class=\"qodef-accordion-mark\">\n\t\t<i class=\"ion-ios-arrow-down\"><\/i>\n\t\t<i class=\"ion-ios-arrow-up\"><\/i>\n\t<\/span>\n<\/h4>\n<div class=\"qodef-accordion-content\">\n\t<div class=\"qodef-accordion-content-inner\">\n\t\t<p>500 adete kadar fiyat bilgimiz standartt\u0131r. \u00dczeri sipari\u015flerde fiyat de\u011fi\u015fimi yapabilmekteyiz.<\/p>\t<\/div>\n<\/div><h4 class=\"qodef-accordion-title\">\n\t<span class=\"qodef-tab-title\">\n\t\tGe\u00e7mi\u015fte yapt\u0131rm\u0131\u015f oldu\u011fum kutuyu tekrar yapt\u0131rabilir miyim?\t<\/span>\n\t<span class=\"qodef-accordion-mark\">\n\t\t<i class=\"ion-ios-arrow-down\"><\/i>\n\t\t<i class=\"ion-ios-arrow-up\"><\/i>\n\t<\/span>\n<\/h4>\n<div class=\"qodef-accordion-content\">\n\t<div class=\"qodef-accordion-content-inner\">\n\t\t<p>Evet. Yapt\u0131rm\u0131\u015f oldu\u011funuz kutu tasar\u0131mlar\u0131n\u0131z m\u00fc\u015fteri portf\u00f6y\u00fcm\u00fczde kay\u0131tl\u0131d\u0131r. Tekrardan \u00fcretimini sa\u011flamaktay\u0131z.<\/p>\t<\/div>\n<\/div><h4 class=\"qodef-accordion-title\">\n\t<span class=\"qodef-tab-title\">\n\t\tHangi \u00f6deme \u015fekillerini kabul ediyorsunuz?\t<\/span>\n\t<span class=\"qodef-accordion-mark\">\n\t\t<i class=\"ion-ios-arrow-down\"><\/i>\n\t\t<i class=\"ion-ios-arrow-up\"><\/i>\n\t<\/span>\n<\/h4>\n<div class=\"qodef-accordion-content\">\n\t<div class=\"qodef-accordion-content-inner\">\n\t\t<p>Kredi kart\u0131, havale, EFT ve nakit olarak \u00f6deme ger\u00e7ekle\u015ftirebilirsiniz.<\/p>\t<\/div>\n<\/div><h4 class=\"qodef-accordion-title\">\n\t<span class=\"qodef-tab-title\">\n\t\t\u00d6demeyi ne zaman yapmal\u0131y\u0131m?\t<\/span>\n\t<span class=\"qodef-accordion-mark\">\n\t\t<i class=\"ion-ios-arrow-down\"><\/i>\n\t\t<i class=\"ion-ios-arrow-up\"><\/i>\n\t<\/span>\n<\/h4>\n<div class=\"qodef-accordion-content\">\n\t<div class=\"qodef-accordion-content-inner\">\n\t\t<p>Sipari\u015f onay\u0131 sonras\u0131nda, \u00fcretim \u00f6ncesi \u00f6demenizi, belirtilen y\u00f6ntemlerle ger\u00e7ekle\u015ftirebilirsiniz.<\/p>\t<\/div>\n<\/div><h4 class=\"qodef-accordion-title\">\n\t<span class=\"qodef-tab-title\">\n\t\tSipari\u015fimi nas\u0131l takip edebilirim?\t<\/span>\n\t<span class=\"qodef-accordion-mark\">\n\t\t<i class=\"ion-ios-arrow-down\"><\/i>\n\t\t<i class=\"ion-ios-arrow-up\"><\/i>\n\t<\/span>\n<\/h4>\n<div class=\"qodef-accordion-content\">\n\t<div class=\"qodef-accordion-content-inner\">\n\t\t<p>Sipari\u015f hareketlerinizi, m\u00fc\u015fteri temsilcimizin sizinle payla\u015faca\u011f\u0131 takip kodu ile izleyebilirsiniz.<\/p>\t<\/div>\n<\/div><h4 class=\"qodef-accordion-title\">\n\t<span class=\"qodef-tab-title\">\n\t\tyurtd\u0131\u015f\u0131 g\u00f6nderilerinde kargo \u00fccretine ek olarak vergilendirme \u00e7\u0131kabilir mi?\t<\/span>\n\t<span class=\"qodef-accordion-mark\">\n\t\t<i class=\"ion-ios-arrow-down\"><\/i>\n\t\t<i class=\"ion-ios-arrow-up\"><\/i>\n\t<\/span>\n<\/h4>\n<div class=\"qodef-accordion-content\">\n\t<div class=\"qodef-accordion-content-inner\">\n\t\t<p>Hay\u0131r. Yurtd\u0131\u015f\u0131 g\u00f6nderilerimizde ek vergilendirme yapm\u0131yoruz.<\/p>\t<\/div>\n<\/div><\/div>\t\t<\/div>\n\t\t\t\t<\/div>\n\t\t\t\t\t\t<\/div>\n\t\t\t\t\t<\/div>\n\t\t<\/div>\n\t\t\t\t\t\t\t\t<\/div>\n\t\t\t\t\t<\/div>\n\t\t<\/section>\n\t\t\t\t\t\t\t\t\t<\/div>\n\t\t\t<\/div>\n\t\t\t\t\t<\/div>\n\t\t","protected":false},"excerpt":{"rendered":"<p>HIZLI \u0130LET\u0130\u015e\u0130M Tel: +90 535 492 00 33Ayd\u0131nevler Mh. Sancak Sk.No:13-17 Maltepe \u2013 \u0130STANBUL M\u00dc\u015eTER\u0130 H\u0130ZMETLER\u0130 Hesab\u0131m Sipari\u015f Takibi Gizlilik S\u00f6zle\u015fmesi Mesafeli Sat\u0131\u015f S\u00f6zle\u015fmesi Kullan\u0131m Ko\u015fullar\u0131 Minimum Ka\u00e7 Adet Sipari\u015f Verebilirim? Toplu al\u0131mlarda minimum 20 adet sipari\u015f verebilirsiniz. Haz\u0131r kutular\u0131m\u0131zdan ise minimum 1 adet sipari\u015f verebilirsiniz. Tasar\u0131m konusunda destek oluyor musunuz? Kutu ve ambalaj tasar\u0131mlar\u0131 [&hellip;]<\/p>\n","protected":false},"author":1,"featured_media":0,"parent":0,"menu_order":0,"comment_status":"closed","ping_status":"closed","template":"page-full-width.php","meta":[],"_links":{"self":[{"href":"https:\/\/www.tazetrend.com\/index.php?rest_route=\/wp\/v2\/pages\/705"}],"collection":[{"href":"https:\/\/www.tazetrend.com\/index.php?rest_route=\/wp\/v2\/pages"}],"about":[{"href":"https:\/\/www.tazetrend.com\/index.php?rest_route=\/wp\/v2\/types\/page"}],"author":[{"embeddable":true,"href":"https:\/\/www.tazetrend.com\/index.php?rest_route=\/wp\/v2\/users\/1"}],"replies":[{"embeddable":true,"href":"https:\/\/www.tazetrend.com\/index.php?rest_route=%2Fwp%2Fv2%2Fcomments&post=705"}],"version-history":[{"count":0,"href":"https:\/\/www.tazetrend.com\/index.php?rest_route=\/wp\/v2\/pages\/705\/revisions"}],"wp:attachment":[{"href":"https:\/\/www.tazetrend.com\/index.php?rest_route=%2Fwp%2Fv2%2Fmedia&parent=705"}],"curies":[{"name":"wp","href":"https:\/\/api.w.org\/{rel}","templated":true}]}}