{"id":3,"date":"2020-11-27T09:28:30","date_gmt":"2020-11-27T09:28:30","guid":{"rendered":"http:\/\/tazetrend.com\/?page_id=3"},"modified":"2021-01-24T18:12:53","modified_gmt":"2021-01-24T15:12:53","slug":"gizlilik-sozlesmesi","status":"publish","type":"page","link":"https:\/\/www.tazetrend.com\/?page_id=3","title":{"rendered":"Gizlilik s\u00f6zle\u015fmesi"},"content":{"rendered":"\n<p>\u0130\u015fbu Gizlilik S\u00f6zle\u015fmesi, Taze Bask\u0131 Reklam Matbaa ve K\u0131rtasiye San. Tic. Ltd. \u015eti. &#8216;nin (bundan sonra &#8220;Taze Trend&#8221; olarak an\u0131lacakt\u0131r) sahibi oldu\u011fu&nbsp;<a href=\"https:\/\/www.tazetrend.com\/\">www.tazetrend.com&nbsp;<\/a>internet sitesine<\/p>\n\n\n\n<p>ili\u015fkin gizlilik politikas\u0131n\u0131 i\u00e7erir. Taze Trend&#8217;in sahibi oldu\u011fu&nbsp;<a href=\"https:\/\/www.tazetrend.com\/\">www.tazetrend.com<\/a>&nbsp;internet sitesini ziyaret ederek a\u015fa\u011f\u0131daki t\u00fcm y\u00fck\u00fcml\u00fcl\u00fckleri ve kurallar\u0131 kabul etmi\u015f say\u0131lmaktas\u0131n\u0131z.<\/p>\n\n\n\n<p>6698 say\u0131l\u0131 Ki\u015fisel Verilerin Korunmas\u0131 Kanunu kapsam\u0131nda ki\u015fisel veri olarak tan\u0131mlanabilecek m\u00fc\u015fterilerimize ait ad, soyad, e-posta adresi, T.C. Kimlik numaras\u0131, demografik veriler, mali veriler vb. veriler, sipari\u015flerinizi almak, \u00fcr\u00fcn ve hizmetlerimizi sunmak, \u00fcr\u00fcn ve hizmetlerimizi geli\u015ftirmek, sistemsel sorunlar\u0131n \u00e7\u00f6z\u00fcm\u00fc, \u00f6deme i\u015flemlerinizi ger\u00e7ekle\u015ftirmek, \u00f6nceden onay vermeniz halinde sipari\u015fleriniz, \u00fcr\u00fcnler ve hizmetler hakk\u0131nda pazarlama amac\u0131yla, bilgilerinizi g\u00fcncellemek ve \u00fcyeli\u011finizi y\u00f6netmek ve s\u00fcrd\u00fcrmek, ilginizi \u00e7ekebilecek \u00fcr\u00fcn ve hizmetleri \u00f6nermek ve 3. ki\u015filerin lojistik ve benzeri di\u011fer i\u015flevlerini Taze Trend ad\u0131na yerine getirmelerini sa\u011flamak ve mesafeli sat\u0131\u015f s\u00f6zle\u015fmesi ve sair s\u00f6zle\u015fmelerin ifas\u0131 amac\u0131yla Taze Trend taraf\u0131ndan s\u00fcresiz\/s\u00fcreli kaydedilebilir, yaz\u0131l\u0131\/dijital ar\u015fivlerde muhafaza edilebilir, kullan\u0131labilir, g\u00fcncellenebilir, payla\u015f\u0131labilir, transfer olunabilir ve sair suretler ile i\u015flenebilir.<\/p>\n\n\n\n<p>Taze Trend, hizmetlerini sunmak ve i\u00e7eri\u011fin bireysel ihtiya\u00e7 ve ilgilere uyumunu sa\u011flamak i\u00e7in \u00e7erez kullanmaktad\u0131r. Baz\u0131 durumlarda internet sitelerine bireyselle\u015ftirilmi\u015f (ki\u015fiselle\u015ftirilmi\u015f) eri\u015fim ve belirginle\u015ftirme \u00e7erezlere dayanmaktad\u0131r, fakat s\u0131kl\u0131kla bir kullan\u0131c\u0131n\u0131n \u015fifresi ile bir oturum ile yetkilendirilmesi gerekmektedir. Taray\u0131c\u0131da \u00e7erezleri hizmet d\u0131\u015f\u0131 b\u0131rakmak internet sitesindeki hizmetlerin kullan\u0131m\u0131n\u0131 \u00f6nlememektedir, fakat baz\u0131 teknik sorunlara yol a\u00e7abilmektedir. \u00c7erezler, kullan\u0131c\u0131n\u0131n internet sitesini kullan\u0131m\u0131 ile ilgili genel, istatistiki bilgi toplamak i\u00e7in de kullan\u0131lmaktad\u0131r.<\/p>\n\n\n\n<p>M\u00fc\u015fterilerimiz her zaman ve hi\u00e7bir gerek\u00e7e g\u00f6stermeksizin a\u015fa\u011f\u0131da belirtilen ileti\u015fim kanallar\u0131ndan Taze Trend&#8217;e ula\u015farak ki\u015fisel veri kullan\u0131m\u0131-i\u015flenmelerini ve\/veya kendilerine g\u00f6nderilen ticari elektronik ileti\u015fimleri durdurulmas\u0131n\u0131 talep edebilirler. M\u00fc\u015fterilerimizin bu husustaki taleplerinin Taze Trend&#8217;e ula\u015fmas\u0131n\u0131 m\u00fcteakip i\u00e7erisinde ki\u015fisel veri i\u015flemleri ve\/veya elektronik ticari ileti g\u00f6nderimi durdurulur. Ancak y\u00fcr\u00fcrl\u00fckteki mevzuat\u0131n izin verdi\u011fi\/i\u015flenmesi\/saklanmas\u0131\/tutulmas\u0131 zorunlu olan veriler i\u015flenmeye veya ticari elektronik ileti g\u00f6nderimine devam edilebilir. M\u00fc\u015fterilerimiz dilerse ki\u015fisel verilerinin i\u015flenmesi ile ilgili i\u015flemler hakk\u0131nda Taze Trend&#8217;e her zaman ba\u015fvurabilir ve bilgi alabilir.<\/p>\n\n\n\n<p>Taze Trend taraf\u0131ndan m\u00fc\u015fterilerine y\u00fcr\u00fcrl\u00fckteki mevzuata uygun olarak, her t\u00fcrl\u00fc \u00fcr\u00fcn ve hizmetlere ili\u015fkin tan\u0131t\u0131m, reklam, ileti\u015fim, promosyon, sat\u0131\u015f ve pazarlama amac\u0131yla \u00e7e\u015fitli sosyal, ticari ve sair elektronik iletiler SMS\/k\u0131sa mesaj, otomatik arama, e-posta\/mail ve di\u011fer elektronik ileti\u015fim ara\u00e7lar\u0131 arac\u0131l\u0131\u011f\u0131yla g\u00f6nderilebilir.<\/p>\n\n\n\n<p>Taze Trend&#8217;e ait internet sitesi ile ilgili her t\u00fcrl\u00fc bilgi ve i\u00e7erik ile bunlar\u0131n d\u00fczenlenmesi, revizyonu ve k\u0131smen\/tamamen kullan\u0131m\u0131 konusunda t\u00fcm fikri-s\u0131nai haklar ve m\u00fclkiyet haklar\u0131 Taze Trend&#8217;e aittir.<\/p>\n\n\n\n<p>Taze Trend \u00fcyelik iptal i\u015fleminizi \u201cHesab\u0131m\u201d sekmesi alt\u0131nda yer alan \u00dcyelik \u0130ptali se\u00e7ene\u011fi \u00fczerinden i\u015flem yaparak ger\u00e7ekle\u015ftirebilirsiniz.<\/p>\n\n\n\n<p>Taze Trend i\u015fbu Gizlilik S\u00f6zle\u015fmesi\u2019ndeki t\u00fcm maddeleri ve m\u00fc\u015fterilerine sunaca\u011f\u0131 \u00fcr\u00fcn, hizmet ve f\u0131rsatlarda gerekli g\u00f6rebilece\u011fi her t\u00fcrl\u00fc de\u011fi\u015fikli\u011fi yapma hakk\u0131n\u0131 sakl\u0131 tutar; bu de\u011fi\u015fiklikler veya&nbsp;<a href=\"http:\/\/www.tazetrend.com\/\">www.tazetrend.com<\/a><a href=\"http:\/\/www.ciceksepeti.com\/\">&nbsp;<\/a>internet sitesinden veya di\u011fer uygun y\u00f6ntemler ile duyuruldu\u011fu andan itibaren ge\u00e7erli olacakt\u0131r. Taze Trend&#8217;in zaman zaman d\u00fczenleyece\u011fi kampanyalara ili\u015fkin t\u00fcm haklar\u0131 sakl\u0131d\u0131r.<\/p>\n\n\n\n<p>Taze Trend&#8217;e a\u015fa\u011f\u0131da yer alan ileti\u015fim bilgilerinden ula\u015fabilirsiniz.<\/p>\n\n\n\n<p><strong>TAZE BASKI REKLAM MATBAA VE KIRTAS\u0130YE SAN T\u0130C. LTD. \u015eT\u0130.<\/strong><\/p>\n\n\n\n<p>Ayd\u0131nevler Mh. Sancak Sk. No:13-17\/A, 34854 <\/p>\n\n\n\n<p>Maltepe\/\u0130stanbul<\/p>\n\n\n\n<p><a href=\"mailto:info@tazetrend.com\">info@tazetrend.com<\/a><\/p>\n\n\n\n<p>Telefon Numaras\u0131 : <a href=\"https:\/\/www.google.com\/search?q=taze+trend&amp;oq=&amp;sourceid=chrome&amp;ie=UTF-8#\">(0216) 577 01 55<\/a><\/p>\n","protected":false},"excerpt":{"rendered":"<p>\u0130\u015fbu Gizlilik S\u00f6zle\u015fmesi, Taze Bask\u0131 Reklam Matbaa ve K\u0131rtasiye San. Tic. Ltd. \u015eti. &#8216;nin (bundan sonra &#8220;Taze Trend&#8221; olarak an\u0131lacakt\u0131r) sahibi oldu\u011fu&nbsp;www.tazetrend.com&nbsp;internet sitesine ili\u015fkin gizlilik politikas\u0131n\u0131 i\u00e7erir. Taze Trend&#8217;in sahibi oldu\u011fu&nbsp;www.tazetrend.com&nbsp;internet sitesini ziyaret ederek a\u015fa\u011f\u0131daki t\u00fcm y\u00fck\u00fcml\u00fcl\u00fckleri ve kurallar\u0131 kabul etmi\u015f say\u0131lmaktas\u0131n\u0131z. 6698 say\u0131l\u0131 Ki\u015fisel Verilerin Korunmas\u0131 Kanunu kapsam\u0131nda ki\u015fisel veri olarak tan\u0131mlanabilecek m\u00fc\u015fterilerimize ait [&hellip;]<\/p>\n","protected":false},"author":1,"featured_media":0,"parent":0,"menu_order":0,"comment_status":"closed","ping_status":"open","template":"","meta":[],"_links":{"self":[{"href":"https:\/\/www.tazetrend.com\/index.php?rest_route=\/wp\/v2\/pages\/3"}],"collection":[{"href":"https:\/\/www.tazetrend.com\/index.php?rest_route=\/wp\/v2\/pages"}],"about":[{"href":"https:\/\/www.tazetrend.com\/index.php?rest_route=\/wp\/v2\/types\/page"}],"author":[{"embeddable":true,"href":"https:\/\/www.tazetrend.com\/index.php?rest_route=\/wp\/v2\/users\/1"}],"replies":[{"embeddable":true,"href":"https:\/\/www.tazetrend.com\/index.php?rest_route=%2Fwp%2Fv2%2Fcomments&post=3"}],"version-history":[{"count":0,"href":"https:\/\/www.tazetrend.com\/index.php?rest_route=\/wp\/v2\/pages\/3\/revisions"}],"wp:attachment":[{"href":"https:\/\/www.tazetrend.com\/index.php?rest_route=%2Fwp%2Fv2%2Fmedia&parent=3"}],"curies":[{"name":"wp","href":"https:\/\/api.w.org\/{rel}","templated":true}]}}